{"id":1447,"date":"2018-05-01T15:57:30","date_gmt":"2018-05-01T13:57:30","guid":{"rendered":"http:\/\/www.pakal-shop.com\/?page_id=1447"},"modified":"2022-08-12T14:39:25","modified_gmt":"2022-08-12T12:39:25","slug":"terms-conditions","status":"publish","type":"page","link":"https:\/\/www.pakal-shop.com\/fr\/terms-conditions\/","title":{"rendered":"Conditions G\u00e9n\u00e9rales de Vente"},"content":{"rendered":"<h4><span style=\"color: #dcb86c;\">CONDITIONS D'UTILISATION<\/span><\/h4>\n<p>Welcome to our online store! PAKAL provides their services to you subject to the following conditions. If you visit or shop within this website, you accept these terms &amp; conditions. Please read them carefully. \u200b<\/p>\n<h4><span style=\"color: #dcb86c;\">DONN\u00c9ES PERSONNELLES<\/span><\/h4>\n<p>Veuillez consulter notre Politique de Confidentialit\u00e9, qui r\u00e9git \u00e9galement votre visite sur notre site Web, pour comprendre nos pratiques.<\/p>\n<h4><span style=\"color: #dcb86c;\">COMMUNICATIONS \u00c9LECTRONIQUES<\/span><\/h4>\n<p>Lorsque vous visitez www.pakal-shop.com ou que vous nous envoyez des e-mails, vous communiquez avec nous par voie \u00e9lectronique. Vous consentez \u00e0 recevoir des communications de notre part de mani\u00e8re \u00e9lectronique. Nous communiquerons avec vous par e-mail ou en publiant des avis sur ce site. Vous convenez que tous les accords, avis, divulgations et autres communications que nous vous fournissons par voie \u00e9lectronique satisfont \u00e0 toute exigence l\u00e9gale selon laquelle ces communications doivent \u00eatre \u00e9crites.<\/p>\n<h4><span style=\"color: #dcb86c;\">COPYRIGHT<\/span><\/h4>\n<p>Tout le contenu inclus sur ce site, tel que le texte, les graphiques, les logos, les ic\u00f4nes de bouton, les images, les clips audio, les t\u00e9l\u00e9chargements num\u00e9riques, les compilations de donn\u00e9es et les logiciels, est la propri\u00e9t\u00e9 de PAKAL ou de ses fournisseurs de contenu et est prot\u00e9g\u00e9 par les lois internationales sur le droit d'auteur. La compilation de tout le contenu de ce site est la propri\u00e9t\u00e9 exclusive de PAKAL, avec la paternit\u00e9 des droits d'auteur pour cette collection par PAKAL, et prot\u00e9g\u00e9e par les lois internationales sur le droit d'auteur.<\/p>\n<h4><span style=\"color: #dcb86c;\">MARQUES COMMERCIALES<\/span><\/h4>\n<p>La marque commercial de commerce et l'habillage PAKAL ne peut \u00eatre utilis\u00e9\u00e9 en relation avec un produit ou un service qui n'appartient pas \u00e0 PAKAL, d'une mani\u00e8re susceptible de semer la confusion parmi les clients, ou d'une mani\u00e8re qui d\u00e9nigre ou discr\u00e9dite PAKAL. Toutes les autres marques de commerce non d\u00e9tenues par PAKAL ou ses filiales qui apparaissent sur ce site sont la propri\u00e9t\u00e9 de leurs propri\u00e9taires respectifs, qui peuvent ou non \u00eatre affili\u00e9s, connect\u00e9s ou parrain\u00e9s par Pakal ou ses filiales.<\/p>\n<h4><span style=\"color: #dcb86c;\">LICENCE ET ACC\u00c8S AU SITE<\/span><\/h4>\n<p>PAKAL vous accorde une licence limit\u00e9e d'acc\u00e8s et d'utilisation personnelle de ce site et de ne pas le t\u00e9l\u00e9charger (autre que la mise en cache des pages) ou de le modifier, ou toute partie de celui-ci, sauf avec le consentement \u00e9crit expr\u00e8s de PAKAL. Cette licence n'inclut aucune revente ou utilisation commerciale de ce site ou de son contenu : toute collecte et utilisation de toute liste de produits, descriptions ou prix : toute utilisation d\u00e9riv\u00e9e de ce site ou de son contenu : tout t\u00e9l\u00e9chargement ou copie d'informations de compte pour le au profit d'un autre commer\u00e7ant : ou toute utilisation d'outils d'exploration de donn\u00e9es, de robots ou d'outils similaires de collecte et d'extraction de donn\u00e9es. Ce site ou toute partie de ce site ne peut \u00eatre reproduit, dupliqu\u00e9, copi\u00e9, vendu, revendu, visit\u00e9 ou autrement exploit\u00e9 \u00e0 des fins commerciales sans le consentement \u00e9crit expr\u00e8s de PAKAL. Vous ne pouvez pas encadrer ou utiliser des techniques d'encadrement pour joindre une marque, un logo ou d'autres informations exclusives (y compris des images, du texte, une mise en page ou un formulaire) de PAKAL et de nos associ\u00e9s sans autorisation \u00e9crite expresse. Vous ne pouvez pas utiliser de balises m\u00e9ta ou tout autre \"texte cach\u00e9\" utilisant le nom ou les marques de commerce de PAKAL sans le consentement \u00e9crit expr\u00e8s de PAKAL. Toute utilisation non autoris\u00e9e met fin \u00e0 l'autorisation ou \u00e0 la licence accord\u00e9e par Pakal. Vous b\u00e9n\u00e9ficiez d'un droit limit\u00e9, r\u00e9vocable et non exclusif de cr\u00e9er un lien hypertexte vers la page d'accueil de Pakal tant que le lien ne repr\u00e9sente pas PAKAL, ses associ\u00e9s ou leurs produits ou services de mani\u00e8re fausse, trompeuse, d\u00e9sobligeante ou autrement offensante. question. Vous ne pouvez pas utiliser le logo PAKAL ou tout autre graphique de la marque d\u00e9pos\u00e9e sans autorisation \u00e9crite expresse.<\/p>\n<h4><span style=\"color: #dcb86c;\">VOTRE COMPTE DE MEMBRE<\/span><\/h4>\n<p>Si vous utilisez ce site, vous \u00eates responsable du maintien de la confidentialit\u00e9 de votre compte et de votre mot de passe et de la restriction de l'acc\u00e8s \u00e0 votre ordinateur, et vous acceptez d'accepter la responsabilit\u00e9 de toutes les activit\u00e9s qui se produisent sous votre compte ou votre mot de passe. Si vous avez moins de 18 ans, vous ne pouvez utiliser notre site Web qu'avec la participation d'un parent ou d'un tuteur. PAKAL se r\u00e9serve le droit de refuser le service, de r\u00e9silier des comptes, de supprimer ou de modifier du contenu ou d'annuler des commandes \u00e0 sa seule discr\u00e9tion.<\/p>\n<h4><span style=\"color: #dcb86c;\">AVIS, COMMENTAIRES, COURRIELS ET AUTRES CONTENUS<\/span><\/h4>\n<p>Les visiteurs peuvent publier des critiques, des commentaires et d'autres contenus : et soumettre des suggestions, des id\u00e9es, des commentaires, des questions ou d'autres informations, tant que le contenu n'est pas ill\u00e9gal, obsc\u00e8ne, mena\u00e7ant, diffamatoire, intrusif pour la vie priv\u00e9e, enfreignant les droits de propri\u00e9t\u00e9 intellectuelle, ou autrement pr\u00e9judiciable \u00e0 des tiers ou r\u00e9pr\u00e9hensible et ne consiste pas en ou ne contient pas de virus logiciels, de campagne politique, de sollicitation commerciale, de cha\u00eenes de lettres, de publipostage ou de toute forme de \u00ab spam \u00bb. Vous ne pouvez pas utiliser une fausse adresse e-mail, usurper l'identit\u00e9 d'une personne ou d'une entit\u00e9, ou autrement induire en erreur quant \u00e0 l'origine d'une carte ou de tout autre contenu. PAKAL se r\u00e9serve le droit (mais pas l'obligation) de supprimer ou de modifier ce contenu, mais ne r\u00e9vise pas r\u00e9guli\u00e8rement le contenu publi\u00e9. Si vous publiez du contenu ou soumettez du mat\u00e9riel, et sauf indication contraire de notre part, vous accordez \u00e0 PAKAL et \u00e0 ses associ\u00e9s un droit non exclusif, libre de droits, perp\u00e9tuel, irr\u00e9vocable et enti\u00e8rement sous-licenciable d'utiliser, de reproduire, de modifier, d'adapter, de publier, de traduire, de cr\u00e9er des \u0153uvres d\u00e9riv\u00e9es de, distribuent et affichent ce contenu dans le monde entier sur n'importe quel support. Vous accordez \u00e0 PAKAL et \u00e0 ses associ\u00e9s et sous-licenci\u00e9s le droit d'utiliser le nom que vous soumettez en relation avec ce contenu, s'ils le souhaitent. Vous d\u00e9clarez et garantissez que vous poss\u00e9dez ou contr\u00f4lez autrement tous les droits sur le contenu que vous publiez : que le contenu est exact : que l'utilisation du contenu que vous fournissez ne viole pas cette politique et ne causera pas de pr\u00e9judice \u00e0 toute personne ou entit\u00e9 : et que vous indemniserez PAKAL ou ses associ\u00e9s pour toutes les r\u00e9clamations r\u00e9sultant du contenu que vous fournissez. PAKAL a le droit mais non l'obligation de surveiller et de modifier ou de supprimer toute activit\u00e9 ou contenu. PAKAL n'assume aucune responsabilit\u00e9 pour tout contenu publi\u00e9 par vous ou un tiers.<\/p>\n<h4><span style=\"color: #dcb86c;\">RISQUE DE PERTE<\/span><\/h4>\n<p>Tous les articles achet\u00e9s chez PAKAL sont fabriqu\u00e9s conform\u00e9ment \u00e0 un contrat d'exp\u00e9dition. Cela signifie essentiellement que le risque de perte et le titre de ces articles vous sont transf\u00e9r\u00e9s lors de notre livraison au transporteur.<\/p>\n<h4><span style=\"color: #dcb86c;\">DESCRIPTION DES PRODUITS<\/span><\/h4>\n<p>PAKAL et ses associ\u00e9s tentent d'\u00eatre aussi pr\u00e9cis que possible. Cependant, PAKAL ne garantit pas que les descriptions de produits ou tout autre contenu de ce site sont exacts, complets, fiables, \u00e0 jour ou sans erreur. Si un produit offert par PAKAL lui-m\u00eame n'est pas tel que d\u00e9crit, votre seul recours est de le retourner dans un \u00e9tat inutilis\u00e9.<\/p>\n<p>EXCLUSION DE GARANTIES ET LIMITATION DE RESPONSABILIT\u00c9 CE SITE EST FOURNI PAR PAKAL SUR UNE BASE \u00ab TEL QUEL \u00bb ET \u00ab SELON LA DISPONIBILIT\u00c9 \u00bb. PAKAL NE FAIT AUCUNE REPR\u00c9SENTATION OU GARANTIE D'AUCUNE SORTE, EXPRESSE OU IMPLICITE, QUANT AU FONCTIONNEMENT DE CE SITE OU AUX INFORMATIONS, CONTENU, MAT\u00c9RIAUX OU PRODUITS INCLUS SUR CE SITE. VOUS ACCEPTEZ EXPRESS\u00c9MENT QUE VOTRE UTILISATION DE CE SITE EST \u00c0 VOS PROPRES RISQUES. DANS TOUTE LA MESURE PERMISE PAR LA LOI APPLICABLE, PAKAL D\u00c9CLINE TOUTE GARANTIE, EXPRESSE OU IMPLICITE, Y COMPRIS, MAIS SANS S'Y LIMITER, LES GARANTIES IMPLICITES DE QUALIT\u00c9 MARCHANDE ET D'AD\u00c9QUATION \u00c0 UN USAGE PARTICULIER. PAKAL NE GARANTIT PAS QUE CE SITE, SES SERVEURS OU LES E-MAILS ENVOY\u00c9S PAR PAKAL SONT EXEMPTS DE VIRUS OU D'AUTRES COMPOSANTS NUISIBLES. PAKAL NE SERA PAS RESPONSABLE DES DOMMAGES DE QUELQUE NATURE QUE CE SOIT R\u00c9SULTANT DE L'UTILISATION DE CE SITE, Y COMPRIS, MAIS SANS S'Y LIMITER, LES DOMMAGES DIRECTS, INDIRECTS, ACCESSOIRES, PUNITIFS ET CONS\u00c9CUTIFS. CERTAINES LOIS D'\u00c9TAT N'AUTORISENT PAS LES LIMITATIONS SUR LES GARANTIES IMPLICITES OU L'EXCLUSION OU LA LIMITATION DE CERTAINS DOMMAGES. SI CES LOIS S'APPLIQUENT \u00c0 VOUS, CERTAINES OU TOUTES LES EXCLUSIONS, EXCLUSIONS OU LIMITATIONS CI-DESSUS PEUVENT NE PAS S'APPLIQUER \u00c0 VOUS, ET VOUS POURRIEZ AVOIR DES DROITS SUPPL\u00c9MENTAIRES.<\/p>\n<h4><span style=\"color: #dcb86c;\">LOI APPLICABLE<\/span><\/h4>\n<p>En visitant PAKAL, vous acceptez que les lois de l'\u00c9tat fran\u00e7ais, sans \u00e9gard aux principes de conflit de lois, r\u00e9gissent les pr\u00e9sentes Conditions d'utilisation et tout litige de quelque nature que ce soit qui pourrait survenir entre vous et PAKAL.<\/p>\n<h4><span style=\"color: #dcb86c;\">DISPUTES<\/span><\/h4>\n<p>Tout litige relatif de quelque mani\u00e8re que ce soit \u00e0 votre visite sur www.pakal-shop.com ou aux produits que vous achetez via www.pakal-shop.com sera soumis \u00e0 un arbitrage confidentiel en France, sauf que, dans la mesure o\u00f9 vous avez de quelque mani\u00e8re que ce soit viol\u00e9 ou menac\u00e9 de violer les droits de propri\u00e9t\u00e9 intellectuelle de PAKAL, PAKAL peut demander une injonction ou toute autre r\u00e9paration appropri\u00e9e aupr\u00e8s de tout tribunal d'\u00c9tat ou f\u00e9d\u00e9ral de l'\u00c9tat de France, et vous consentez \u00e0 la comp\u00e9tence exclusive de ces tribunaux. L'arbitrage en vertu du pr\u00e9sent accord sera men\u00e9 selon les r\u00e8gles alors en vigueur de la Chambre europ\u00e9enne d'arbitrage. La d\u00e9cision des arbitres est ex\u00e9cutoire et peut \u00eatre inscrite comme jugement devant tout tribunal comp\u00e9tent. Dans toute la mesure permise par la loi applicable, aucun arbitrage en vertu du pr\u00e9sent Accord ne sera joint \u00e0 un arbitrage impliquant toute autre partie soumise au pr\u00e9sent Accord, que ce soit par le biais d'une proc\u00e9dure d'arbitrage collectif ou autrement.<\/p>\n<h4><span style=\"color: #dcb86c;\">POLITIQUES DU SITE, MODIFICATION ET DIVISIBILIT\u00c9<\/span><\/h4>\n<p>Veuillez consulter nos autres politiques, telles que notre politique d'exp\u00e9dition et de retour, affich\u00e9es sur ce site. Ces politiques r\u00e9gissent \u00e9galement votre visite sur www.pakal-shop.com. Nous nous r\u00e9servons le droit d'apporter des modifications \u00e0 notre site, \u00e0 nos politiques et \u00e0 ces conditions d'utilisation \u00e0 tout moment. Si l'une de ces conditions est jug\u00e9e invalide, nulle ou inapplicable pour quelque raison que ce soit, cette condition sera r\u00e9put\u00e9e divisible et n'affectera pas la validit\u00e9 et l'applicabilit\u00e9 de toute condition restante.<\/p>\n<h4><span style=\"color: #dcb86c;\">QUESTIONS:<\/span><\/h4>\n<p>Les questions concernant nos conditions d'utilisation, notre politique de confidentialit\u00e9 ou tout autre document li\u00e9 \u00e0 la politique peuvent \u00eatre adress\u00e9es \u00e0 notre personnel d'assistance en cliquant sur le lien \"Contactez-nous\" dans le menu lat\u00e9ral. Ou vous pouvez nous envoyer un email \u00e0 : contact@pakal-shop.com<\/p>","protected":false},"excerpt":{"rendered":"<p>CONDITIONS OF USE Welcome to our online store! PAKAL provides their services to you subject to the following conditions. If you visit or shop within this website, you accept these terms &amp; conditions. Please read them carefully. \u200b PRIVACY Please review our Privacy Notice, which also governs your visit to our website, to understand our practices. ELECTRONIC COMMUNICATIONS When you&hellip;<\/p>","protected":false},"author":1,"featured_media":0,"parent":0,"menu_order":0,"comment_status":"closed","ping_status":"closed","template":"","meta":{"footnotes":""},"class_list":["post-1447","page","type-page","status-publish","hentry"],"_links":{"self":[{"href":"https:\/\/www.pakal-shop.com\/fr\/wp-json\/wp\/v2\/pages\/1447","targetHints":{"allow":["GET"]}}],"collection":[{"href":"https:\/\/www.pakal-shop.com\/fr\/wp-json\/wp\/v2\/pages"}],"about":[{"href":"https:\/\/www.pakal-shop.com\/fr\/wp-json\/wp\/v2\/types\/page"}],"author":[{"embeddable":true,"href":"https:\/\/www.pakal-shop.com\/fr\/wp-json\/wp\/v2\/users\/1"}],"replies":[{"embeddable":true,"href":"https:\/\/www.pakal-shop.com\/fr\/wp-json\/wp\/v2\/comments?post=1447"}],"version-history":[{"count":8,"href":"https:\/\/www.pakal-shop.com\/fr\/wp-json\/wp\/v2\/pages\/1447\/revisions"}],"predecessor-version":[{"id":4251,"href":"https:\/\/www.pakal-shop.com\/fr\/wp-json\/wp\/v2\/pages\/1447\/revisions\/4251"}],"wp:attachment":[{"href":"https:\/\/www.pakal-shop.com\/fr\/wp-json\/wp\/v2\/media?parent=1447"}],"curies":[{"name":"wp","href":"https:\/\/api.w.org\/{rel}","templated":true}]}}