{"id":4090,"date":"2022-07-15T10:51:02","date_gmt":"2022-07-15T08:51:02","guid":{"rendered":"https:\/\/www.pakal-shop.com\/?page_id=4090"},"modified":"2026-04-03T23:00:34","modified_gmt":"2026-04-03T21:00:34","slug":"qui-a-fabrique-mon-poncho","status":"publish","type":"page","link":"https:\/\/www.pakal-shop.com\/fr\/who-made-my-poncho\/","title":{"rendered":"Qui a fabriqu\u00e9 mon poncho?"},"content":{"rendered":"<section class=\"wpb-content-wrapper\"><div class=\"vc_row wpb_row vc_row-fluid vc_row-o-content-middle vc_row-flex la_fp_slide la_fp_child_section\"><div class=\"wpb_column vc_column_container vc_col-sm-6\"><div class=\"vc_column-inner\"><div class=\"wpb_wrapper\"><h1 style=\"font-size: 40px;color: #dcb86c;text-align: center;font-family:Amatic SC;font-weight:400;font-style:normal\" class=\"vc_custom_heading\" >Qui a fabriqu\u00e9 mon poncho de surf ?<\/h1>\n\t<div class=\"wpb_text_column wpb_content_element\" >\n\t\t<div class=\"wpb_wrapper\">\n\t\t\t<div class=\"h5\" style=\"text-align: center;\">\n<p data-start=\"272\" data-end=\"525\"><span class=\"light\">Chacun de nos <span style=\"color: #dcb86c;\">ponchos faits main<\/span> prend vie dans un petit atelier \u00e0 M\u00e9rida, dans le Yucat\u00e1n, au Mexique \u2014 une r\u00e9gion reconnue pour la richesse de son savoir-faire textile et ses g\u00e9n\u00e9rations d\u2019artisans. C\u2019est ici que commence la v\u00e9ritable histoire, derri\u00e8re chaque poncho.<\/span><\/p>\n<p data-start=\"527\" data-end=\"737\"><span class=\"light\">Cet atelier n\u2019est pas un lieu comme les autres \u2014 il est profond\u00e9ment personnel. Il appartient \u00e0 la famille de Michele, fondatrice de <span style=\"color: #dcb86c;\"><a style=\"color: #dcb86c;\" href=\"https:\/\/www.pakal-shop.com\/fr\/\">Pakal Ethnic<\/a><\/span>, faisant de chaque pi\u00e8ce un v\u00e9ritable poncho artisanal, ancr\u00e9 dans une histoire de confiance, de traditions et de liens humains.<\/span><\/p>\n<p data-start=\"739\" data-end=\"1051\"><span class=\"light\">Aux c\u00f4t\u00e9s d\u2019une petite \u00e9quipe de huit artisans d\u2019h\u00e9ritage maya, Michele et sa famille supervisent chaque \u00e9tape de la fabrication avec soin. Ce travail en proximit\u00e9 permet de valoriser le tissage \u00e0 la main et de cr\u00e9er des pi\u00e8ces authentiques, o\u00f9 chaque poncho surf fait main refl\u00e8te \u00e0 la fois qualit\u00e9 et identit\u00e9.<\/span><\/p>\n<p data-start=\"1053\" data-end=\"1353\"><span class=\"light\">Notre approche est simple : une production responsable, le respect des personnes et une attention port\u00e9e \u00e0 chaque d\u00e9tail. En privil\u00e9giant une fabrication \u00e0 petite \u00e9chelle, nous cr\u00e9ons des ponchos surf \u00e9thiques, pens\u00e9s pour durer, agr\u00e9ables \u00e0 porter apr\u00e8s l\u2019oc\u00e9an, et porteurs de sens \u2014 du geste de l\u2019artisan jusqu'aux moments que vous vivrez avec.<\/span><\/p>\n<\/div>\n<div class=\"h5\"><\/div>\n<div class=\"h5\"><\/div>\n<div class=\"h5\"><\/div>\n<div class=\"h5\"><\/div>\n\n\t\t<\/div>\n\t<\/div>\n<\/div><\/div><\/div><div class=\"wpb_column vc_column_container vc_col-sm-6\"><div class=\"vc_column-inner\"><div class=\"wpb_wrapper\">\n\t<div  class=\"wpb_single_image wpb_content_element vc_align_right\">\n\t\t\n\t\t<figure class=\"wpb_wrapper vc_figure\">\n\t\t\t<div class=\"vc_single_image-wrapper   vc_box_border_grey\"><img fetchpriority=\"high\" decoding=\"async\" class=\"vc_single_image-img\" src=\"https:\/\/www.pakal-shop.com\/wp-content\/uploads\/2022\/07\/P1399409-scaled-700x500.jpg\" width=\"700\" height=\"500\" alt=\"P1399409\" title=\"P1399409\" \/><\/div>\n\t\t<\/figure>\n\t<\/div>\n<\/div><\/div><\/div><\/div><div class=\"vc_row wpb_row vc_row-fluid la_fp_slide la_fp_child_section\"><div class=\"wpb_column vc_column_container vc_col-sm-12\"><div class=\"vc_column-inner\"><div class=\"wpb_wrapper\"><h2 style=\"font-size: 30px;text-align: center;font-family:Montserrat;font-weight:700;font-style:normal\" class=\"vc_custom_heading vc_custom_1775248091620\" >Rencontrez les Artisans<\/h2>\n\t<div class=\"wpb_text_column wpb_content_element\" >\n\t\t<div class=\"wpb_wrapper\">\n\t\t\t<div class=\"h5\" style=\"text-align: center;\"><span class=\"light\">En tant qu'entreprise familiale, nous sommes fiers d'\u00eatre proches de chaque personne impliqu\u00e9e dans le processus de production. Heureux de travailler avec cette \u00e9quipe fantastique, nous avons tenus \u00e0 vous les pr\u00e9senter ! Jetez un coup d'\u0153il aux personnes qui ont particip\u00e9 \u00e0 la conception de ce superbe <span style=\"color: #dcb86c;\"><a style=\"color: #dcb86c;\" href=\"https:\/\/www.pakal-shop.com\/fr\/ponchos-surf\/\">poncho serviette<\/a><\/span>!<\/span><\/div>\n\n\t\t<\/div>\n\t<\/div>\n<\/div><\/div><\/div><\/div><div class=\"vc_row wpb_row vc_row-fluid la_fp_slide la_fp_child_section\"><div class=\"wpb_column vc_column_container vc_col-sm-3\"><div class=\"vc_column-inner\"><div class=\"wpb_wrapper\">\n\t<div  class=\"wpb_single_image wpb_content_element vc_align_center\">\n\t\t\n\t\t<figure class=\"wpb_wrapper vc_figure\">\n\t\t\t<div class=\"vc_single_image-wrapper   vc_box_border_grey\"><img decoding=\"async\" class=\"vc_single_image-img\" src=\"https:\/\/www.pakal-shop.com\/wp-content\/uploads\/2021\/05\/Mami-Webpng-scaled-200x300.jpg\" width=\"200\" height=\"300\" alt=\"Mami-Webpng\" title=\"Mami-Webpng\" \/><\/div>\n\t\t<\/figure>\n\t<\/div>\n<\/div><\/div><\/div><div class=\"wpb_column vc_column_container vc_col-sm-3\"><div class=\"vc_column-inner\"><div class=\"wpb_wrapper\">\n\t<div  class=\"wpb_single_image wpb_content_element vc_align_center\">\n\t\t\n\t\t<figure class=\"wpb_wrapper vc_figure\">\n\t\t\t<div class=\"vc_single_image-wrapper   vc_box_border_grey\"><img decoding=\"async\" class=\"vc_single_image-img\" src=\"https:\/\/www.pakal-shop.com\/wp-content\/uploads\/2021\/05\/Who-made-my-poncho-Web-scaled-200x300.jpg\" width=\"200\" height=\"300\" alt=\"Who-made-my-poncho-Web\" title=\"Who-made-my-poncho-Web\" \/><\/div>\n\t\t<\/figure>\n\t<\/div>\n<\/div><\/div><\/div><div class=\"wpb_column vc_column_container vc_col-sm-3\"><div class=\"vc_column-inner\"><div class=\"wpb_wrapper\">\n\t<div  class=\"wpb_single_image wpb_content_element vc_align_center\">\n\t\t\n\t\t<figure class=\"wpb_wrapper vc_figure\">\n\t\t\t<div class=\"vc_single_image-wrapper   vc_box_border_grey\"><img loading=\"lazy\" decoding=\"async\" class=\"vc_single_image-img\" src=\"https:\/\/www.pakal-shop.com\/wp-content\/uploads\/2022\/07\/Candy-Web-scaled-200x300.jpg\" width=\"200\" height=\"300\" alt=\"Candy Web\" title=\"Candy Web\" \/><\/div>\n\t\t<\/figure>\n\t<\/div>\n<\/div><\/div><\/div><div class=\"wpb_column vc_column_container vc_col-sm-3\"><div class=\"vc_column-inner\"><div class=\"wpb_wrapper\">\n\t<div  class=\"wpb_single_image wpb_content_element vc_align_center\">\n\t\t\n\t\t<figure class=\"wpb_wrapper vc_figure\">\n\t\t\t<div class=\"vc_single_image-wrapper   vc_box_border_grey\"><img loading=\"lazy\" decoding=\"async\" class=\"vc_single_image-img\" src=\"https:\/\/www.pakal-shop.com\/wp-content\/uploads\/2021\/05\/Who-made-my-poncho-Web2-scaled-200x300.jpg\" width=\"200\" height=\"300\" alt=\"Who-made-my-poncho-Web2\" title=\"Who-made-my-poncho-Web2\" \/><\/div>\n\t\t<\/figure>\n\t<\/div>\n<\/div><\/div><\/div><\/div><div class=\"vc_row wpb_row vc_row-fluid la_fp_slide la_fp_child_section\"><div class=\"wpb_column vc_column_container vc_col-sm-3\"><div class=\"vc_column-inner\"><div class=\"wpb_wrapper\">\n\t<div  class=\"wpb_single_image wpb_content_element vc_align_center\">\n\t\t\n\t\t<figure class=\"wpb_wrapper vc_figure\">\n\t\t\t<div class=\"vc_single_image-wrapper   vc_box_border_grey\"><img loading=\"lazy\" decoding=\"async\" class=\"vc_single_image-img\" src=\"https:\/\/www.pakal-shop.com\/wp-content\/uploads\/2021\/05\/Ricardo-Web-scaled-200x300.jpg\" width=\"200\" height=\"300\" alt=\"Ricardo-Web\" title=\"Ricardo-Web\" \/><\/div>\n\t\t<\/figure>\n\t<\/div>\n<\/div><\/div><\/div><div class=\"wpb_column vc_column_container vc_col-sm-3\"><div class=\"vc_column-inner\"><div class=\"wpb_wrapper\">\n\t<div  class=\"wpb_single_image wpb_content_element vc_align_center\">\n\t\t\n\t\t<figure class=\"wpb_wrapper vc_figure\">\n\t\t\t<div class=\"vc_single_image-wrapper   vc_box_border_grey\"><img loading=\"lazy\" decoding=\"async\" class=\"vc_single_image-img\" src=\"https:\/\/www.pakal-shop.com\/wp-content\/uploads\/2022\/07\/Nely-Web-scaled-200x300.jpg\" width=\"200\" height=\"300\" alt=\"Nely Web\" title=\"Nely Web\" \/><\/div>\n\t\t<\/figure>\n\t<\/div>\n<\/div><\/div><\/div><div class=\"wpb_column vc_column_container vc_col-sm-3\"><div class=\"vc_column-inner\"><div class=\"wpb_wrapper\">\n\t<div  class=\"wpb_single_image wpb_content_element vc_align_center\">\n\t\t\n\t\t<figure class=\"wpb_wrapper vc_figure\">\n\t\t\t<div class=\"vc_single_image-wrapper   vc_box_border_grey\"><img loading=\"lazy\" decoding=\"async\" class=\"vc_single_image-img\" src=\"https:\/\/www.pakal-shop.com\/wp-content\/uploads\/2021\/05\/Who-made-my-poncho-Web6-scaled-200x300.jpg\" width=\"200\" height=\"300\" alt=\"Who-made-my-poncho-Web6\" title=\"Who-made-my-poncho-Web6\" \/><\/div>\n\t\t<\/figure>\n\t<\/div>\n<\/div><\/div><\/div><div class=\"wpb_column vc_column_container vc_col-sm-3\"><div class=\"vc_column-inner\"><div class=\"wpb_wrapper\">\n\t<div  class=\"wpb_single_image wpb_content_element vc_align_center\">\n\t\t\n\t\t<figure class=\"wpb_wrapper vc_figure\">\n\t\t\t<div class=\"vc_single_image-wrapper   vc_box_border_grey\"><img loading=\"lazy\" decoding=\"async\" class=\"vc_single_image-img\" src=\"https:\/\/www.pakal-shop.com\/wp-content\/uploads\/2022\/07\/Raul-Web-scaled-200x300.jpg\" width=\"200\" height=\"300\" alt=\"Raul Web\" title=\"Raul Web\" \/><\/div>\n\t\t<\/figure>\n\t<\/div>\n<\/div><\/div><\/div><\/div>\n<\/section>","protected":false},"excerpt":{"rendered":"Who Made My Surf Poncho? Each of our handmade ponchos comes to life in a small workshop in M\u00e9rida, in the Yucat\u00e1n, Mexico \u2014 a region renowned for its rich textile heritage and generations of Mexican sewers. This is where the real story begins, behind the product. This workshop isn\u2019t just any place \u2014 it\u2019s deeply personal. It belongs to&hellip;","protected":false},"author":1,"featured_media":0,"parent":0,"menu_order":0,"comment_status":"closed","ping_status":"closed","template":"","meta":{"footnotes":""},"class_list":["post-4090","page","type-page","status-publish","hentry"],"_links":{"self":[{"href":"https:\/\/www.pakal-shop.com\/fr\/wp-json\/wp\/v2\/pages\/4090","targetHints":{"allow":["GET"]}}],"collection":[{"href":"https:\/\/www.pakal-shop.com\/fr\/wp-json\/wp\/v2\/pages"}],"about":[{"href":"https:\/\/www.pakal-shop.com\/fr\/wp-json\/wp\/v2\/types\/page"}],"author":[{"embeddable":true,"href":"https:\/\/www.pakal-shop.com\/fr\/wp-json\/wp\/v2\/users\/1"}],"replies":[{"embeddable":true,"href":"https:\/\/www.pakal-shop.com\/fr\/wp-json\/wp\/v2\/comments?post=4090"}],"version-history":[{"count":12,"href":"https:\/\/www.pakal-shop.com\/fr\/wp-json\/wp\/v2\/pages\/4090\/revisions"}],"predecessor-version":[{"id":9568,"href":"https:\/\/www.pakal-shop.com\/fr\/wp-json\/wp\/v2\/pages\/4090\/revisions\/9568"}],"wp:attachment":[{"href":"https:\/\/www.pakal-shop.com\/fr\/wp-json\/wp\/v2\/media?parent=4090"}],"curies":[{"name":"wp","href":"https:\/\/api.w.org\/{rel}","templated":true}]}}