{"id":1944,"date":"2019-06-15T18:19:56","date_gmt":"2019-06-15T16:19:56","guid":{"rendered":"http:\/\/www.pakal-shop.com\/?post_type=product&#038;p=1944"},"modified":"2026-02-24T14:48:23","modified_gmt":"2026-02-24T13:48:23","slug":"mexican-blanket-ethnic-rug-diamond","status":"publish","type":"product","link":"https:\/\/www.pakal-shop.com\/fr\/product\/mexican-blanket-ethnic-rug-diamond\/","title":{"rendered":"Couverture mexicaine, tapis ethnique ou Sarap\u00e9 - Diamond"},"content":{"rendered":"<p>Les couvertures mexicaines originales, \u00e9galement connues sous le nom de Sarapes, sont fabriqu\u00e9es \u00e0 la main \u00e0 l'aide d'un m\u00e9tier \u00e0 tisser. Cette technique traditionnelle est pratiqu\u00e9e \u00e0 travers tout le Mexique, avec des motifs qui varient et portent une signification unique pour chaque culture ethnique.<\/p>\n<p>Nos plaids mexicains sont tiss\u00e9s en laine acrylique, ce qui les rend chauds et r\u00e9sistants dans le temps. Ils peuvent servir de tapis de plage ou de couverture ethnique pour vous r\u00e9chauffer et d\u00e9corer d\u2019une touche exotique votre canap\u00e9, votre lit ou votre van.<\/p>\n<p>Ce tapis ou plaid ethnique a \u00e9t\u00e9 tiss\u00e9 dans l'\u00c9tat de Tlaxcala, au centre du Mexique, par des artisans talentueux qui continuent \u00e0 transmettre leur savoir-faire de g\u00e9n\u00e9ration en g\u00e9n\u00e9ration.<\/p>\n<p>Vous pourrez connaitre les personnes qui ont fabriqu\u00e9 cette couverture mexicaine, leur histoire et leur tradition ancestrale en\u00a0<a href=\"https:\/\/www.pakal-shop.com\/fr\/qui-a-fabrique-ma-couverture-mexicaine\/\">Cliquant ici<\/a>.<\/p>\n<p>Choisir nos couvertures mexicaines, c\u2019est non seulement avoir une pi\u00e8ce originale pour un look ethnique authentique, mais aussi choisir de valoriser l\u2019artisanat et la tradition.<\/p>","protected":false},"excerpt":{"rendered":"<p><strong>DESIGN<\/strong><\/p>\n<p>Cette authentique couverture mexicaine est faite \u00e0 la main \u00e0 l\u2019aide d\u2019un m\u00e9tier \u00e0 tisser traditionnel, une technique transmise de g\u00e9n\u00e9ration en g\u00e9n\u00e9ration \u00e0 travers le Mexique. Les motifs varient selon les r\u00e9gions, chacun portant une signification culturelle unique.<\/p>\n<p>Ce design exclusif de notre collection a \u00e9t\u00e9 cr\u00e9\u00e9 en collaboration avec notre artisan partenaire de confiance, incorporant des couleurs vibrantes de l'arc-en-ciel tout en restant fid\u00e8le \u00e0 la tradition. Il fusionne l'art du pop art avec une touche boho-chic, offrant un look \u00e0 la fois frais et intemporel.<\/p>\n<p>Id\u00e9ale pour les journ\u00e9es \u00e0 la plage, les soir\u00e9es cocooning ou comme pi\u00e8ce ma\u00eetresse dans votre int\u00e9rieur, ces couvertures authentiques ajoutent une touche d\u2019exotisme \u00e0 votre quotidien.<\/p>\n<p><strong>PRODUCTION:<\/strong><\/p>\n<p>L'atelier o\u00f9 nos couvertures ethniques sont fabriqu\u00e9es est situ\u00e9 dans une petite ville de l'\u00e9tat de Tlaxcala, au centre du Mexique.<\/p>\n<p>Jetez un \u0153il \u00e0 la vid\u00e9o ci-dessous pour d\u00e9couvrir l'atelier familial d'Ivan, o\u00f9 nos couvertures mexicaines sont confectionn\u00e9es !<\/p>\n<div style=\"width: 100%; min-height: 1px;\" id=\"vimeo-wc-video-69d25da94ff04\" data-js=\"vimeo-wc-video\" data-atts=\"{&quot;autopause&quot;:&quot;true&quot;,&quot;autoplay&quot;:false,&quot;background&quot;:false,&quot;byline&quot;:&quot;false&quot;,&quot;color&quot;:&quot;none&quot;,&quot;controls&quot;:&quot;true&quot;,&quot;dnt&quot;:&quot;true&quot;,&quot;height&quot;:&quot;none&quot;,&quot;id&quot;:false,&quot;loop&quot;:false,&quot;maxheight&quot;:&quot;none&quot;,&quot;maxwidth&quot;:&quot;none&quot;,&quot;muted&quot;:false,&quot;pip&quot;:false,&quot;playsinline&quot;:&quot;true&quot;,&quot;portrait&quot;:&quot;false&quot;,&quot;quality&quot;:&quot;auto&quot;,&quot;responsive&quot;:&quot;true&quot;,&quot;speed&quot;:false,&quot;texttrack&quot;:&quot;none&quot;,&quot;title&quot;:&quot;true&quot;,&quot;transparent&quot;:true,&quot;url&quot;:&quot;https:\\\/\\\/vimeo.com\\\/1028378118&quot;,&quot;width&quot;:&quot;none&quot;}\"><\/div>\n<p>&nbsp;<\/p>\n<p>Apprenez-en plus sur cette tradition ancestrale et sur l\u2019\u00e9quipe de talentueux artisans et artisanes derri\u00e8re nos couvertures en cliquant ici !\u00a0 <span style=\"color: #dcb86c;\"><a style=\"color: #dcb86c;\" href=\"https:\/\/www.pakal-shop.com\/fr\/qui-a-fabrique-ma-couverture-mexicaine\/\">Cliquant ici<\/a><\/span>!<\/p>\n<p><strong>COMPOSITION:<\/strong><\/p>\n<p>Cette couverture mexicaine est tiss\u00e9e \u00e0 la main avec de la laine acrylique \u00e9paisse, ce qui la rend chaude et r\u00e9sistante dans le temps.<\/p>\n<p><strong>TAILLE:<\/strong><\/p>\n<p>2 x 1,30 m\u00e8tres (6,5 x 4,2 pieds)<\/p>\n<p><strong>CONSEILS D'ENTRETIEN:<\/strong><\/p>\n<p>Toutes nos couvertures mexicaines sont lavables en machine. Nous conseillons un lavage \u00e0 l'eau froide.<\/p>\n<p><strong>EMBALLAGE:<\/strong><\/p>\n<p>Nos couvertures mexicaines sont soigneusement pli\u00e9es et emball\u00e9es dans du papier kraft \u00e0 l'int\u00e9rieur d'une bo\u00eete en carton. Nous sommes fiers d\u2019offrir une satisfaction \u00e0 100% sur nos livraisons en utilisant 0% de plastique !<\/p>\n<p>Le prix n'est pas inclus dans le produit. Vous pouvez facilement l\u2019envoyer comme un cadeau original !<\/p>","protected":false},"featured_media":3166,"comment_status":"closed","ping_status":"closed","template":"","meta":[],"product_brand":[],"product_cat":[113],"product_tag":[165,164,114],"class_list":{"0":"post-1944","1":"product","2":"type-product","3":"status-publish","4":"has-post-thumbnail","6":"product_cat-rugs-blankets","7":"product_tag-beach-rug","8":"product_tag-mexican-blanket","9":"product_tag-sarape","11":"first","12":"instock","13":"shipping-taxable","14":"purchasable","15":"product-type-simple","16":"thumb-no-effect","17":"prod-rating-off"},"_links":{"self":[{"href":"https:\/\/www.pakal-shop.com\/fr\/wp-json\/wp\/v2\/product\/1944","targetHints":{"allow":["GET"]}}],"collection":[{"href":"https:\/\/www.pakal-shop.com\/fr\/wp-json\/wp\/v2\/product"}],"about":[{"href":"https:\/\/www.pakal-shop.com\/fr\/wp-json\/wp\/v2\/types\/product"}],"replies":[{"embeddable":true,"href":"https:\/\/www.pakal-shop.com\/fr\/wp-json\/wp\/v2\/comments?post=1944"}],"wp:featuredmedia":[{"embeddable":true,"href":"https:\/\/www.pakal-shop.com\/fr\/wp-json\/wp\/v2\/media\/3166"}],"wp:attachment":[{"href":"https:\/\/www.pakal-shop.com\/fr\/wp-json\/wp\/v2\/media?parent=1944"}],"wp:term":[{"taxonomy":"product_brand","embeddable":true,"href":"https:\/\/www.pakal-shop.com\/fr\/wp-json\/wp\/v2\/product_brand?post=1944"},{"taxonomy":"product_cat","embeddable":true,"href":"https:\/\/www.pakal-shop.com\/fr\/wp-json\/wp\/v2\/product_cat?post=1944"},{"taxonomy":"product_tag","embeddable":true,"href":"https:\/\/www.pakal-shop.com\/fr\/wp-json\/wp\/v2\/product_tag?post=1944"}],"curies":[{"name":"wp","href":"https:\/\/api.w.org\/{rel}","templated":true}]}}