{"id":2089,"date":"2019-07-10T23:36:35","date_gmt":"2019-07-10T21:36:35","guid":{"rendered":"https:\/\/www.pakal-shop.com\/?post_type=product&#038;p=2089"},"modified":"2026-05-13T09:58:39","modified_gmt":"2026-05-13T07:58:39","slug":"poncho-surf-mango-fuchsia","status":"publish","type":"product","link":"https:\/\/www.pakal-shop.com\/fr\/product\/mango-surf-poncho-fuchsia\/","title":{"rendered":"Poncho Surf Eponge Coton Mango \/ Motif Tribal Fuchsia"},"content":{"rendered":"<h2 class=\"h2\" style=\"padding-left: 40px;\"><span class=\"light\" style=\"color: #333333;\"><strong>Design:<\/strong><\/span><\/h2>\n<p style=\"padding-left: 40px;\">Confectionn\u00e9 en \u00e9ponge coton douce dans un magnifique coloris mango, ce poncho de surf m\u00e9lange des tissus mexicains traditionnels avec un motif tribal fuchsia \u00e0 l\u2019int\u00e9rieur de la capuche et des poches, pour une touche ethnique unique et authentique.<\/p>\n<h2 class=\"h2\" style=\"padding-left: 40px;\"><span class=\"light\" style=\"color: #333333;\"><strong>Composition:<\/strong><\/span><\/h2>\n<p style=\"padding-left: 40px;\">Tissu Eponge Coton 360 g\/m2 - Id\u00e9al \u00e9t\u00e9 comme hiver<br \/>\nDoublure de la capuche et des poches : tissu mexicain acrylique<\/p>\n<h2 class=\"h2\" style=\"padding-left: 40px;\"><span class=\"light\" style=\"color: #333333;\"><strong>Votre poncho, \u00e0 votre fa\u00e7on:<\/strong><\/span><\/h2>\n<p style=\"padding-left: 40px;\" data-start=\"102\" data-end=\"299\">Notre poncho aux couleurs exotiques vous garde au chaud apr\u00e8s votre session \u00e0 l\u2019oc\u00e9an et vous prot\u00e8ge lorsque vous enfilez ou retirez votre combinaison. Et justement, Pakal signifie \u00ab refuge \u00bb en langue maya !<\/p>\n<p style=\"padding-left: 40px;\" data-start=\"378\" data-end=\"579\">Emportez-le en road trip, \u00e0 la plage, \u00e0 la piscine ou utilisez-le simplement \u00e0 la maison apr\u00e8s une douche. Ce poncho tout doux est pens\u00e9 pour vous accompagner dans les moments simples comme dans vos aventures les plus m\u00e9morables.<\/p>\n<h2 class=\"h2\" style=\"padding-left: 40px;\"><span style=\"color: #333333;\"><strong>Ce poncho est-il \u00e0 votre taille\u202f?<\/strong><\/span><\/h2>\n<p style=\"padding-left: 40px;\">Notre poncho de surf est disponible en une seule taille <strong>(78 \u00d7 108 cm),<\/strong>con\u00e7u avec une coupe relax pour convenir \u00e0 la plupart des morphologies.\nUn syst\u00e8me r\u00e9glable permet d\u2019adapter la longueur, pour un confort optimal, et convient aux femmes comme aux hommes de <strong>1.55 m to 1.95 m<\/strong>.<\/p>\n<h2 class=\"h2\" style=\"padding-left: 40px;\"><span style=\"color: #333333;\"><strong>Qui a fabriqu\u00e9 ce poncho de plage ?<\/strong><\/span><\/h2>\n<p style=\"padding-left: 40px;\">Tous nos ponchos sont fabriqu\u00e9s par des artisans d\u2019origine maya dans un petit atelier familial du Yucat\u00e1n, au Mexique.<\/p>\n<p style=\"padding-left: 40px;\">D\u00e9couvrez les personnes qui ont donn\u00e9 vie \u00e0 nos ponchos de plage en <span style=\"color: #dcb86c;\"><a style=\"color: #dcb86c;\" href=\"https:\/\/www.pakal-shop.com\/fr\/qui-a-fabrique-mon-poncho\/\">Cliquant ici<\/a><\/span>!<\/p>\n<h2 class=\"h2\" style=\"padding-left: 40px;\"><span style=\"color: #333333;\"><strong>Portez votre poncho en mode sac! <\/strong><\/span><\/h2>\n<p style=\"padding-left: 40px;\">Nos ponchos sont uniques pour de nombreuses raisons, mais l'une de nos caract\u00e9ristiques pr\u00e9f\u00e9r\u00e9es est notre syst\u00e8me original pour transformer le poncho en un petit sac styl\u00e9. Regardez la vid\u00e9o ci-dessous pour voir comment plier le poncho pour le transporter en mode sac. Ressentez la libert\u00e9 \u00e0 la plage avec notre poncho de plage versatile!<\/p>\n<div style=\"max-width: 800px; margin: 0 auto;\">\n<div style=\"position: relative; padding-bottom: 56.25%; height: 0; overflow: hidden;\"><iframe style=\"position: absolute; top: 0; left: 0; width: 100%; height: 100%;\" src=\"https:\/\/player.vimeo.com\/video\/955821453\" frameborder=\"0\" allowfullscreen=\"allowfullscreen\"><br \/>\n<\/iframe><\/div>\n<\/div>\n<h2 class=\"wb_cptb_title\" style=\"padding-left: 40px;\">Conseils d'entretien:<\/h2>\n<p style=\"padding-left: 40px;\">Ce poncho \u00e9ponge est lavable en machine et s\u00e8che rapidement. Nous conseillons un lavage \u00e0 l'eau froide.<\/p>\n<h2 style=\"padding-left: 40px;\"><strong>Emballage:<\/strong><\/h2>\n<p style=\"padding-left: 40px;\">Nos ponchos de surf sont soigneusement pli\u00e9s et emball\u00e9s dans du papier kraft \u00e0 l'int\u00e9rieur d'une bo\u00eete en carton. Nous sommes fiers d'avoir 100% de satisfaction sur nos livraisons en utilisant 0% de plastique !<\/p>\n<p style=\"padding-left: 40px;\">Le prix ne figure pas sur le produit. Nous pouvons facilement l'exp\u00e9dier directement au chanceux comme un cadeau original !<\/p>","protected":false},"excerpt":{"rendered":"<p data-start=\"170\" data-end=\"472\">Le poncho de surf Mango est doux et color\u00e9, m\u00ealant coton \u00e9ponge et tissus mexicains. Parfait pour se d\u00e9tendre apr\u00e8s votre session et se replie en un petit sac pratique pour suivre toutes vos aventures, votre compagnon id\u00e9al au bord de l\u2019oc\u00e9an!<\/p>\n<div style=\"height: 20px;\"><\/div>\n<h2 data-section-id=\"1iz91iu\" data-start=\"165\" data-end=\"181\"><\/h2>\n<h2 data-section-id=\"1iz91iu\" data-start=\"165\" data-end=\"181\"><span style=\"color: #333333;\"><strong>CE QUI FAIT LA DIFF\u00c9RENECE:<\/strong><\/span><\/h2>\n<ul data-start=\"183\" data-end=\"893\">\n<li data-section-id=\"2tiplb\" data-start=\"138\" data-end=\"211\"><strong data-start=\"140\" data-end=\"164\">\u00c9ponge coton premium:<\/strong>Doux, absorbant, id\u00e9al apr\u00e8s une session de surf<\/li>\n<li data-section-id=\"16cffnr\" data-start=\"212\" data-end=\"276\"><strong data-start=\"214\" data-end=\"239\">Design mexicain ethnique: <\/strong>D\u00e9tails en tissu traditionnel tiss\u00e9<\/li>\n<li data-section-id=\"1gp9aa4\" data-start=\"277\" data-end=\"341\"><strong data-start=\"279\" data-end=\"297\">Longueur modulable:<\/strong> Syst\u00e8me lat\u00e9ral pour ajuster la longueur<\/li>\n<li data-section-id=\"q5dxdf\" data-start=\"342\" data-end=\"400\"><strong data-start=\"344\" data-end=\"358\">Coupe unisexe:<\/strong> Design relax pour femmes et hommes<\/li>\n<li data-section-id=\"lhb0lj\" data-start=\"401\" data-end=\"465\"><strong data-start=\"403\" data-end=\"423\">Mode sac:<\/strong> Se replie en sac pratique et facile \u00e0 porter<\/li>\n<li data-section-id=\"15kpu29\" data-start=\"466\" data-end=\"531\"><strong data-start=\"468\" data-end=\"490\">Fait main au Mexique:<\/strong> Confectionn\u00e9 par des artisans mayas du Yucat\u00e1n<\/li>\n<\/ul>\n<p>&nbsp;<\/p>\n<h2><span style=\"color: #333333;\"><strong>RENCONTREZ LES ARTISANS: <\/strong><\/span><\/h2>\n<p>D\u00e9couvrez les personnes qui ont particip\u00e9 \u00e0 la fabrication de ce superbe poncho \u00e9ponge en <span style=\"color: #dcb86c;\"><a style=\"color: #dcb86c;\" href=\"https:\/\/www.pakal-shop.com\/fr\/qui-a-fabrique-mon-poncho\/\">Cliquant ici<\/a><\/span>!<\/p>","protected":false},"featured_media":2943,"comment_status":"open","ping_status":"closed","template":"","meta":[],"product_brand":[],"product_cat":[98,112],"product_tag":[],"class_list":{"0":"post-2089","1":"product","2":"type-product","3":"status-publish","4":"has-post-thumbnail","6":"product_cat-women-men-surf-ponchos","7":"product_cat-surf-poncho","9":"first","10":"instock","11":"shipping-taxable","12":"purchasable","13":"product-type-simple","14":"thumb-no-effect","15":"prod-rating-off"},"_links":{"self":[{"href":"https:\/\/www.pakal-shop.com\/fr\/wp-json\/wp\/v2\/product\/2089","targetHints":{"allow":["GET"]}}],"collection":[{"href":"https:\/\/www.pakal-shop.com\/fr\/wp-json\/wp\/v2\/product"}],"about":[{"href":"https:\/\/www.pakal-shop.com\/fr\/wp-json\/wp\/v2\/types\/product"}],"replies":[{"embeddable":true,"href":"https:\/\/www.pakal-shop.com\/fr\/wp-json\/wp\/v2\/comments?post=2089"}],"wp:featuredmedia":[{"embeddable":true,"href":"https:\/\/www.pakal-shop.com\/fr\/wp-json\/wp\/v2\/media\/2943"}],"wp:attachment":[{"href":"https:\/\/www.pakal-shop.com\/fr\/wp-json\/wp\/v2\/media?parent=2089"}],"wp:term":[{"taxonomy":"product_brand","embeddable":true,"href":"https:\/\/www.pakal-shop.com\/fr\/wp-json\/wp\/v2\/product_brand?post=2089"},{"taxonomy":"product_cat","embeddable":true,"href":"https:\/\/www.pakal-shop.com\/fr\/wp-json\/wp\/v2\/product_cat?post=2089"},{"taxonomy":"product_tag","embeddable":true,"href":"https:\/\/www.pakal-shop.com\/fr\/wp-json\/wp\/v2\/product_tag?post=2089"}],"curies":[{"name":"wp","href":"https:\/\/api.w.org\/{rel}","templated":true}]}}