{"id":2424,"date":"2020-08-22T14:02:09","date_gmt":"2020-08-22T12:02:09","guid":{"rendered":"https:\/\/www.pakal-shop.com\/?post_type=product&#038;p=2424"},"modified":"2023-02-20T15:07:07","modified_gmt":"2023-02-20T14:07:07","slug":"selva-fringe-hammock-teal","status":"publish","type":"product","link":"https:\/\/www.pakal-shop.com\/fr\/product\/selva-fringe-hammock-teal\/","title":{"rendered":"Selva Fringe Hammock \/ Teal"},"content":{"rendered":"","protected":false},"excerpt":{"rendered":"<p>This comfortable hammock in teal green has been woven by hand during more than a week in the Yucatan Peninsula.<\/p>\n<p>Made with nylon threads this traditional mayan hammock has been finished with elegant hanging fringes in the edges<\/p>\n<p>Long de 4 m\u00e8tres, ce hamac est id\u00e9al pour une personne mais peut occasionnellement servir \u00e0 deux personnes.<\/p>\n<p>Our hammocks are 4 meters long and extremely wide! You can nap alone, in couple or with the whole family! Furthermore, the resistance of the woven threads can stand through rain, time and over 500 kg weight!<\/p>\n<p>Gr\u00e2ce \u00e0 son tissage, ce hamac est frais et id\u00e9al pour une sieste pendant les jours d'\u00e9t\u00e9. Dans le Yucatan, la temp\u00e9rature est souvent sup\u00e9rieure \u00e0 40 \u00b0 C. La technique de fabrication est con\u00e7ue pour apporter de la fra\u00eecheur \u00e0 travers les mailles afin d'assurer un maximum de confort.<\/p>\n<p>Nos hamacs sont vendus avec des cordes sp\u00e9ciales pour les suspendre et sont facilement transportables gr\u00e2ce \u00e0 leur petit sac.<\/p>\n<p><strong>COMPOSITION:\u00a0<\/strong>100% NYLON<\/p>\n<p><strong>DIMENSION:<\/strong>\u00a04 M DE LONG<\/p>\n<p><strong>CAPACIT\u00c9:\u00a0<\/strong>MAX 4 PERSONNES<\/p>\n<p><strong>FAIT MAIN DANS LE YUCATAN<\/strong><\/p>","protected":false},"featured_media":2926,"comment_status":"closed","ping_status":"closed","template":"","meta":[],"product_brand":[],"product_cat":[163],"product_tag":[],"class_list":{"0":"post-2424","1":"product","2":"type-product","3":"status-publish","4":"has-post-thumbnail","6":"product_cat-discontinued-products-test","8":"first","9":"outofstock","10":"shipping-taxable","11":"purchasable","12":"product-type-simple","13":"thumb-no-effect","14":"prod-rating-off"},"_links":{"self":[{"href":"https:\/\/www.pakal-shop.com\/fr\/wp-json\/wp\/v2\/product\/2424","targetHints":{"allow":["GET"]}}],"collection":[{"href":"https:\/\/www.pakal-shop.com\/fr\/wp-json\/wp\/v2\/product"}],"about":[{"href":"https:\/\/www.pakal-shop.com\/fr\/wp-json\/wp\/v2\/types\/product"}],"replies":[{"embeddable":true,"href":"https:\/\/www.pakal-shop.com\/fr\/wp-json\/wp\/v2\/comments?post=2424"}],"wp:featuredmedia":[{"embeddable":true,"href":"https:\/\/www.pakal-shop.com\/fr\/wp-json\/wp\/v2\/media\/2926"}],"wp:attachment":[{"href":"https:\/\/www.pakal-shop.com\/fr\/wp-json\/wp\/v2\/media?parent=2424"}],"wp:term":[{"taxonomy":"product_brand","embeddable":true,"href":"https:\/\/www.pakal-shop.com\/fr\/wp-json\/wp\/v2\/product_brand?post=2424"},{"taxonomy":"product_cat","embeddable":true,"href":"https:\/\/www.pakal-shop.com\/fr\/wp-json\/wp\/v2\/product_cat?post=2424"},{"taxonomy":"product_tag","embeddable":true,"href":"https:\/\/www.pakal-shop.com\/fr\/wp-json\/wp\/v2\/product_tag?post=2424"}],"curies":[{"name":"wp","href":"https:\/\/api.w.org\/{rel}","templated":true}]}}