{"id":2440,"date":"2020-08-22T14:35:57","date_gmt":"2020-08-22T12:35:57","guid":{"rendered":"https:\/\/www.pakal-shop.com\/?post_type=product&#038;p=2440"},"modified":"2025-04-08T16:13:48","modified_gmt":"2025-04-08T14:13:48","slug":"terra-hammock-burgundy-red","status":"publish","type":"product","link":"https:\/\/www.pakal-shop.com\/fr\/product\/terra-hammock-burgundy-red\/","title":{"rendered":"Hamac Mexicain Maya Filet Coton avec Crochet \/ Terra Bordeaux"},"content":{"rendered":"","protected":false},"excerpt":{"rendered":"<p>Ce confortable hamac mexicain couleur Bordeaux a \u00e9t\u00e9 tiss\u00e9 \u00e0 la main pendant plusieurs jours par les indiens mayas du Yucatan au Mexique.<\/p>\n<p>Fabriqu\u00e9 avec des fils en coton naturel, il est bord\u00e9 d\u2019une belle finition en crochet.<\/p>\n<p>Cet authentique hamac maya d\u00e9corera avec \u00e9l\u00e9gance votre espace int\u00e9rieur ou ext\u00e9rieur pendant vos moments de d\u00e9tente.<\/p>\n<p>Long de 4 m\u00e8tres, ce hamac est extr\u00eamement large, vous pourrez l\u2019utiliser seul, en couple ou avec toute la famille.<\/p>\n<p>Gr\u00e2ce \u00e0 son tissage, ce hamac est frais et id\u00e9al pour une sieste pendant les jours d'\u00e9t\u00e9. Dans le Yucatan, la temp\u00e9rature est souvent sup\u00e9rieure \u00e0 40 \u00b0 C. La technique de fabrication est con\u00e7ue pour apporter de la fra\u00eecheur \u00e0 travers les mailles afin d'assurer un maximum de confort.<\/p>\n<p>Nos hamacs sont vendus avec des cordes sp\u00e9ciales pour les suspendre et sont facilement transportables gr\u00e2ce \u00e0 leur petit sac.<\/p>\n<p>Vous pourrez savoir qui a fabriqu\u00e9 votre hamac et conna\u00eetre cette tradition ancestrale de la communaut\u00e9 maya en <a href=\"https:\/\/www.pakal-shop.com\/fr\/qui-a-fabrique-mon-hamac\/\"><span style=\"color: #dcb86c;\">Cliquant ici<\/span><\/a>.<\/p>\n<p><strong>COMPOSITION:<\/strong> Corps 100% coton \/ Finitions crochet 100% Nylon<\/p>\n<p><strong>DIMENSION:<\/strong> 4 M DE LONG<\/p>\n<p><strong>CAPACIT\u00c9: <\/strong>MAX 4 PERSONNES<\/p>\n<p><strong>FAIT MAIN DANS LE YUCATAN<\/strong><\/p>","protected":false},"featured_media":2892,"comment_status":"closed","ping_status":"closed","template":"","meta":[],"product_brand":[],"product_cat":[97,163],"product_tag":[],"class_list":{"0":"post-2440","1":"product","2":"type-product","3":"status-publish","4":"has-post-thumbnail","6":"product_cat-non-classe","7":"product_cat-discontinued-products-test","9":"first","10":"outofstock","11":"shipping-taxable","12":"purchasable","13":"product-type-simple","14":"thumb-no-effect","15":"prod-rating-off"},"_links":{"self":[{"href":"https:\/\/www.pakal-shop.com\/fr\/wp-json\/wp\/v2\/product\/2440","targetHints":{"allow":["GET"]}}],"collection":[{"href":"https:\/\/www.pakal-shop.com\/fr\/wp-json\/wp\/v2\/product"}],"about":[{"href":"https:\/\/www.pakal-shop.com\/fr\/wp-json\/wp\/v2\/types\/product"}],"replies":[{"embeddable":true,"href":"https:\/\/www.pakal-shop.com\/fr\/wp-json\/wp\/v2\/comments?post=2440"}],"wp:featuredmedia":[{"embeddable":true,"href":"https:\/\/www.pakal-shop.com\/fr\/wp-json\/wp\/v2\/media\/2892"}],"wp:attachment":[{"href":"https:\/\/www.pakal-shop.com\/fr\/wp-json\/wp\/v2\/media?parent=2440"}],"wp:term":[{"taxonomy":"product_brand","embeddable":true,"href":"https:\/\/www.pakal-shop.com\/fr\/wp-json\/wp\/v2\/product_brand?post=2440"},{"taxonomy":"product_cat","embeddable":true,"href":"https:\/\/www.pakal-shop.com\/fr\/wp-json\/wp\/v2\/product_cat?post=2440"},{"taxonomy":"product_tag","embeddable":true,"href":"https:\/\/www.pakal-shop.com\/fr\/wp-json\/wp\/v2\/product_tag?post=2440"}],"curies":[{"name":"wp","href":"https:\/\/api.w.org\/{rel}","templated":true}]}}