{"id":2610,"date":"2020-10-03T18:50:49","date_gmt":"2020-10-03T16:50:49","guid":{"rendered":"https:\/\/www.pakal-shop.com\/?post_type=product&#038;p=2610"},"modified":"2023-02-17T14:48:24","modified_gmt":"2023-02-17T13:48:24","slug":"black-kid-surf-poncho-tribal-pattern","status":"publish","type":"product","link":"https:\/\/www.pakal-shop.com\/fr\/product\/black-kid-surf-poncho-tribal-pattern\/","title":{"rendered":"Black Kid Surf Poncho Hooded Towel \/ Tribal Pattern"},"content":{"rendered":"","protected":false},"excerpt":{"rendered":"<p>The Black Kid Surf Poncho is made with soft plush 100% cotton towel. The design mixes handmade Mexican woven fabric with a colourful tribal pattern inside the hoody and pockets giving a unique ethnic style!<\/p>\n<p>Les qualit\u00e9s de ce poncho de bain ne s'arr\u00eatent pas l\u00e0\u2026 il est aussi astucieusement con\u00e7u pour \u00eatre repli\u00e9 \u00e0 l'int\u00e9rieur de la capuche pour \u00eatre transport\u00e9 comme un petit sac.<\/p>\n<p>This changing poncho is perfect for kids from 4 to 10 years old. It comes with an adjustable system that allows you to shorten the length of the poncho to fit your child\u2019s height.<\/p>\n<p>Nos ponchos \u00e9ponge pour enfant sont uniques et fabriqu\u00e9s par des artisans d'origine Maya dans un petit atelier familial du Yucatan, au Mexique.<\/p>\n<p>D\u00e9couvrez les personnes qui confectionnent nos ponchos en <a href=\"https:\/\/www.pakal-shop.com\/fr\/qui-a-fabrique-mon-poncho\/\"><span style=\"color: #dcb86c;\">Cliquant ici<\/span><\/a><\/p>\n<p>Tous nos ponchos pour enfant sont lavables en machine et s\u00e8chent rapidement.<\/p>\n<p>Composition:<\/p>\n<p>Tissu Eponge Coton 360 g\/m2<br \/>\nDoublure de la capuche et des poches : tissu mexicain acrylique<\/p>\n<p>Measures: 80 x 60 cm.<\/p>","protected":false},"featured_media":0,"comment_status":"closed","ping_status":"closed","template":"","meta":[],"product_brand":[],"product_cat":[163,97],"product_tag":[105,104,107,106,108],"class_list":{"0":"post-2610","1":"product","2":"type-product","3":"status-publish","5":"product_cat-discontinued-products-test","6":"product_cat-non-classe","7":"product_tag-children","8":"product_tag-kid","9":"product_tag-poncho","10":"product_tag-surf","11":"product_tag-towel","13":"first","14":"outofstock","15":"shipping-taxable","16":"purchasable","17":"product-type-simple","18":"thumb-no-effect","19":"prod-rating-off"},"_links":{"self":[{"href":"https:\/\/www.pakal-shop.com\/fr\/wp-json\/wp\/v2\/product\/2610","targetHints":{"allow":["GET"]}}],"collection":[{"href":"https:\/\/www.pakal-shop.com\/fr\/wp-json\/wp\/v2\/product"}],"about":[{"href":"https:\/\/www.pakal-shop.com\/fr\/wp-json\/wp\/v2\/types\/product"}],"replies":[{"embeddable":true,"href":"https:\/\/www.pakal-shop.com\/fr\/wp-json\/wp\/v2\/comments?post=2610"}],"wp:attachment":[{"href":"https:\/\/www.pakal-shop.com\/fr\/wp-json\/wp\/v2\/media?parent=2610"}],"wp:term":[{"taxonomy":"product_brand","embeddable":true,"href":"https:\/\/www.pakal-shop.com\/fr\/wp-json\/wp\/v2\/product_brand?post=2610"},{"taxonomy":"product_cat","embeddable":true,"href":"https:\/\/www.pakal-shop.com\/fr\/wp-json\/wp\/v2\/product_cat?post=2610"},{"taxonomy":"product_tag","embeddable":true,"href":"https:\/\/www.pakal-shop.com\/fr\/wp-json\/wp\/v2\/product_tag?post=2610"}],"curies":[{"name":"wp","href":"https:\/\/api.w.org\/{rel}","templated":true}]}}