{"id":2671,"date":"2020-10-25T10:18:46","date_gmt":"2020-10-25T09:18:46","guid":{"rendered":"https:\/\/www.pakal-shop.com\/?post_type=product&#038;p=2671"},"modified":"2023-05-10T16:37:32","modified_gmt":"2023-05-10T14:37:32","slug":"kids-surf-poncho-black-reggae","status":"publish","type":"product","link":"https:\/\/www.pakal-shop.com\/fr\/product\/kids-surf-poncho-black-reggae\/","title":{"rendered":"Poncho de Surf Enfant \u00c9ponge Black Reggae"},"content":{"rendered":"<p><strong>COMPOSITION<\/strong>:<\/p>\n<p>Tissu Eponge Coton 360 g\/m2 - Id\u00e9al \u00e9t\u00e9 comme hiver<br \/>\nDoublure de la capuche et des poches : tissu mexicain acrylique<\/p>\n<p><strong>TAILLE:\u00a0<\/strong>Nos ponchos de surf enfant sont disponibles en taille unique: 80 cm de large x 60 cm de long. Con\u00e7u avec un syst\u00e8me r\u00e9glable pour adapter la longueur pour les enfants entre 4 et 10 ans.<\/p>\n<p><strong>MADE IN:<\/strong> M\u00e9rida, Yucatan, Mexique. D\u00e9couvrez les personnes qui ont fabriqu\u00e9 nos ponchos surf enfant en <span style=\"color: #dcb86c;\"><a style=\"color: #dcb86c;\" href=\"https:\/\/www.pakal-shop.com\/fr\/qui-a-fabrique-mon-poncho\/\">Cliquant ici<\/a><\/span>!<\/p>\n<p><strong>CONSEILS D'ENTRETIEN:\u00a0<\/strong>Ce poncho \u00e9ponge est lavable en machine et s\u00e8che rapidement. Nous conseillons un lavage \u00e0 l'eau froide.<\/p>","protected":false},"excerpt":{"rendered":"<p>Rendez la vie encore plus douce \u00e0 la plage pour vos petits avec nos confortables Ponchos Surf Enfants !<\/p>\n<p>Notre poncho de surf enfant Black Reggae est fabriqu\u00e9 en tissu \u00e9ponge coton doux et ultra-confort en couleur noir. Il est assorti \u00e0 un tissu mexicain traditionnel aux motifs tribaux en couleur reggae \u00e0 l'int\u00e9rieur de la capuche et des poches. Un mix de couleurs et de mati\u00e8res pour un style ethnique unique et authentique!<\/p>\n<p>Parfait pour les enfants de 4 \u00e0 10 ans, ce poncho de plage est muni d\u2019un syst\u00e8me r\u00e9glable qui vous permet de raccourcir la longueur pour l'adapter \u00e0 la taille de votre petit.<\/p>\n<p>Notre poncho surf pour enfants aidera votre petit \u00e0 changer de v\u00eatements ainsi qu'\u00e0 rester au sec et au chaud apr\u00e8s un plouf \u00e0 l'oc\u00e9an. Mais les qualit\u00e9s de ce poncho de bain ne s'arr\u00eatent pas l\u00e0\u2026 il est aussi astucieusement con\u00e7u pour \u00eatre repli\u00e9 \u00e0 l'int\u00e9rieur de la capuche pour \u00eatre transport\u00e9 comme un petit sac.<\/p>\n<p>These unique kids ponchos are lovingly crafted by artisans of Mayan backgrounds in a small, family-run workshop in Yucatan, Mexico. We&#8217;re proud to work with such a fantastic team, and we invite you to take a closer look at the people who brought this awesome towel poncho to life by <span style=\"color: #dcb86c;\"><a style=\"color: #dcb86c;\" href=\"http:\/\/www.pakal-shop.com\/fr\/story\/\">Cliquant ici<\/a><\/span>.<\/p>","protected":false},"featured_media":3703,"comment_status":"closed","ping_status":"closed","template":"","meta":[],"product_brand":[],"product_cat":[163,97],"product_tag":[105,104,107,106,108],"class_list":{"0":"post-2671","1":"product","2":"type-product","3":"status-publish","4":"has-post-thumbnail","6":"product_cat-discontinued-products-test","7":"product_cat-non-classe","8":"product_tag-children","9":"product_tag-kid","10":"product_tag-poncho","11":"product_tag-surf","12":"product_tag-towel","14":"first","15":"outofstock","16":"shipping-taxable","17":"purchasable","18":"product-type-simple","19":"thumb-no-effect","20":"prod-rating-off"},"_links":{"self":[{"href":"https:\/\/www.pakal-shop.com\/fr\/wp-json\/wp\/v2\/product\/2671","targetHints":{"allow":["GET"]}}],"collection":[{"href":"https:\/\/www.pakal-shop.com\/fr\/wp-json\/wp\/v2\/product"}],"about":[{"href":"https:\/\/www.pakal-shop.com\/fr\/wp-json\/wp\/v2\/types\/product"}],"replies":[{"embeddable":true,"href":"https:\/\/www.pakal-shop.com\/fr\/wp-json\/wp\/v2\/comments?post=2671"}],"wp:featuredmedia":[{"embeddable":true,"href":"https:\/\/www.pakal-shop.com\/fr\/wp-json\/wp\/v2\/media\/3703"}],"wp:attachment":[{"href":"https:\/\/www.pakal-shop.com\/fr\/wp-json\/wp\/v2\/media?parent=2671"}],"wp:term":[{"taxonomy":"product_brand","embeddable":true,"href":"https:\/\/www.pakal-shop.com\/fr\/wp-json\/wp\/v2\/product_brand?post=2671"},{"taxonomy":"product_cat","embeddable":true,"href":"https:\/\/www.pakal-shop.com\/fr\/wp-json\/wp\/v2\/product_cat?post=2671"},{"taxonomy":"product_tag","embeddable":true,"href":"https:\/\/www.pakal-shop.com\/fr\/wp-json\/wp\/v2\/product_tag?post=2671"}],"curies":[{"name":"wp","href":"https:\/\/api.w.org\/{rel}","templated":true}]}}