{"id":2998,"date":"2021-05-16T18:20:53","date_gmt":"2021-05-16T16:20:53","guid":{"rendered":"https:\/\/www.pakal-shop.com\/?post_type=product&#038;p=2998"},"modified":"2025-04-08T16:18:19","modified_gmt":"2025-04-08T14:18:19","slug":"ocelote-mayan-handmade-hammock","status":"publish","type":"product","link":"https:\/\/www.pakal-shop.com\/fr\/product\/ocelote-mayan-handmade-hammock\/","title":{"rendered":"Hamac Mexicain Maya Filet Coton \/ Ocelote"},"content":{"rendered":"","protected":false},"excerpt":{"rendered":"<p>Ce confortable hamac traditionnel mexicain a \u00e9t\u00e9 tiss\u00e9 \u00e0 la main dans la p\u00e9ninsule du Yucatan.<\/p>\n<p>Fabriqu\u00e9 avec des fils en coton naturel blancs et beige, son design a \u00e9t\u00e9 inspir\u00e9 des couleurs d'une esp\u00e8ce de felin end\u00e9mique du Yucatan appel\u00e9 Ocelote.\nCet authentique hamac Maya d\u00e9corera avec \u00e9l\u00e9gance votre espace int\u00e9rieur ou ext\u00e9rieur pendant vos moments de d\u00e9tente.<\/p>\n<p>Gr\u00e2ce \u00e0 son tissage, ce hamac est frais et id\u00e9al pour une sieste pendant les jours d'\u00e9t\u00e9. Dans le Yucatan, la temp\u00e9rature est souvent sup\u00e9rieure \u00e0 40 \u00b0 C. La technique de fabrication est con\u00e7ue pour apporter de la fra\u00eecheur \u00e0 travers les mailles afin d'assurer un maximum de confort.<\/p>\n<p>Nos hamacs sont vendus avec des cordes sp\u00e9ciales pour les suspendre et sont facilement transportables gr\u00e2ce \u00e0 leur petit sac.<\/p>\n<p>Vous pourrez savoir qui a fabriqu\u00e9 votre hamac et conna\u00eetre cette tradition ancestrale de la communaut\u00e9 maya en <a href=\"https:\/\/www.pakal-shop.com\/fr\/qui-a-fabrique-mon-hamac\/\"><span style=\"color: #dcb86c;\">Cliquant ici<\/span><\/a>.<\/p>\n<p><strong>COMPOSITION:\u00a0<\/strong>100% Coton<\/p>\n<p><strong>DIMENSION:<\/strong>\u00a04 M DE LONG<\/p>\n<p><strong>CAPACIT\u00c9: <\/strong>PARFAIT POUR 1 PERSONNE<\/p>\n<p><strong>FAIT MAIN DANS LE YUCATAN<\/strong><\/p>","protected":false},"featured_media":2995,"comment_status":"closed","ping_status":"closed","template":"","meta":[],"product_brand":[],"product_cat":[97],"product_tag":[],"class_list":{"0":"post-2998","1":"product","2":"type-product","3":"status-publish","4":"has-post-thumbnail","6":"product_cat-non-classe","8":"first","9":"outofstock","10":"shipping-taxable","11":"purchasable","12":"product-type-simple","13":"thumb-no-effect","14":"prod-rating-off"},"_links":{"self":[{"href":"https:\/\/www.pakal-shop.com\/fr\/wp-json\/wp\/v2\/product\/2998","targetHints":{"allow":["GET"]}}],"collection":[{"href":"https:\/\/www.pakal-shop.com\/fr\/wp-json\/wp\/v2\/product"}],"about":[{"href":"https:\/\/www.pakal-shop.com\/fr\/wp-json\/wp\/v2\/types\/product"}],"replies":[{"embeddable":true,"href":"https:\/\/www.pakal-shop.com\/fr\/wp-json\/wp\/v2\/comments?post=2998"}],"wp:featuredmedia":[{"embeddable":true,"href":"https:\/\/www.pakal-shop.com\/fr\/wp-json\/wp\/v2\/media\/2995"}],"wp:attachment":[{"href":"https:\/\/www.pakal-shop.com\/fr\/wp-json\/wp\/v2\/media?parent=2998"}],"wp:term":[{"taxonomy":"product_brand","embeddable":true,"href":"https:\/\/www.pakal-shop.com\/fr\/wp-json\/wp\/v2\/product_brand?post=2998"},{"taxonomy":"product_cat","embeddable":true,"href":"https:\/\/www.pakal-shop.com\/fr\/wp-json\/wp\/v2\/product_cat?post=2998"},{"taxonomy":"product_tag","embeddable":true,"href":"https:\/\/www.pakal-shop.com\/fr\/wp-json\/wp\/v2\/product_tag?post=2998"}],"curies":[{"name":"wp","href":"https:\/\/api.w.org\/{rel}","templated":true}]}}