{"id":3085,"date":"2021-05-27T19:37:05","date_gmt":"2021-05-27T17:37:05","guid":{"rendered":"https:\/\/www.pakal-shop.com\/?post_type=product&#038;p=3085"},"modified":"2025-11-30T22:07:16","modified_gmt":"2025-11-30T21:07:16","slug":"mango-towel-surf-dress-reggae-wave-fabric","status":"publish","type":"product","link":"https:\/\/www.pakal-shop.com\/fr\/product\/mango-towel-surf-dress-reggae-wave-fabric\/","title":{"rendered":"Robe \u00c9ponge Mango \u00ab After Surf \u00bb - Motif Black Reggae"},"content":{"rendered":"<p><strong>COMPOSITION<\/strong>:<\/p>\n<p>Tissu \u00e9ponge coton 360g\/m2<br \/>\nDoublure de la capuche : tissu mexicain acrylique<\/p>\n<p><strong>TAILLE:<\/strong>\u00a0Notre robe surf est disponible seulement en taille unique: 45 cm de tour de taille x 77 cm de long<\/p>\n<p><strong>MADE IN:<\/strong> M\u00e9rida, Yucatan, Mexique. D\u00e9couvrez les personnes qui ont fabriqu\u00e9 notre robe \u00ab after surf \u00bb en <a href=\"https:\/\/www.pakal-shop.com\/fr\/qui-a-fabrique-mon-poncho\/\"><span style=\"color: #dcb86c;\">Cliquant ici<\/span><\/a>!<\/p>\n<p><strong>CONSEILS D'ENTRETIEN: <\/strong>Cette robe \u00e9ponge est lavable en machine et s\u00e8che rapidement. Nous conseillons un lavage \u00e0 l'eau froide.<\/p>","protected":false},"excerpt":{"rendered":"<p>Soyez \u00e0 l\u2019aise et styl\u00e9e avec notre nouvelle robe \u00ab after surf \u00bb !<\/p>\n<p>Fabriqu\u00e9e en tissu \u00e9ponge coton doux et ultra-confort, elle vous maintient au chaud apr\u00e8s votre plouf dans l'eau et vous permet de vous changer facilement. \n Indispensable pour une journ\u00e9e d'\u00e9t\u00e9 \u00e0 la plage!<\/p>\n<p>Le design de cette robe de bain combine une \u00e9ponge en coton jaune mangue avec un tissu traditionnel mexicain noir aux motifs tribaux couleur reggae \u00e0 l'int\u00e9rieur de la capuche. Un mix original de couleurs et de mati\u00e8res pour un style ethnique unique et authentique<\/p>\n<p>La coupe de notre robe \u00ab Apr\u00e8s Surf \u00bb est con\u00e7ue pour s'adapter aux femmes de toutes tailles et peut \u00eatre ajust\u00e9e avec un cordon au niveau de la ceinture.<\/p>\n<p>Cette robe \u00e9ponge originale a \u00e9t\u00e9 produite par des artisans d'origine Maya dans un petit atelier familial du Yucatan, au Mexique. Fiers de travailler avec cette \u00e9quipe fantastique, nous vous invitons \u00e0 jeter un coup d'\u0153il aux personnes qui ont donn\u00e9 vie \u00e0 cette superbe robe \u00ab after surf \u00bb en <a href=\"https:\/\/www.pakal-shop.com\/fr\/qui-a-fabrique-mon-poncho\/\"><span style=\"color: #dcb86c;\">Cliquant ici<\/span><\/a><\/p>","protected":false},"featured_media":3802,"comment_status":"closed","ping_status":"closed","template":"","meta":[],"product_brand":[],"product_cat":[110],"product_tag":[],"class_list":{"0":"post-3085","1":"product","2":"type-product","3":"status-publish","4":"has-post-thumbnail","6":"product_cat-surf-towel-dress","8":"first","9":"outofstock","10":"shipping-taxable","11":"purchasable","12":"product-type-simple","13":"thumb-no-effect","14":"prod-rating-off"},"_links":{"self":[{"href":"https:\/\/www.pakal-shop.com\/fr\/wp-json\/wp\/v2\/product\/3085","targetHints":{"allow":["GET"]}}],"collection":[{"href":"https:\/\/www.pakal-shop.com\/fr\/wp-json\/wp\/v2\/product"}],"about":[{"href":"https:\/\/www.pakal-shop.com\/fr\/wp-json\/wp\/v2\/types\/product"}],"replies":[{"embeddable":true,"href":"https:\/\/www.pakal-shop.com\/fr\/wp-json\/wp\/v2\/comments?post=3085"}],"wp:featuredmedia":[{"embeddable":true,"href":"https:\/\/www.pakal-shop.com\/fr\/wp-json\/wp\/v2\/media\/3802"}],"wp:attachment":[{"href":"https:\/\/www.pakal-shop.com\/fr\/wp-json\/wp\/v2\/media?parent=3085"}],"wp:term":[{"taxonomy":"product_brand","embeddable":true,"href":"https:\/\/www.pakal-shop.com\/fr\/wp-json\/wp\/v2\/product_brand?post=3085"},{"taxonomy":"product_cat","embeddable":true,"href":"https:\/\/www.pakal-shop.com\/fr\/wp-json\/wp\/v2\/product_cat?post=3085"},{"taxonomy":"product_tag","embeddable":true,"href":"https:\/\/www.pakal-shop.com\/fr\/wp-json\/wp\/v2\/product_tag?post=3085"}],"curies":[{"name":"wp","href":"https:\/\/api.w.org\/{rel}","templated":true}]}}