{"id":3105,"date":"2021-05-28T13:56:55","date_gmt":"2021-05-28T11:56:55","guid":{"rendered":"https:\/\/www.pakal-shop.com\/?post_type=product&#038;p=3105"},"modified":"2023-02-17T14:42:50","modified_gmt":"2023-02-17T13:42:50","slug":"blue-kid-towel-surf-poncho-blue-wave-pattern","status":"publish","type":"product","link":"https:\/\/www.pakal-shop.com\/fr\/product\/blue-kid-towel-surf-poncho-blue-wave-pattern\/","title":{"rendered":"Ocean Blue Kid Towel Surf Poncho\/Blue Wave Pattern"},"content":{"rendered":"","protected":false},"excerpt":{"rendered":"<p>The Ocean Blue Kid Surf Poncho is made with soft plush 100% cotton towel. The design mixes blue traditional Mexican woven fabric with a colourful wave pattern inside the hoody and pockets giving a unique ethnic style!<\/p>\n<p>Les qualit\u00e9s de ce poncho de bain ne s'arr\u00eatent pas l\u00e0\u2026 il est aussi astucieusement con\u00e7u pour \u00eatre repli\u00e9 \u00e0 l'int\u00e9rieur de la capuche pour \u00eatre transport\u00e9 comme un petit sac.<\/p>\n<p>This poncho is perfect for kids from 4 to 10 years old. It comes with an adjustable system that allows you to shorten the length of the poncho to fit your child&#8217;s height.<\/p>\n<p>Tous nos ponchos pour enfant sont lavables en machine et s\u00e8chent rapidement.<\/p>\n<p>Composition:<\/p>\n<p>Serviette coton<br \/>\nMexican woven fabric (100% Acrilic)<\/p>\n<p>Measures: 80 x 60 cm.<\/p>\n<p>The kids surf ponchos are produced by artisans of Mayan backgrounds in a small family-run workshop in Yucatan, Mexico.<\/p>\n<p>D\u00e9couvrez les personnes qui confectionnent nos ponchos en <a href=\"http:\/\/www.pakal-shop.com\/fr\/story\/\">Cliquant ici<\/a>.<\/p>","protected":false},"featured_media":0,"comment_status":"closed","ping_status":"closed","template":"","meta":[],"product_brand":[],"product_cat":[97,163],"product_tag":[111,104,107,106,108],"class_list":{"0":"post-3105","1":"product","2":"type-product","3":"status-publish","5":"product_cat-non-classe","6":"product_cat-discontinued-products-test","7":"product_tag-hooded","8":"product_tag-kid","9":"product_tag-poncho","10":"product_tag-surf","11":"product_tag-towel","13":"first","14":"outofstock","15":"shipping-taxable","16":"purchasable","17":"product-type-simple","18":"thumb-no-effect","19":"prod-rating-off"},"_links":{"self":[{"href":"https:\/\/www.pakal-shop.com\/fr\/wp-json\/wp\/v2\/product\/3105","targetHints":{"allow":["GET"]}}],"collection":[{"href":"https:\/\/www.pakal-shop.com\/fr\/wp-json\/wp\/v2\/product"}],"about":[{"href":"https:\/\/www.pakal-shop.com\/fr\/wp-json\/wp\/v2\/types\/product"}],"replies":[{"embeddable":true,"href":"https:\/\/www.pakal-shop.com\/fr\/wp-json\/wp\/v2\/comments?post=3105"}],"wp:attachment":[{"href":"https:\/\/www.pakal-shop.com\/fr\/wp-json\/wp\/v2\/media?parent=3105"}],"wp:term":[{"taxonomy":"product_brand","embeddable":true,"href":"https:\/\/www.pakal-shop.com\/fr\/wp-json\/wp\/v2\/product_brand?post=3105"},{"taxonomy":"product_cat","embeddable":true,"href":"https:\/\/www.pakal-shop.com\/fr\/wp-json\/wp\/v2\/product_cat?post=3105"},{"taxonomy":"product_tag","embeddable":true,"href":"https:\/\/www.pakal-shop.com\/fr\/wp-json\/wp\/v2\/product_tag?post=3105"}],"curies":[{"name":"wp","href":"https:\/\/api.w.org\/{rel}","templated":true}]}}