{"id":3249,"date":"2021-06-06T13:58:35","date_gmt":"2021-06-06T11:58:35","guid":{"rendered":"https:\/\/www.pakal-shop.com\/?post_type=product&#038;p=3249"},"modified":"2023-02-17T14:42:47","modified_gmt":"2023-02-17T13:42:47","slug":"blue-towel-surf-poncho-blue-striped-fabric","status":"publish","type":"product","link":"https:\/\/www.pakal-shop.com\/fr\/product\/blue-towel-surf-poncho-blue-striped-fabric\/","title":{"rendered":"French Blue Towel Surf Poncho \/ Sky Blue Striped Fabric"},"content":{"rendered":"","protected":false},"excerpt":{"rendered":"<p>The French Blue surf poncho is made with soft 100% cotton towel. The design mixes traditional Mexican woven fabric in a sky blue striped pattern inside the hoody and pockets giving a unique ethnic style!<\/p>\n<p>Notre poncho aux couleurs exotiques vous tient au chaud apr\u00e8s votre session \u00e0 l'oc\u00e9an et vous prot\u00e8ge du vent et du froid lorsque vous enfilez et enlevez votre combinaison.<br>\nEt justement, Pakal signifie \u00ab refuge \u00bb en langue Maya !<\/p>\n<p>Les qualit\u00e9s de ce poncho de plage ne s'arr\u00eatent pas l\u00e0\u2026. vous pouvez aussi le replier \u00e0 l'int\u00e9rieur de la capuche pour le porter comme un sac styl\u00e9, laissant vos mains libres pour transporter votre planche de surf\/bodyboard ou m\u00eame votre bien aim\u00e9(e) !<\/p>\n<p>Our surf ponchos are produced by artisans of Mayan backgrounds in a small family-run workshop in Yucatan, Mexico.<\/p>\n<p>D\u00e9couvrez les personnes qui confectionnent nos ponchos en <a href=\"http:\/\/www.pakal-shop.com\/fr\/story\/\">Cliquant ici<\/a>.<\/p>\n<p>Tous nos ponchos sont lavables en machine et s\u00e8chent rapidement.<\/p>\n<p>Composition:<\/p>\n<p>Serviette coton<br \/>\nHandcrafted Mexican woven fabric (100% Acrilic)<\/p>\n<p>Taille unique:<\/p>\n<p>This product is only available in standard size: 82 x 105 cm<\/p>","protected":false},"featured_media":3250,"comment_status":"closed","ping_status":"closed","template":"","meta":[],"product_brand":[],"product_cat":[97,163],"product_tag":[],"class_list":{"0":"post-3249","1":"product","2":"type-product","3":"status-publish","4":"has-post-thumbnail","6":"product_cat-non-classe","7":"product_cat-discontinued-products-test","9":"first","10":"outofstock","11":"shipping-taxable","12":"purchasable","13":"product-type-simple","14":"thumb-no-effect","15":"prod-rating-off"},"_links":{"self":[{"href":"https:\/\/www.pakal-shop.com\/fr\/wp-json\/wp\/v2\/product\/3249","targetHints":{"allow":["GET"]}}],"collection":[{"href":"https:\/\/www.pakal-shop.com\/fr\/wp-json\/wp\/v2\/product"}],"about":[{"href":"https:\/\/www.pakal-shop.com\/fr\/wp-json\/wp\/v2\/types\/product"}],"replies":[{"embeddable":true,"href":"https:\/\/www.pakal-shop.com\/fr\/wp-json\/wp\/v2\/comments?post=3249"}],"wp:featuredmedia":[{"embeddable":true,"href":"https:\/\/www.pakal-shop.com\/fr\/wp-json\/wp\/v2\/media\/3250"}],"wp:attachment":[{"href":"https:\/\/www.pakal-shop.com\/fr\/wp-json\/wp\/v2\/media?parent=3249"}],"wp:term":[{"taxonomy":"product_brand","embeddable":true,"href":"https:\/\/www.pakal-shop.com\/fr\/wp-json\/wp\/v2\/product_brand?post=3249"},{"taxonomy":"product_cat","embeddable":true,"href":"https:\/\/www.pakal-shop.com\/fr\/wp-json\/wp\/v2\/product_cat?post=3249"},{"taxonomy":"product_tag","embeddable":true,"href":"https:\/\/www.pakal-shop.com\/fr\/wp-json\/wp\/v2\/product_tag?post=3249"}],"curies":[{"name":"wp","href":"https:\/\/api.w.org\/{rel}","templated":true}]}}