{"id":3302,"date":"2021-06-13T16:12:52","date_gmt":"2021-06-13T14:12:52","guid":{"rendered":"https:\/\/www.pakal-shop.com\/?post_type=product&#038;p=3302"},"modified":"2023-02-17T14:42:45","modified_gmt":"2023-02-17T13:42:45","slug":"frenchy-baby-surf-poncho-hooded-towel","status":"publish","type":"product","link":"https:\/\/www.pakal-shop.com\/fr\/product\/frenchy-baby-surf-poncho-hooded-towel\/","title":{"rendered":"Frenchy Baby Surf Poncho Hooded Towel"},"content":{"rendered":"","protected":false},"excerpt":{"rendered":"<p>Vous pourrez maintenant s\u00e9cher et garder votre tout-petit bien au chaud, apr\u00e8s une baignade ou un bain avec nos ponchos b\u00e9b\u00e9s aux couleurs punchy !<\/p>\n<p>Made of 100% cotton towel in French blue, this baby hooded towel mixes traditional red Mexican fabric with a tribal pattern inside the hoody and pockets for a unique ethnic style.<\/p>\n<p>Les qualit\u00e9s de ce poncho de plage pour votre bout de chou ne s'arr\u00eatent pas l\u00e0\u2026 il est aussi astucieusement con\u00e7u pour \u00eatre repli\u00e9 \u00e0 l'int\u00e9rieur de la capuche pour \u00eatre transport\u00e9 comme un petit sac.<\/p>\n<p>Parfait pour les b\u00e9b\u00e9s de 0 \u00e0 3 ans, ce poncho est muni d\u2019un syst\u00e8me r\u00e9glable qui vous permet de raccourcir la longueur pour l'adapter \u00e0 la taille de votre tout-petit.<\/p>\n<p>Nos ponchos \u00e9ponge pour enfant sont uniques et fabriqu\u00e9s par des artisans d'origine Maya dans un petit atelier familial du Yucatan, au Mexique.<\/p>\n<p>D\u00e9couvrez les personnes qui confectionnent nos ponchos en <a href=\"https:\/\/www.pakal-shop.com\/fr\/qui-a-fabrique-mon-poncho\/\"><span style=\"color: #dcb86c;\">Cliquant ici<\/span><\/a><\/p>\n<p>Tous nos ponchos pour b\u00e9b\u00e9s sont lavables en machine et s\u00e8chent rapidement.<\/p>\n<p>Composition:<\/p>\n<p>Tissu Eponge Coton 360 g\/m2<br \/>\nDoublure de la capuche et des poches : tissu mexicain acrylique<\/p>\n<p>Measures: 50 cm wide x 45 cm long.<\/p>","protected":false},"featured_media":3290,"comment_status":"closed","ping_status":"closed","template":"","meta":[],"product_brand":[],"product_cat":[97,163],"product_tag":[],"class_list":{"0":"post-3302","1":"product","2":"type-product","3":"status-publish","4":"has-post-thumbnail","6":"product_cat-non-classe","7":"product_cat-discontinued-products-test","9":"first","10":"outofstock","11":"shipping-taxable","12":"purchasable","13":"product-type-simple","14":"thumb-no-effect","15":"prod-rating-off"},"_links":{"self":[{"href":"https:\/\/www.pakal-shop.com\/fr\/wp-json\/wp\/v2\/product\/3302","targetHints":{"allow":["GET"]}}],"collection":[{"href":"https:\/\/www.pakal-shop.com\/fr\/wp-json\/wp\/v2\/product"}],"about":[{"href":"https:\/\/www.pakal-shop.com\/fr\/wp-json\/wp\/v2\/types\/product"}],"replies":[{"embeddable":true,"href":"https:\/\/www.pakal-shop.com\/fr\/wp-json\/wp\/v2\/comments?post=3302"}],"wp:featuredmedia":[{"embeddable":true,"href":"https:\/\/www.pakal-shop.com\/fr\/wp-json\/wp\/v2\/media\/3290"}],"wp:attachment":[{"href":"https:\/\/www.pakal-shop.com\/fr\/wp-json\/wp\/v2\/media?parent=3302"}],"wp:term":[{"taxonomy":"product_brand","embeddable":true,"href":"https:\/\/www.pakal-shop.com\/fr\/wp-json\/wp\/v2\/product_brand?post=3302"},{"taxonomy":"product_cat","embeddable":true,"href":"https:\/\/www.pakal-shop.com\/fr\/wp-json\/wp\/v2\/product_cat?post=3302"},{"taxonomy":"product_tag","embeddable":true,"href":"https:\/\/www.pakal-shop.com\/fr\/wp-json\/wp\/v2\/product_tag?post=3302"}],"curies":[{"name":"wp","href":"https:\/\/api.w.org\/{rel}","templated":true}]}}