{"id":3308,"date":"2021-06-13T17:18:43","date_gmt":"2021-06-13T15:18:43","guid":{"rendered":"https:\/\/www.pakal-shop.com\/?post_type=product&#038;p=3308"},"modified":"2025-11-24T20:50:53","modified_gmt":"2025-11-24T19:50:53","slug":"upcylcled-baby-surf-poncho-hooded-towel","status":"publish","type":"product","link":"https:\/\/www.pakal-shop.com\/fr\/product\/upcylcled-baby-surf-poncho-hooded-towel\/","title":{"rendered":"Poncho de Plage B\u00e9b\u00e9 en \u00c9ponge - Up-cycled"},"content":{"rendered":"<p>Notre poncho de surf pour b\u00e9b\u00e9 Up-cycled est fabriqu\u00e9 avec des chutes de tissu et des restes de notre production annuelle.<\/p>\n<p>The designs keeps the same shape as our classic baby surf poncho and mixes scraps of soft plush towel and our colourful traditional Merxican fabrics in the hoody and pockets. This baby beach robe it is also cleverly designed to be folded inside the hoody to be carried as a little bag.<\/p>\n<p><b>En tant que produit recycl\u00e9, nous ne sommes pas en mesure de standardiser le design. Ce poncho peut \u00eatre livr\u00e9 en diff\u00e9rentes couleurs et combinaisons de celui sur la photo. Mais faites-nous confiance ce sera toujours beau, original et unique !<\/b><\/p>\n<p>Parfait pour les b\u00e9b\u00e9s de 0 \u00e0 3 ans, ce poncho est muni d\u2019un syst\u00e8me r\u00e9glable qui vous permet de raccourcir la longueur pour l'adapter \u00e0 la taille de votre tout-petit.<\/p>\n<p>Nos ponchos \u00e9ponge pour enfant sont uniques et fabriqu\u00e9s par des artisans d'origine Maya dans un petit atelier familial du Yucatan, au Mexique.<\/p>\n<p>D\u00e9couvrez les personnes qui confectionnent nos ponchos en <a href=\"https:\/\/www.pakal-shop.com\/fr\/qui-a-fabrique-mon-poncho\/\"><span style=\"color: #dcb86c;\">Cliquant ici<\/span><\/a><\/p>\n<p>Tous nos ponchos pour b\u00e9b\u00e9s sont lavables en machine et s\u00e8chent rapidement.<\/p>\n<p><strong>COMPOSITION<\/strong>:<\/p>\n<p>Tissu \u00e9ponge doux en coton ou polyester - Id\u00e9al \u00e9t\u00e9 comme hiver<br \/>\nDoublure de la capuche et des poches : tissu mexicain acrylique<\/p>\n<p><strong>TAILLE<\/strong>:<\/p>\n<p>Taille unique 50 cm de large x 45 cm de long<\/p>","protected":false},"excerpt":{"rendered":"<p>Nous sommes convaincus que sauver, transformer et r\u00e9utiliser les vieux mat\u00e9riaux et les restes est un excellent moyen de r\u00e9duire les d\u00e9chets et en m\u00eame temps de cr\u00e9er des pi\u00e8ces originales ! En accord avec nos valeurs nous sommes heureux de lancer notre poncho pour b\u00e9b\u00e9 en \u00e9ponge coton et\/ou polyester fabriqu\u00e9 100% \u00e0 partir des chutes de notre production annuelle!<\/p>","protected":false},"featured_media":3313,"comment_status":"closed","ping_status":"closed","template":"","meta":[],"product_brand":[],"product_cat":[97],"product_tag":[],"class_list":{"0":"post-3308","1":"product","2":"type-product","3":"status-publish","4":"has-post-thumbnail","6":"product_cat-non-classe","8":"first","9":"outofstock","10":"shipping-taxable","11":"purchasable","12":"product-type-simple","13":"thumb-no-effect","14":"prod-rating-off"},"_links":{"self":[{"href":"https:\/\/www.pakal-shop.com\/fr\/wp-json\/wp\/v2\/product\/3308","targetHints":{"allow":["GET"]}}],"collection":[{"href":"https:\/\/www.pakal-shop.com\/fr\/wp-json\/wp\/v2\/product"}],"about":[{"href":"https:\/\/www.pakal-shop.com\/fr\/wp-json\/wp\/v2\/types\/product"}],"replies":[{"embeddable":true,"href":"https:\/\/www.pakal-shop.com\/fr\/wp-json\/wp\/v2\/comments?post=3308"}],"wp:featuredmedia":[{"embeddable":true,"href":"https:\/\/www.pakal-shop.com\/fr\/wp-json\/wp\/v2\/media\/3313"}],"wp:attachment":[{"href":"https:\/\/www.pakal-shop.com\/fr\/wp-json\/wp\/v2\/media?parent=3308"}],"wp:term":[{"taxonomy":"product_brand","embeddable":true,"href":"https:\/\/www.pakal-shop.com\/fr\/wp-json\/wp\/v2\/product_brand?post=3308"},{"taxonomy":"product_cat","embeddable":true,"href":"https:\/\/www.pakal-shop.com\/fr\/wp-json\/wp\/v2\/product_cat?post=3308"},{"taxonomy":"product_tag","embeddable":true,"href":"https:\/\/www.pakal-shop.com\/fr\/wp-json\/wp\/v2\/product_tag?post=3308"}],"curies":[{"name":"wp","href":"https:\/\/api.w.org\/{rel}","templated":true}]}}