{"id":3509,"date":"2021-10-03T21:15:42","date_gmt":"2021-10-03T19:15:42","guid":{"rendered":"https:\/\/www.pakal-shop.com\/?post_type=product&#038;p=3509"},"modified":"2025-07-03T23:25:52","modified_gmt":"2025-07-03T21:25:52","slug":"surfboard-cover-8-orange-sunset","status":"publish","type":"product","link":"https:\/\/www.pakal-shop.com\/fr\/product\/surfboard-cover-8-orange-sunset\/","title":{"rendered":"Chaussette de Surfboard 8' - Orange Sunset"},"content":{"rendered":"","protected":false},"excerpt":{"rendered":"<p>La housse de surf Orange Sunset est parfaite pour prot\u00e9ger votre planche chez vous et lors de son transport \u00e0 la plage. Id\u00e9ale pour les planches de surf type mini-malibu, funboard ou longboard entre 7'2 et 8'.\nCette housse poss\u00e8de une petite poche pour y mettre votre wax.<\/p>\n<p>Nos chaussettes de planche de surf sont confectionn\u00e9es dans un petit atelier familial du Yucatan, au Mexique.<\/p>\n<p>Le design combine un tissu en jute naturel avec des pi\u00e8ces de plaids traditionnels mexicains. Celui-ci, aussi connu sous le nom de Sarap\u00e9, est une \u00e9paisse couverture fabriqu\u00e9e \u00e0 la main sur un m\u00e9tier \u00e0 tisser en bois. Fabriqu\u00e9 dans l'\u00c9tat de Tlaxcala, au centre du Mexique, il est l\u2019h\u00e9ritier d\u2019une technique ancestrale transmise de g\u00e9n\u00e9ration en g\u00e9n\u00e9ration.<\/p>\n<p>Dimensions: 250 cm de haut \u2013 60 cm de large<\/p>\n<p>Composition : Toile de jute \/ Sarap\u00e9 (laine acrylique)<\/p>","protected":false},"featured_media":0,"comment_status":"closed","ping_status":"closed","template":"","meta":[],"product_brand":[],"product_cat":[163],"product_tag":[],"class_list":{"0":"post-3509","1":"product","2":"type-product","3":"status-publish","5":"product_cat-discontinued-products-test","7":"first","8":"outofstock","9":"shipping-taxable","10":"purchasable","11":"product-type-simple","12":"thumb-no-effect","13":"prod-rating-off"},"_links":{"self":[{"href":"https:\/\/www.pakal-shop.com\/fr\/wp-json\/wp\/v2\/product\/3509","targetHints":{"allow":["GET"]}}],"collection":[{"href":"https:\/\/www.pakal-shop.com\/fr\/wp-json\/wp\/v2\/product"}],"about":[{"href":"https:\/\/www.pakal-shop.com\/fr\/wp-json\/wp\/v2\/types\/product"}],"replies":[{"embeddable":true,"href":"https:\/\/www.pakal-shop.com\/fr\/wp-json\/wp\/v2\/comments?post=3509"}],"wp:attachment":[{"href":"https:\/\/www.pakal-shop.com\/fr\/wp-json\/wp\/v2\/media?parent=3509"}],"wp:term":[{"taxonomy":"product_brand","embeddable":true,"href":"https:\/\/www.pakal-shop.com\/fr\/wp-json\/wp\/v2\/product_brand?post=3509"},{"taxonomy":"product_cat","embeddable":true,"href":"https:\/\/www.pakal-shop.com\/fr\/wp-json\/wp\/v2\/product_cat?post=3509"},{"taxonomy":"product_tag","embeddable":true,"href":"https:\/\/www.pakal-shop.com\/fr\/wp-json\/wp\/v2\/product_tag?post=3509"}],"curies":[{"name":"wp","href":"https:\/\/api.w.org\/{rel}","templated":true}]}}