{"id":3575,"date":"2022-04-11T01:44:32","date_gmt":"2022-04-10T23:44:32","guid":{"rendered":"https:\/\/www.pakal-shop.com\/?post_type=product&#038;p=3575"},"modified":"2023-02-17T14:39:47","modified_gmt":"2023-02-17T13:39:47","slug":"burnt-orange-towel-surf-poncho-black-tribal-pattern","status":"publish","type":"product","link":"https:\/\/www.pakal-shop.com\/fr\/product\/burnt-orange-towel-surf-poncho-black-tribal-pattern\/","title":{"rendered":"Poncho Surf Eponge Coton Orange Sunset \/ Motif Tribal Noir"},"content":{"rendered":"","protected":false},"excerpt":{"rendered":"<p>Notre poncho de surf Ocean Sunset est fabriqu\u00e9 en tissu \u00e9ponge coton doux et ultra-confort. De couleur ocre orang\u00e9, il est assorti \u00e0 un tissu mexicain traditionnel noir aux motifs tribaux \u00e0 l'int\u00e9rieur de la capuche et des poches. Un mix de couleurs et de mati\u00e8res pour un style ethnique unique et authentique!<\/p>\n<p>Notre poncho aux couleurs exotiques vous tient au chaud apr\u00e8s votre session \u00e0 l'oc\u00e9an et vous prot\u00e8ge du vent et du froid lorsque vous enfilez et enlevez votre combinaison.<br>\nEt justement, Pakal signifie \u00ab refuge \u00bb en langue Maya !<\/p>\n<p>Les qualit\u00e9s de ce poncho de plage ne s'arr\u00eatent pas l\u00e0\u2026. vous pouvez aussi le replier \u00e0 l'int\u00e9rieur de la capuche pour le porter comme un sac styl\u00e9, laissant vos mains libres pour transporter votre planche de surf\/bodyboard ou m\u00eame votre bien aim\u00e9(e) !<\/p>\n<p>Nos ponchos sont con\u00e7us pour s'adapter aussi bien aux femmes qu'aux hommes. Ils sont munis d\u2019un syst\u00e8me de cordes r\u00e9glables sur les c\u00f4t\u00e9s pour adapter la longueur.<\/p>\n<p>Ces ponchos de bain sont fabriqu\u00e9s par des artisans d'origine Maya dans un petit atelier familial du Yucatan, au Mexique.<\/p>\n<p>D\u00e9couvrez les personnes qui fabriquent nos ponchos en <a href=\"https:\/\/www.pakal-shop.com\/fr\/qui-a-fabrique-mon-poncho\/\"><span style=\"color: #dcb86c;\">Cliquant ici<\/span><\/a><\/p>\n<p>Tous nos ponchos sont lavables en machine et s\u00e8chent rapidement.<\/p>\n<p><strong>COMPOSITION<\/strong>:<\/p>\n<p>Tissu Eponge Coton 360 g\/m2 - Id\u00e9al \u00e9t\u00e9 comme hiver<br \/>\nDoublure de la capuche et des poches : tissu mexicain acrylique<\/p>\n<p><strong>TAILLE<\/strong>:<\/p>\n<p>Taille unique 78 cm de large x 110 cm de long<\/p>","protected":false},"featured_media":3920,"comment_status":"closed","ping_status":"closed","template":"","meta":[],"product_brand":[],"product_cat":[163,97],"product_tag":[],"class_list":{"0":"post-3575","1":"product","2":"type-product","3":"status-publish","4":"has-post-thumbnail","6":"product_cat-discontinued-products-test","7":"product_cat-non-classe","9":"first","10":"outofstock","11":"shipping-taxable","12":"purchasable","13":"product-type-simple","14":"thumb-no-effect","15":"prod-rating-off"},"_links":{"self":[{"href":"https:\/\/www.pakal-shop.com\/fr\/wp-json\/wp\/v2\/product\/3575","targetHints":{"allow":["GET"]}}],"collection":[{"href":"https:\/\/www.pakal-shop.com\/fr\/wp-json\/wp\/v2\/product"}],"about":[{"href":"https:\/\/www.pakal-shop.com\/fr\/wp-json\/wp\/v2\/types\/product"}],"replies":[{"embeddable":true,"href":"https:\/\/www.pakal-shop.com\/fr\/wp-json\/wp\/v2\/comments?post=3575"}],"wp:featuredmedia":[{"embeddable":true,"href":"https:\/\/www.pakal-shop.com\/fr\/wp-json\/wp\/v2\/media\/3920"}],"wp:attachment":[{"href":"https:\/\/www.pakal-shop.com\/fr\/wp-json\/wp\/v2\/media?parent=3575"}],"wp:term":[{"taxonomy":"product_brand","embeddable":true,"href":"https:\/\/www.pakal-shop.com\/fr\/wp-json\/wp\/v2\/product_brand?post=3575"},{"taxonomy":"product_cat","embeddable":true,"href":"https:\/\/www.pakal-shop.com\/fr\/wp-json\/wp\/v2\/product_cat?post=3575"},{"taxonomy":"product_tag","embeddable":true,"href":"https:\/\/www.pakal-shop.com\/fr\/wp-json\/wp\/v2\/product_tag?post=3575"}],"curies":[{"name":"wp","href":"https:\/\/api.w.org\/{rel}","templated":true}]}}