{"id":3590,"date":"2022-04-11T02:28:05","date_gmt":"2022-04-11T00:28:05","guid":{"rendered":"https:\/\/www.pakal-shop.com\/?post_type=product&#038;p=3590"},"modified":"2025-03-20T16:54:46","modified_gmt":"2025-03-20T15:54:46","slug":"burgundy-towel-surf-poncho-blue-floral-pattern","status":"publish","type":"product","link":"https:\/\/www.pakal-shop.com\/fr\/product\/burgundy-towel-surf-poncho-blue-floral-pattern\/","title":{"rendered":"Burgundy Towel Surf Poncho \/ Blue Floral Pattern"},"content":{"rendered":"","protected":false},"excerpt":{"rendered":"<p>The Burgundy surf poncho is made with soft 100% cotton towel. The design mixes traditional Mexican woven fabric with a beautiful blue floral pattern inside the hoody and pockets giving a unique ethnic style!<\/p>\n<p>Notre poncho aux couleurs exotiques vous tient au chaud apr\u00e8s votre session \u00e0 l'oc\u00e9an et vous prot\u00e8ge du vent et du froid lorsque vous enfilez et enlevez votre combinaison.<br>\nEt justement, Pakal signifie \u00ab refuge \u00bb en langue Maya !<\/p>\n<p>Les qualit\u00e9s de ce poncho de plage ne s'arr\u00eatent pas l\u00e0\u2026. vous pouvez aussi le replier \u00e0 l'int\u00e9rieur de la capuche pour le porter comme un sac styl\u00e9, laissant vos mains libres pour transporter votre planche de surf\/bodyboard ou m\u00eame votre bien aim\u00e9(e) !<\/p>\n<p>Nos ponchos sont con\u00e7us pour s'adapter aussi bien aux femmes qu'aux hommes. Ils sont munis d\u2019un syst\u00e8me de cordes r\u00e9glables sur les c\u00f4t\u00e9s pour adapter la longueur.<\/p>\n<p>Nos ponchos \u00e9ponge pour enfant sont uniques et fabriqu\u00e9s par des artisans d'origine Maya dans un petit atelier familial du Yucatan, au Mexique.<\/p>\n<p>D\u00e9couvrez les personnes qui confectionnent nos ponchos en <a href=\"http:\/\/www.pakal-shop.com\/fr\/story\/\">Cliquant ici<\/a>.<\/p>\n<p>Tous nos ponchos sont lavables en machine et s\u00e8chent rapidement.<\/p>\n<p>Composition:<\/p>\n<p>Serviette coton<br \/>\nHandcrafted Mexican woven fabric (100% Acrilic)<\/p>\n<p>Taille unique:<\/p>\n<p>Taille unique 78 cm de large x 110 cm de long<\/p>","protected":false},"featured_media":3905,"comment_status":"closed","ping_status":"closed","template":"","meta":[],"product_brand":[],"product_cat":[163,97],"product_tag":[],"class_list":{"0":"post-3590","1":"product","2":"type-product","3":"status-publish","4":"has-post-thumbnail","6":"product_cat-discontinued-products-test","7":"product_cat-non-classe","9":"first","10":"outofstock","11":"shipping-taxable","12":"purchasable","13":"product-type-simple","14":"thumb-no-effect","15":"prod-rating-off"},"_links":{"self":[{"href":"https:\/\/www.pakal-shop.com\/fr\/wp-json\/wp\/v2\/product\/3590","targetHints":{"allow":["GET"]}}],"collection":[{"href":"https:\/\/www.pakal-shop.com\/fr\/wp-json\/wp\/v2\/product"}],"about":[{"href":"https:\/\/www.pakal-shop.com\/fr\/wp-json\/wp\/v2\/types\/product"}],"replies":[{"embeddable":true,"href":"https:\/\/www.pakal-shop.com\/fr\/wp-json\/wp\/v2\/comments?post=3590"}],"wp:featuredmedia":[{"embeddable":true,"href":"https:\/\/www.pakal-shop.com\/fr\/wp-json\/wp\/v2\/media\/3905"}],"wp:attachment":[{"href":"https:\/\/www.pakal-shop.com\/fr\/wp-json\/wp\/v2\/media?parent=3590"}],"wp:term":[{"taxonomy":"product_brand","embeddable":true,"href":"https:\/\/www.pakal-shop.com\/fr\/wp-json\/wp\/v2\/product_brand?post=3590"},{"taxonomy":"product_cat","embeddable":true,"href":"https:\/\/www.pakal-shop.com\/fr\/wp-json\/wp\/v2\/product_cat?post=3590"},{"taxonomy":"product_tag","embeddable":true,"href":"https:\/\/www.pakal-shop.com\/fr\/wp-json\/wp\/v2\/product_tag?post=3590"}],"curies":[{"name":"wp","href":"https:\/\/api.w.org\/{rel}","templated":true}]}}