{"id":3743,"date":"2022-05-10T11:43:48","date_gmt":"2022-05-10T09:43:48","guid":{"rendered":"https:\/\/www.pakal-shop.com\/?post_type=product&#038;p=3743"},"modified":"2025-04-08T16:13:22","modified_gmt":"2025-04-08T14:13:22","slug":"sky-cotton-fringe-hammock-turquoise","status":"publish","type":"product","link":"https:\/\/www.pakal-shop.com\/fr\/product\/sky-cotton-fringe-hammock-turquoise\/","title":{"rendered":"Hamac Mexicain Maya Filet Coton avec Macram\u00e9 \/ Arena Turquois"},"content":{"rendered":"<p><strong>COMPOSITION:\u00a0<\/strong>100% Coton<\/p>\n<p><strong>COULEUR: <\/strong>Ce hamac fait main est tiss\u00e9 avec des fils en coton de couleur turquoise.<\/p>\n<p><strong>DIMENSION:<\/strong> Nos hamacs mayas mesurent 4 m\u00e8tres de long et sont livr\u00e9s avec une paire de cordes pour r\u00e9gler la hauteur au sol lors de la suspension.<\/p>\n<p><strong>CAPACIT\u00c9: <\/strong>Ce hamac est parfait pour faire la sieste seul mais il peut supporter jusqu'\u00e0 2 personnes.<\/p>\n<p><strong>MADE IN: <\/strong>Tixcocob, Yucat\u00e1n, Mexico. D\u00e9couvrez qui a fabriqu\u00e9 votre hamac et l'histoire derri\u00e8re cette tradition ancestrale de la communaut\u00e9 maya en <a href=\"https:\/\/www.pakal-shop.com\/fr\/qui-a-fabrique-mon-hamac\/\"><span style=\"color: #dcb86c;\">Cliquant ici<\/span><\/a>.<\/p>\n<p><strong>INSTRUCTIONS D'INSTALLATION:<\/strong><\/p>\n<p>Pour utiliser votre hamac, vous aurez besoin de deux points d'ancrage \u00e0 une hauteur approximative de 1.8 m\u00e8tres et \u00e0 4 m\u00e8tres de distance l'une de l'autre.<\/p>\n<p>Les cordes sont un accessoire indispensable fourni avec votre hamac fait main Pakal. Utilisez toujours cette paire de cordes pour attacher votre hamac \u00e0 un arbre, une colonne ou un ancrage mural. Les cordes vous permettront d'accrocher votre hamac \u00e0 une hauteur optimale pour un repos agr\u00e9able.<\/p>\n<p><strong>CONSEILS D'ENTRETIEN:\u00a0<\/strong><\/p>\n<p>Lavez votre hamac maya \u00e0 la main. 1. Remplissez un seau d'eau ti\u00e8de et ajout\u00e9 du d\u00e9tergent doux. 2. Attachez les deux bras du hamac ensemble dans un demi-n\u0153ud pour \u00e9viter que les cordes ne s'emm\u00ealent. 3. Tournez doucement et comprimez le hamac \u00e0 l'int\u00e9rieur du seau. 4. Videz le seau et remplissez-le avec de l'eau propre, et rincez abondamment pour \u00e9liminer tout r\u00e9sidu de savon. Lorsque l'eau est claire, votre hamac est propre.<\/p>","protected":false},"excerpt":{"rendered":"<p>Ce confortable hamac mexicain a \u00e9t\u00e9 tiss\u00e9 \u00e0 la main pendant plusieurs jours par les indiens mayas du Yucatan au Mexique.<\/p>\n<p>Fabriqu\u00e9 avec des fils en coton naturel, il est bord\u00e9 d\u2019une belle finition en macram\u00e9.<\/p>\n<p>Cet authentique hamac maya d\u00e9corera avec \u00e9l\u00e9gance votre espace int\u00e9rieur ou ext\u00e9rieur pendant vos moments de d\u00e9tente.<\/p>\n<p>Long de 4 m\u00e8tres, ce hamac est extr\u00eamement large, vous pourrez l\u2019utiliser seul, en couple ou avec toute la famille.<\/p>\n<p>Gr\u00e2ce \u00e0 son tissage, ce hamac est frais et id\u00e9al pour une sieste pendant les jours d'\u00e9t\u00e9. Dans le Yucatan, la temp\u00e9rature est souvent sup\u00e9rieure \u00e0 40 \u00b0 C. La technique de fabrication est con\u00e7ue pour apporter de la fra\u00eecheur \u00e0 travers les mailles afin d'assurer un maximum de confort<\/p>\n<p>Nos hamacs sont vendus avec des cordes sp\u00e9ciales pour les suspendre et sont facilement transportables gr\u00e2ce \u00e0 leur petit sac.<\/p>\n<p>Vous pourrez savoir qui a fabriqu\u00e9 votre hamac et conna\u00eetre cette tradition ancestrale de la communaut\u00e9 maya en <a href=\"https:\/\/www.pakal-shop.com\/fr\/qui-a-fabrique-mon-hamac\/\"><span style=\"color: #dcb86c;\">Cliquant ici<\/span><\/a>.<\/p>","protected":false},"featured_media":3748,"comment_status":"closed","ping_status":"closed","template":"","meta":[],"product_brand":[],"product_cat":[163,97],"product_tag":[],"class_list":{"0":"post-3743","1":"product","2":"type-product","3":"status-publish","4":"has-post-thumbnail","6":"product_cat-discontinued-products-test","7":"product_cat-non-classe","9":"first","10":"outofstock","11":"shipping-taxable","12":"purchasable","13":"product-type-simple","14":"thumb-no-effect","15":"prod-rating-off"},"_links":{"self":[{"href":"https:\/\/www.pakal-shop.com\/fr\/wp-json\/wp\/v2\/product\/3743","targetHints":{"allow":["GET"]}}],"collection":[{"href":"https:\/\/www.pakal-shop.com\/fr\/wp-json\/wp\/v2\/product"}],"about":[{"href":"https:\/\/www.pakal-shop.com\/fr\/wp-json\/wp\/v2\/types\/product"}],"replies":[{"embeddable":true,"href":"https:\/\/www.pakal-shop.com\/fr\/wp-json\/wp\/v2\/comments?post=3743"}],"wp:featuredmedia":[{"embeddable":true,"href":"https:\/\/www.pakal-shop.com\/fr\/wp-json\/wp\/v2\/media\/3748"}],"wp:attachment":[{"href":"https:\/\/www.pakal-shop.com\/fr\/wp-json\/wp\/v2\/media?parent=3743"}],"wp:term":[{"taxonomy":"product_brand","embeddable":true,"href":"https:\/\/www.pakal-shop.com\/fr\/wp-json\/wp\/v2\/product_brand?post=3743"},{"taxonomy":"product_cat","embeddable":true,"href":"https:\/\/www.pakal-shop.com\/fr\/wp-json\/wp\/v2\/product_cat?post=3743"},{"taxonomy":"product_tag","embeddable":true,"href":"https:\/\/www.pakal-shop.com\/fr\/wp-json\/wp\/v2\/product_tag?post=3743"}],"curies":[{"name":"wp","href":"https:\/\/api.w.org\/{rel}","templated":true}]}}