{"id":3819,"date":"2022-05-25T09:21:25","date_gmt":"2022-05-25T07:21:25","guid":{"rendered":"https:\/\/www.pakal-shop.com\/?post_type=product&#038;p=3819"},"modified":"2025-11-30T21:41:20","modified_gmt":"2025-11-30T20:41:20","slug":"tibetan-monk-baby-surf-poncho-hooded-towel","status":"publish","type":"product","link":"https:\/\/www.pakal-shop.com\/fr\/product\/tibetan-monk-baby-surf-poncho-hooded-towel\/","title":{"rendered":"Poncho de Surf B\u00e9b\u00e9 \u00c9ponge Coton - Moine Tib\u00e9tain"},"content":{"rendered":"<p><strong>COMPOSITION<\/strong>:<\/p>\n<p>Tissu Eponge Coton 360 g\/m2 - Id\u00e9al \u00e9t\u00e9 comme hiver<br \/>\nDoublure de la capuche et des poches : tissu mexicain acrylique<\/p>\n<p><strong>TAILLE:\u00a0<\/strong>Notre poncho \u00e9ponge b\u00e9b\u00e9 est disponible seulement en taille unique: 50cm large x 45cm long. Il est muni d\u2019un syst\u00e8me r\u00e9glable qui vous permet de raccourcir la longueur et l'adapter aux b\u00e9b\u00e9s de 0 \u00e0 3 ans.<\/p>\n<p><strong>MADE IN:<\/strong> M\u00e9rida, Yucatan, Mexique. D\u00e9couvrez les personnes qui ont fabriqu\u00e9 ce poncho surf pour b\u00e9b\u00e9 en <span style=\"color: #dcb86c;\"><a style=\"color: #dcb86c;\" href=\"https:\/\/www.pakal-shop.com\/fr\/qui-a-fabrique-mon-poncho\/\">Cliquant ici<\/a><\/span>!<\/p>\n<p><strong>CONSEILS D'ENTRETIEN:\u00a0<\/strong>Ce poncho \u00e9ponge est lavable en machine et s\u00e8che rapidement. Nous conseillons un lavage \u00e0 l'eau froide.<\/p>","protected":false},"excerpt":{"rendered":"<p>Vous pourrez maintenant s\u00e9cher et garder votre tout-petit bien au chaud, apr\u00e8s une baignade ou un bain avec nos ponchos b\u00e9b\u00e9s aux couleurs punchy !<\/p>\n<p>Fabriqu\u00e9 en \u00e9ponge coton de couleur bordeaux, ce poncho pour b\u00e9b\u00e9 est d\u00e9cor\u00e9 avec un tissu mexicain traditionnel jaune avec des motifs tribaux \u00e0 l'int\u00e9rieur de la capuche et des poches pour un style ethnique unique et authentique.<\/p>\n<p>Notre amour pour la philosophie bouddhiste et notre soutien \u00e0 la cause tib\u00e9taine ont inspir\u00e9 le design de ce poncho b\u00e9b\u00e9, cr\u00e9\u00e9 aux couleurs des v\u00eatements traditionnels des moines tib\u00e9tains.<\/p>\n<p>Parfait pour les b\u00e9b\u00e9s de 0 \u00e0 3 ans, ce poncho est muni d\u2019un syst\u00e8me r\u00e9glable qui vous permet de raccourcir la longueur pour l'adapter \u00e0 la taille de votre tout-petit.<\/p>\n<p>Les qualit\u00e9s de ce poncho de plage pour votre bout de chou ne s'arr\u00eatent pas l\u00e0\u2026 il est aussi astucieusement con\u00e7u pour \u00eatre repli\u00e9 \u00e0 l'int\u00e9rieur de la capuche pour \u00eatre transport\u00e9 comme un petit sac.<\/p>\n<p>Ce poncho \u00e9ponge pour b\u00e9b\u00e9 a \u00e9t\u00e9 produit par des artisans d'origine Maya dans un petit atelier familial du Yucatan, au Mexique. Fiers de travailler avec cette \u00e9quipe fantastique, nous vous invitons \u00e0 jeter un coup d'\u0153il aux personnes qui ont donn\u00e9 vie \u00e0 ce superbe poncho de plage en <a href=\"https:\/\/www.pakal-shop.com\/fr\/qui-a-fabrique-mon-poncho\/\"><span style=\"color: #dcb86c;\">Cliquant ici<\/span><\/a><\/p>","protected":false},"featured_media":3820,"comment_status":"closed","ping_status":"closed","template":"","meta":[],"product_brand":[],"product_cat":[186,101,112],"product_tag":[],"class_list":{"0":"post-3819","1":"product","2":"type-product","3":"status-publish","4":"has-post-thumbnail","6":"product_cat-baby-towel-ponchos","7":"product_cat-featured","8":"product_cat-surf-poncho","10":"first","11":"outofstock","12":"shipping-taxable","13":"purchasable","14":"product-type-simple","15":"thumb-no-effect","16":"prod-rating-off"},"_links":{"self":[{"href":"https:\/\/www.pakal-shop.com\/fr\/wp-json\/wp\/v2\/product\/3819","targetHints":{"allow":["GET"]}}],"collection":[{"href":"https:\/\/www.pakal-shop.com\/fr\/wp-json\/wp\/v2\/product"}],"about":[{"href":"https:\/\/www.pakal-shop.com\/fr\/wp-json\/wp\/v2\/types\/product"}],"replies":[{"embeddable":true,"href":"https:\/\/www.pakal-shop.com\/fr\/wp-json\/wp\/v2\/comments?post=3819"}],"wp:featuredmedia":[{"embeddable":true,"href":"https:\/\/www.pakal-shop.com\/fr\/wp-json\/wp\/v2\/media\/3820"}],"wp:attachment":[{"href":"https:\/\/www.pakal-shop.com\/fr\/wp-json\/wp\/v2\/media?parent=3819"}],"wp:term":[{"taxonomy":"product_brand","embeddable":true,"href":"https:\/\/www.pakal-shop.com\/fr\/wp-json\/wp\/v2\/product_brand?post=3819"},{"taxonomy":"product_cat","embeddable":true,"href":"https:\/\/www.pakal-shop.com\/fr\/wp-json\/wp\/v2\/product_cat?post=3819"},{"taxonomy":"product_tag","embeddable":true,"href":"https:\/\/www.pakal-shop.com\/fr\/wp-json\/wp\/v2\/product_tag?post=3819"}],"curies":[{"name":"wp","href":"https:\/\/api.w.org\/{rel}","templated":true}]}}