{"id":3847,"date":"2022-05-25T11:12:49","date_gmt":"2022-05-25T09:12:49","guid":{"rendered":"https:\/\/www.pakal-shop.com\/?post_type=product&#038;p=3847"},"modified":"2023-02-17T14:39:38","modified_gmt":"2023-02-17T13:39:38","slug":"orange-kid-surf-poncho-hooded-towel-rainbow","status":"publish","type":"product","link":"https:\/\/www.pakal-shop.com\/fr\/product\/orange-kid-surf-poncho-hooded-towel-rainbow\/","title":{"rendered":"Poncho de Surf Enfant \u00c9ponge Coton Orange \/ Motif Arc-en-ciel Bleu"},"content":{"rendered":"","protected":false},"excerpt":{"rendered":"<p>Notre poncho de surf enfant est fabriqu\u00e9 en tissu \u00e9ponge coton doux et ultra-confort.\nDe couleur orange punchy, il est assorti \u00e0 un tissu mexicain traditionnel bleu aux rayures arc-en-ciel \u00e0 l'int\u00e9rieur de la capuche et des poches. Un mix de couleurs et de mati\u00e8res pour un style ethnique unique et authentique!<\/p>\n<p>Parfait pour les enfants de 4 \u00e0 10 ans, ce poncho  de plage est muni d\u2019un syst\u00e8me r\u00e9glable qui vous permet de raccourcir la longueur pour l'adapter \u00e0 la taille de votre petit.<\/p>\n<p>Les qualit\u00e9s de ce poncho de bain ne s'arr\u00eatent pas l\u00e0\u2026 il est aussi astucieusement con\u00e7u pour \u00eatre repli\u00e9 \u00e0 l'int\u00e9rieur de la capuche pour \u00eatre transport\u00e9 comme un petit sac.<\/p>\n<p>Nos ponchos \u00e9ponge pour enfant sont uniques et fabriqu\u00e9s par des artisans d'origine Maya dans un petit atelier familial du Yucatan, au Mexique.<\/p>\n<p>D\u00e9couvrez les personnes qui confectionnent nos ponchos en <a href=\"https:\/\/www.pakal-shop.com\/fr\/qui-a-fabrique-mon-poncho\/\"><span style=\"color: #dcb86c;\">Cliquant ici<\/span><\/a><\/p>\n<p>Tous nos ponchos pour enfant sont lavables en machine et s\u00e8chent rapidement.<\/p>\n<p><strong>COMPOSITION<\/strong>:<\/p>\n<p>Tissu \u00e9ponge coton 360g\/m2 - Id\u00e9al pour \u00e9t\u00e9 comme hiver<br \/>\nDoublure de la capuche et des poches : tissu mexicain acrylique<\/p>\n<p><strong>TAILLE<\/strong>:<\/p>\n<p>Taille unique 80 cm de long x 60 cm de large<\/p>","protected":false},"featured_media":3852,"comment_status":"closed","ping_status":"closed","template":"","meta":[],"product_brand":[],"product_cat":[163,97],"product_tag":[117,105,111,104,107,116,106,108],"class_list":{"0":"post-3847","1":"product","2":"type-product","3":"status-publish","4":"has-post-thumbnail","6":"product_cat-discontinued-products-test","7":"product_cat-non-classe","8":"product_tag-changing","9":"product_tag-children","10":"product_tag-hooded","11":"product_tag-kid","12":"product_tag-poncho","13":"product_tag-robe","14":"product_tag-surf","15":"product_tag-towel","17":"first","18":"outofstock","19":"shipping-taxable","20":"purchasable","21":"product-type-simple","22":"thumb-no-effect","23":"prod-rating-off"},"_links":{"self":[{"href":"https:\/\/www.pakal-shop.com\/fr\/wp-json\/wp\/v2\/product\/3847","targetHints":{"allow":["GET"]}}],"collection":[{"href":"https:\/\/www.pakal-shop.com\/fr\/wp-json\/wp\/v2\/product"}],"about":[{"href":"https:\/\/www.pakal-shop.com\/fr\/wp-json\/wp\/v2\/types\/product"}],"replies":[{"embeddable":true,"href":"https:\/\/www.pakal-shop.com\/fr\/wp-json\/wp\/v2\/comments?post=3847"}],"wp:featuredmedia":[{"embeddable":true,"href":"https:\/\/www.pakal-shop.com\/fr\/wp-json\/wp\/v2\/media\/3852"}],"wp:attachment":[{"href":"https:\/\/www.pakal-shop.com\/fr\/wp-json\/wp\/v2\/media?parent=3847"}],"wp:term":[{"taxonomy":"product_brand","embeddable":true,"href":"https:\/\/www.pakal-shop.com\/fr\/wp-json\/wp\/v2\/product_brand?post=3847"},{"taxonomy":"product_cat","embeddable":true,"href":"https:\/\/www.pakal-shop.com\/fr\/wp-json\/wp\/v2\/product_cat?post=3847"},{"taxonomy":"product_tag","embeddable":true,"href":"https:\/\/www.pakal-shop.com\/fr\/wp-json\/wp\/v2\/product_tag?post=3847"}],"curies":[{"name":"wp","href":"https:\/\/api.w.org\/{rel}","templated":true}]}}