{"id":3863,"date":"2022-05-25T11:39:28","date_gmt":"2022-05-25T09:39:28","guid":{"rendered":"https:\/\/www.pakal-shop.com\/?post_type=product&#038;p=3863"},"modified":"2025-11-30T21:37:13","modified_gmt":"2025-11-30T20:37:13","slug":"mango-kid-surf-poncho-towel-purple-tribal","status":"publish","type":"product","link":"https:\/\/www.pakal-shop.com\/fr\/product\/mango-kid-surf-poncho-towel-purple-tribal\/","title":{"rendered":"Poncho de Surf Enfant \u00c9ponge Coton Mango \/ Motif Tribal Violet"},"content":{"rendered":"","protected":false},"excerpt":{"rendered":"<p>Notre poncho de surf enfant est fabriqu\u00e9 en tissu \u00e9ponge coton doux et ultra-confort. De couleur jaune mangue punchy, il est assorti \u00e0 un tissu mexicain traditionnel violet aux motifs tribaux \u00e0 l'int\u00e9rieur de la capuche et des poches. Un mix de couleurs et de mati\u00e8res pour un style ethnique unique et authentique!<\/p>\n<p>Parfait pour les enfants de 4 \u00e0 10 ans, ce poncho de plage est muni d\u2019un syst\u00e8me r\u00e9glable qui vous permet de raccourcir la longueur pour l'adapter \u00e0 la taille de votre petit.<\/p>\n<p>But the virtues of this hooded towel do not stop there, it is also cleverly designed to carry as a stylish bag.<\/p>\n<p>Ces ponchos de bain sont fabriqu\u00e9s par des artisans d'origine Maya dans un petit atelier familial du Yucatan, au Mexique.<\/p>\n<p>D\u00e9couvrez les personnes qui fabriquent nos ponchos en <a href=\"https:\/\/www.pakal-shop.com\/fr\/qui-a-fabrique-mon-poncho\/\"><span style=\"color: #dcb86c;\">Cliquant ici<\/span><\/a><\/p>\n<p>Tous nos ponchos pour enfant sont lavables en machine et s\u00e8chent rapidement.<\/p>\n<p><strong>COMPOSITION<\/strong>:<\/p>\n<p>Tissu \u00e9ponge coton 360g\/m2 - Id\u00e9al pour \u00e9t\u00e9 comme hiver<br \/>\nDoublure de la capuche et des poches : tissu mexicain acrylique<\/p>\n<p><strong>TAILLE<\/strong>:<\/p>\n<p>Taille unique 80 cm de long x 60 cm de large<\/p>","protected":false},"featured_media":3867,"comment_status":"closed","ping_status":"closed","template":"","meta":[],"product_brand":[],"product_cat":[99],"product_tag":[111,104,107,106,108],"class_list":{"0":"post-3863","1":"product","2":"type-product","3":"status-publish","4":"has-post-thumbnail","6":"product_cat-toddler-kids-surf-ponchos","7":"product_tag-hooded","8":"product_tag-kid","9":"product_tag-poncho","10":"product_tag-surf","11":"product_tag-towel","13":"first","14":"instock","15":"shipping-taxable","16":"purchasable","17":"product-type-simple","18":"thumb-no-effect","19":"prod-rating-off"},"_links":{"self":[{"href":"https:\/\/www.pakal-shop.com\/fr\/wp-json\/wp\/v2\/product\/3863","targetHints":{"allow":["GET"]}}],"collection":[{"href":"https:\/\/www.pakal-shop.com\/fr\/wp-json\/wp\/v2\/product"}],"about":[{"href":"https:\/\/www.pakal-shop.com\/fr\/wp-json\/wp\/v2\/types\/product"}],"replies":[{"embeddable":true,"href":"https:\/\/www.pakal-shop.com\/fr\/wp-json\/wp\/v2\/comments?post=3863"}],"wp:featuredmedia":[{"embeddable":true,"href":"https:\/\/www.pakal-shop.com\/fr\/wp-json\/wp\/v2\/media\/3867"}],"wp:attachment":[{"href":"https:\/\/www.pakal-shop.com\/fr\/wp-json\/wp\/v2\/media?parent=3863"}],"wp:term":[{"taxonomy":"product_brand","embeddable":true,"href":"https:\/\/www.pakal-shop.com\/fr\/wp-json\/wp\/v2\/product_brand?post=3863"},{"taxonomy":"product_cat","embeddable":true,"href":"https:\/\/www.pakal-shop.com\/fr\/wp-json\/wp\/v2\/product_cat?post=3863"},{"taxonomy":"product_tag","embeddable":true,"href":"https:\/\/www.pakal-shop.com\/fr\/wp-json\/wp\/v2\/product_tag?post=3863"}],"curies":[{"name":"wp","href":"https:\/\/api.w.org\/{rel}","templated":true}]}}