{"id":3889,"date":"2022-05-27T19:05:17","date_gmt":"2022-05-27T17:05:17","guid":{"rendered":"https:\/\/www.pakal-shop.com\/?post_type=product&#038;p=3889"},"modified":"2024-09-17T12:22:57","modified_gmt":"2024-09-17T10:22:57","slug":"mexican-blanket-ethnic-rug-rainbow-striped","status":"publish","type":"product","link":"https:\/\/www.pakal-shop.com\/fr\/product\/mexican-blanket-ethnic-rug-rainbow-striped\/","title":{"rendered":"Couverture mexicaine, tapis ethnique ou Sarap\u00e9 - Rainbow"},"content":{"rendered":"<p><strong>COMPOSITION:<\/strong> Laine acrylique 100% Vegan<\/p>\n<p><strong>TAILLE<\/strong>2 x 1.30 metres<\/p>\n<p><strong>MADE IN:<\/strong> Tlaxcala, Mexico. Jetez un \u0153il \u00e0 l'atelier o\u00f9 nos plaids mexicains on \u00e9t\u00e9 tiss\u00e9s en <span style=\"color: #dcb86c;\"><a style=\"color: #dcb86c;\" href=\"https:\/\/www.pakal-shop.com\/fr\/qui-a-fabrique-ma-couverture-mexicaine\/\">Cliquant ici<\/a><\/span>!<\/p>\n<p><strong>CONSEILS D'ENTRETIEN:<\/strong> Toutes nos couvertures mexicaines sont lavables en machine. Nous conseillons un lavage \u00e0 l'eau froide.<\/p>","protected":false},"excerpt":{"rendered":"<p>Les Sarap\u00e9s sont d'authentiques couvertures mexicaines ethniques fabriqu\u00e9es \u00e0 la main \u00e0 l'aide d'un m\u00e9tier \u00e0 tisser. Cette technique traditionnelle est pratiqu\u00e9e dans tout le Mexique. Les motifs diff\u00e8rent et ont une signification unique pour chaque communaut\u00e9 ethnique.<\/p>\n<p>Nos plaids mexicains sont tiss\u00e9s en laine acrylique, ce qui les rend chauds et r\u00e9sistants dans le temps. Ils peuvent servir de tapis de plage ou de couverture ethnique pour vous r\u00e9chauffer et d\u00e9corer d\u2019une touche exotique votre canap\u00e9, votre lit ou votre van.<\/p>\n<p>Ce tapis ou plaid ethnique a \u00e9t\u00e9 tiss\u00e9 dans l'\u00c9tat de Tlaxcala, au centre du Mexique, par des artisans talentueux qui continuent \u00e0 transmettre leur savoir-faire de g\u00e9n\u00e9ration en g\u00e9n\u00e9ration.<\/p>\n<p>Vous pourrez connaitre les personnes qui ont fabriqu\u00e9 cette couverture mexicaine, leur histoire et leur tradition ancestrale en <a href=\"https:\/\/www.pakal-shop.com\/fr\/qui-a-fabrique-ma-couverture-mexicaine\/\"><span style=\"color: #dcb86c;\">Cliquant ici<\/span><\/a>.<\/p>","protected":false},"featured_media":0,"comment_status":"closed","ping_status":"closed","template":"","meta":[],"product_brand":[],"product_cat":[163],"product_tag":[167,164,114],"class_list":{"0":"post-3889","1":"product","2":"type-product","3":"status-publish","5":"product_cat-discontinued-products-test","6":"product_tag-ethnic-blanket","7":"product_tag-mexican-blanket","8":"product_tag-sarape","10":"first","11":"outofstock","12":"shipping-taxable","13":"purchasable","14":"product-type-simple","15":"thumb-no-effect","16":"prod-rating-off"},"_links":{"self":[{"href":"https:\/\/www.pakal-shop.com\/fr\/wp-json\/wp\/v2\/product\/3889","targetHints":{"allow":["GET"]}}],"collection":[{"href":"https:\/\/www.pakal-shop.com\/fr\/wp-json\/wp\/v2\/product"}],"about":[{"href":"https:\/\/www.pakal-shop.com\/fr\/wp-json\/wp\/v2\/types\/product"}],"replies":[{"embeddable":true,"href":"https:\/\/www.pakal-shop.com\/fr\/wp-json\/wp\/v2\/comments?post=3889"}],"wp:attachment":[{"href":"https:\/\/www.pakal-shop.com\/fr\/wp-json\/wp\/v2\/media?parent=3889"}],"wp:term":[{"taxonomy":"product_brand","embeddable":true,"href":"https:\/\/www.pakal-shop.com\/fr\/wp-json\/wp\/v2\/product_brand?post=3889"},{"taxonomy":"product_cat","embeddable":true,"href":"https:\/\/www.pakal-shop.com\/fr\/wp-json\/wp\/v2\/product_cat?post=3889"},{"taxonomy":"product_tag","embeddable":true,"href":"https:\/\/www.pakal-shop.com\/fr\/wp-json\/wp\/v2\/product_tag?post=3889"}],"curies":[{"name":"wp","href":"https:\/\/api.w.org\/{rel}","templated":true}]}}