{"id":4165,"date":"2022-07-25T17:57:05","date_gmt":"2022-07-25T15:57:05","guid":{"rendered":"https:\/\/www.pakal-shop.com\/?post_type=product&#038;p=4165"},"modified":"2025-08-12T15:49:45","modified_gmt":"2025-08-12T13:49:45","slug":"beach-hat-lifeguard-bad-fish","status":"publish","type":"product","link":"https:\/\/www.pakal-shop.com\/fr\/product\/beach-hat-lifeguard-bad-fish\/","title":{"rendered":"Chapeau en paille style californien - Bad Fish"},"content":{"rendered":"<p><strong>COMPOSITION:<\/strong> 100% paille naturelle<\/p>\n<p><strong>TAILLE:\u00a0<\/strong>Tous nos chapeaux de paille sont taille unique.<\/p>\n<p><strong>MADE IN:<\/strong> Jalisco, Mexique<\/p>\n<p><strong>CONSEILS D'ENTRETIEN:<\/strong> Utilisez un chiffon propre et humide pour essuyer toute salet\u00e9 de votre chapeau de paille.<\/p>","protected":false},"excerpt":{"rendered":"<p>Nos chapeaux de plage californiens sont fabriqu\u00e9s 100% en paille.<\/p>\n<p>Issu d\u2019un artisanat traditionnel de la c\u00f4te pacifique mexicaine, ce chapeau est commun\u00e9ment appel\u00e9 le chapeau de jardinage. Il est parfait pour couvrir la t\u00eate et les \u00e9paules sous un fort soleil d'\u00e9t\u00e9. Appr\u00e9ci\u00e9 par sa forme protectrice, il a \u00e9t\u00e9 adopt\u00e9 par les sauveteurs en Californie et il est aujourd'hui iconique du lifestyle californien.<\/p>\n<p>Nos chapeaux de paille sont orn\u00e9s d'un \u00e9cusson brod\u00e9 avec un motif de poisson dont le dessin a \u00e9t\u00e9 influenc\u00e9 par l'art maya.<\/p>\n<p>Il est muni d'un cordon r\u00e9glable afin de le garder en s\u00e9curit\u00e9 lors des vents violents.<\/p>\n<p>Une bande \u00e9lastique \u00e0 l'int\u00e9rieur permet de l'ajuster pour s\u2019adapter \u00e0 la plupart des personnes.<\/p>","protected":false},"featured_media":4171,"comment_status":"closed","ping_status":"closed","template":"","meta":[],"product_brand":[],"product_cat":[163],"product_tag":[],"class_list":{"0":"post-4165","1":"product","2":"type-product","3":"status-publish","4":"has-post-thumbnail","6":"product_cat-discontinued-products-test","8":"first","9":"outofstock","10":"shipping-taxable","11":"purchasable","12":"product-type-simple","13":"thumb-no-effect","14":"prod-rating-off"},"_links":{"self":[{"href":"https:\/\/www.pakal-shop.com\/fr\/wp-json\/wp\/v2\/product\/4165","targetHints":{"allow":["GET"]}}],"collection":[{"href":"https:\/\/www.pakal-shop.com\/fr\/wp-json\/wp\/v2\/product"}],"about":[{"href":"https:\/\/www.pakal-shop.com\/fr\/wp-json\/wp\/v2\/types\/product"}],"replies":[{"embeddable":true,"href":"https:\/\/www.pakal-shop.com\/fr\/wp-json\/wp\/v2\/comments?post=4165"}],"wp:featuredmedia":[{"embeddable":true,"href":"https:\/\/www.pakal-shop.com\/fr\/wp-json\/wp\/v2\/media\/4171"}],"wp:attachment":[{"href":"https:\/\/www.pakal-shop.com\/fr\/wp-json\/wp\/v2\/media?parent=4165"}],"wp:term":[{"taxonomy":"product_brand","embeddable":true,"href":"https:\/\/www.pakal-shop.com\/fr\/wp-json\/wp\/v2\/product_brand?post=4165"},{"taxonomy":"product_cat","embeddable":true,"href":"https:\/\/www.pakal-shop.com\/fr\/wp-json\/wp\/v2\/product_cat?post=4165"},{"taxonomy":"product_tag","embeddable":true,"href":"https:\/\/www.pakal-shop.com\/fr\/wp-json\/wp\/v2\/product_tag?post=4165"}],"curies":[{"name":"wp","href":"https:\/\/api.w.org\/{rel}","templated":true}]}}