{"id":4418,"date":"2023-02-06T11:29:40","date_gmt":"2023-02-06T10:29:40","guid":{"rendered":"https:\/\/www.pakal-shop.com\/?post_type=product&#038;p=4418"},"modified":"2025-10-02T14:13:48","modified_gmt":"2025-10-02T12:13:48","slug":"orange-towel-bucket-hat-with-blue-lining","status":"publish","type":"product","link":"https:\/\/www.pakal-shop.com\/fr\/product\/orange-towel-bucket-hat-with-blue-lining\/","title":{"rendered":"Bob en tissu \u00e9ponge corail et doublure tribale bleue"},"content":{"rendered":"<p><strong>COMPOSITION:<\/strong> Tissu \u00e9ponge coton \/ Polyester (doublure visi\u00e8re)<\/p>\n<p><strong>TAILLE: <\/strong>Nos bobs sont taille unique<\/p>\n<p><strong>MADE IN:<\/strong> M\u00e9rida, Yucatan, Mexique. Jetez un \u0153il \u00e0 l'atelier de confection de nos bobs en <a href=\"https:\/\/www.pakal-shop.com\/fr\/qui-a-fabrique-mon-poncho\/\"><span style=\"color: #dcb86c;\">Cliquant ici<\/span><\/a>!<\/p>\n<p><strong>CONSEILS D'ENTRETIEN:<\/strong> Tous nos bobs en serviette sont lavables en machine <strong>\u00e0 froid<\/strong>.<\/p>\n<p>&nbsp;<\/p>","protected":false},"excerpt":{"rendered":"<p>Profitez du soleil avec nos bobs en \u00e9ponge coton, ils sont aussi originaux qu'utiles pour les journ\u00e9es \u00e0 la plage!<\/p>\n<p>Fabriqu\u00e9 en serviette de coton orange vif, ce bob a \u00e9t\u00e9 fini avec notre signature ethnique : il combine un magnifique tissu mexicain bleu aux motifs tribaux sur la doublure de la visi\u00e8re.<\/p>\n<p>Vous pouvez utiliser ce bob funky apr\u00e8s votre session de surf ou une belle baignade dans l'oc\u00e9an, la serviette en coton s\u00e9chera vos cheveux naturellement ! De plus, sa forme baggy s'adaptera facilement \u00e0 votre t\u00eate et vous mettra \u00e0 l'aise sous le soleil.<\/p>\n<p>Nos chapeaux de plage sont unisexes et cool chez les femmes comme chez les hommes !<\/p>\n<p>Tous nos bobs en tissu \u00e9ponge sont fabriqu\u00e9s dans l'atelier familial traditionnel o\u00f9 nos <a href=\"https:\/\/www.pakal-shop.com\/fr\/ponchos-surf\/\"><span style=\"color: #dcb86c;\">Ponchos Surf<\/span><\/a> sont faits. Fiers de travailler avec cette \u00e9quipe fantastique, nous vous invitons \u00e0 jeter un coup d'\u0153il aux personnes qui ont donn\u00e9 vie \u00e0 ce superbe chapeau bob en <a href=\"https:\/\/www.pakal-shop.com\/fr\/qui-a-fabrique-mon-poncho\/\"><span style=\"color: #dcb86c;\">Cliquant ici<\/span><\/a>!<\/p>","protected":false},"featured_media":4453,"comment_status":"closed","ping_status":"closed","template":"","meta":[],"product_brand":[],"product_cat":[161],"product_tag":[],"class_list":{"0":"post-4418","1":"product","2":"type-product","3":"status-publish","4":"has-post-thumbnail","6":"product_cat-beach-hats","8":"first","9":"outofstock","10":"shipping-taxable","11":"purchasable","12":"product-type-simple","13":"thumb-no-effect","14":"prod-rating-off"},"_links":{"self":[{"href":"https:\/\/www.pakal-shop.com\/fr\/wp-json\/wp\/v2\/product\/4418","targetHints":{"allow":["GET"]}}],"collection":[{"href":"https:\/\/www.pakal-shop.com\/fr\/wp-json\/wp\/v2\/product"}],"about":[{"href":"https:\/\/www.pakal-shop.com\/fr\/wp-json\/wp\/v2\/types\/product"}],"replies":[{"embeddable":true,"href":"https:\/\/www.pakal-shop.com\/fr\/wp-json\/wp\/v2\/comments?post=4418"}],"wp:featuredmedia":[{"embeddable":true,"href":"https:\/\/www.pakal-shop.com\/fr\/wp-json\/wp\/v2\/media\/4453"}],"wp:attachment":[{"href":"https:\/\/www.pakal-shop.com\/fr\/wp-json\/wp\/v2\/media?parent=4418"}],"wp:term":[{"taxonomy":"product_brand","embeddable":true,"href":"https:\/\/www.pakal-shop.com\/fr\/wp-json\/wp\/v2\/product_brand?post=4418"},{"taxonomy":"product_cat","embeddable":true,"href":"https:\/\/www.pakal-shop.com\/fr\/wp-json\/wp\/v2\/product_cat?post=4418"},{"taxonomy":"product_tag","embeddable":true,"href":"https:\/\/www.pakal-shop.com\/fr\/wp-json\/wp\/v2\/product_tag?post=4418"}],"curies":[{"name":"wp","href":"https:\/\/api.w.org\/{rel}","templated":true}]}}