{"id":4444,"date":"2023-02-08T16:49:18","date_gmt":"2023-02-08T15:49:18","guid":{"rendered":"https:\/\/www.pakal-shop.com\/?post_type=product&#038;p=4444"},"modified":"2024-05-07T10:43:26","modified_gmt":"2024-05-07T08:43:26","slug":"beaded-sunglass-chain-multicolor-flower-pattern","status":"publish","type":"product","link":"https:\/\/www.pakal-shop.com\/fr\/product\/beaded-sunglass-chain-multicolor-flower-pattern\/","title":{"rendered":"Cha\u00eene de lunettes en perles avec motif \u00e0 fleurs multicolores"},"content":{"rendered":"<p><strong>COMPOSITION:<\/strong> Billes en verre<\/p>\n<p><strong>TAILLE: <\/strong>Nos cha\u00eene \u00e0 lunettes sont taille unique et mesurent environ 70 cm de long.<\/p>\n<p><strong>MADE IN:<\/strong> Nayarit, Mexique par le peuple Huichol.<\/p>\n<p><strong>CONSEILS D'ENTRETIEN:<\/strong> Utilisez un chiffon propre et humide pour essuyer toute salet\u00e9 de votre cha\u00eene \u00e0 lunettes.<\/p>\n<p>&nbsp;<\/p>","protected":false},"excerpt":{"rendered":"<p>Add an authentic pi\u00e8ce to your beach look with this ethnic eyeglass chain with a colorful flower pattern.<\/p>\n<p>Nos cha\u00eenes de lunettes de soleil sont faites de minuscules billes en verre, une technique artisanale traditionnelle du peuple Huichol. Les Huichols font partie des ethnies qui ont r\u00e9ussi \u00e0 rester \u00ab pures \u00bb depuis l'\u00e9poque de la conqu\u00eate espagnole. Ils sont renomm\u00e9s par leur travaille artistique et artisanal tr\u00e8s color\u00e9 dont les motifs conservent des si\u00e8cles de signification religieuse et culturelle.<\/p>\n<p>Outre leur objectif principal de maintenir vos lunettes de soleil ou lunettes de vue \u00e0 votre cou, nos cha\u00eenes \u00e0 lunettes sont un charmant accessoire pour votre look! Leur design atypique et color\u00e9 pourrait \u00eatre la pi\u00e8ce parfaite pour donner une touche remarquable \u00e0 votre tenue.<\/p>\n<p>Nos cha\u00eenes en perles de lunettes sont fabriqu\u00e9es par une famille de Huichols dans l'\u00e9tat de Nayarit. Nous sommes fiers de travailler directement avec l'un des membres de la famille pour s\u00e9lectionner les motifs et les couleurs afin de produire des pi\u00e8ces authentiques et originales pour notre collection.<\/p>\n<p>En achetant nos cha\u00eenes de lunettes de soleil faites \u00e0 la main, vous contribuez \u00e0 pr\u00e9server les traditions et le mode de vie Huichol.<\/p>\n<p>&nbsp;<\/p>\n<p>&nbsp;<\/p>","protected":false},"featured_media":4843,"comment_status":"closed","ping_status":"closed","template":"","meta":[],"product_brand":[],"product_cat":[162],"product_tag":[],"class_list":{"0":"post-4444","1":"product","2":"type-product","3":"status-publish","4":"has-post-thumbnail","6":"product_cat-sunglass-chain","8":"first","9":"instock","10":"shipping-taxable","11":"purchasable","12":"product-type-simple","13":"thumb-no-effect","14":"prod-rating-off"},"_links":{"self":[{"href":"https:\/\/www.pakal-shop.com\/fr\/wp-json\/wp\/v2\/product\/4444","targetHints":{"allow":["GET"]}}],"collection":[{"href":"https:\/\/www.pakal-shop.com\/fr\/wp-json\/wp\/v2\/product"}],"about":[{"href":"https:\/\/www.pakal-shop.com\/fr\/wp-json\/wp\/v2\/types\/product"}],"replies":[{"embeddable":true,"href":"https:\/\/www.pakal-shop.com\/fr\/wp-json\/wp\/v2\/comments?post=4444"}],"wp:featuredmedia":[{"embeddable":true,"href":"https:\/\/www.pakal-shop.com\/fr\/wp-json\/wp\/v2\/media\/4843"}],"wp:attachment":[{"href":"https:\/\/www.pakal-shop.com\/fr\/wp-json\/wp\/v2\/media?parent=4444"}],"wp:term":[{"taxonomy":"product_brand","embeddable":true,"href":"https:\/\/www.pakal-shop.com\/fr\/wp-json\/wp\/v2\/product_brand?post=4444"},{"taxonomy":"product_cat","embeddable":true,"href":"https:\/\/www.pakal-shop.com\/fr\/wp-json\/wp\/v2\/product_cat?post=4444"},{"taxonomy":"product_tag","embeddable":true,"href":"https:\/\/www.pakal-shop.com\/fr\/wp-json\/wp\/v2\/product_tag?post=4444"}],"curies":[{"name":"wp","href":"https:\/\/api.w.org\/{rel}","templated":true}]}}