{"id":4511,"date":"2023-02-16T15:57:01","date_gmt":"2023-02-16T14:57:01","guid":{"rendered":"https:\/\/www.pakal-shop.com\/?post_type=product&#038;p=4511"},"modified":"2025-12-20T11:44:06","modified_gmt":"2025-12-20T10:44:06","slug":"colourblock-towel-poncho-yellow-tribal","status":"publish","type":"product","link":"https:\/\/www.pakal-shop.com\/fr\/product\/colourblock-towel-poncho-yellow-tribal\/","title":{"rendered":"Poncho Eponge Color Block - Motif Tribal Jaune"},"content":{"rendered":"<p>\u00c9claboussez votre look de couleur avec nos Ponchos \u00c9ponge Color-block!<\/p>\n<p>Ce poncho de surf au design colorblock assemble 3 coloris diff\u00e9rents de serviette en coton: orange, bleu et jaune. Il a \u00e9t\u00e9 fini avec notre signature groovy, combinant un beau motif tribal jaune de notre s\u00e9lection de tissus mexicains traditionnels \u00e0 l'int\u00e9rieur de la capuche et sur des bandes appliqu\u00e9es sur les c\u00f4t\u00e9s.<\/p>\n<p>Ce poncho de plage poss\u00e8de 2 poches cach\u00e9es sur les c\u00f4t\u00e9s<\/p>\n<p>Con\u00e7u pour s'adapter aussi bien aux femmes qu'aux hommes, notre poncho surf aux couleurs exotiques vous tient au chaud apr\u00e8s votre session \u00e0 l'oc\u00e9an et vous prot\u00e8ge du vent et du froid lorsque vous enfilez et enlevez votre combinaison. Et justement, Pakal signifie \u00ab refuge \u00bb en langue Maya!<\/p>\n<p>Les qualit\u00e9s de ce poncho de plage ne s'arr\u00eatent pas l\u00e0\u2026. vous pouvez aussi le replier \u00e0 l'int\u00e9rieur de la capuche pour le porter comme un sac styl\u00e9, laissant vos mains libres pour transporter votre planche de surf\/bodyboard ou m\u00eame votre bien aim\u00e9(e) !<\/p>\n<p>Ce poncho serviette a \u00e9t\u00e9 produit par des artisans d'origine Maya dans un petit atelier familial du Yucatan, au Mexique. Fiers de travailler avec cette \u00e9quipe fantastique, nous vous invitons \u00e0 jeter un coup d'\u0153il aux personnes qui ont donn\u00e9 vie \u00e0 ce superbe poncho de plage en <a href=\"http:\/\/www.pakal-shop.com\/fr\/story\/\"><span style=\"color: #dcb86c;\">Cliquant ici<\/span><\/a>.<\/p>","protected":false},"excerpt":{"rendered":"<p><strong>COMPOSITION<\/strong>:<\/p>\n<p>Tissu Eponge Coton 360 g\/m2 - Id\u00e9al \u00e9t\u00e9 comme hiver<br \/>\nDoublure de la capuche et appliqu\u00e9s lat\u00e9rales: tissu mexicain acrylique<\/p>\n<p><strong>TAILLE: <\/strong>Our Color Block Towel Poncho is only available on our standard size: 78 x 105 cm. Designed to fit women and men alike!<\/p>\n<p><strong>CONFECTION:<\/strong>\u00a0Notre production est r\u00e9alis\u00e9e une fois par an par des artisans d'origine maya dans un petit atelier familial au Yucatan, au Mexique. Jetez un coup d'\u0153il aux personnes qui ont donn\u00e9 vie \u00e0 ces incroyables ponchos en <span style=\"color: #dcb86c;\"><a style=\"color: #dcb86c;\" href=\"https:\/\/www.pakal-shop.com\/fr\/qui-a-fabrique-mon-poncho\/\">Cliquant ici<\/a><\/span>!<\/p>\n<p><strong>PORTEZ VOTRE PONCHO EN MODE SAC:\u00a0<\/strong>Nos ponchos sont uniques pour de nombreuses raisons, mais l'une de nos caract\u00e9ristiques pr\u00e9f\u00e9r\u00e9es est notre syst\u00e8me original pour transformer le poncho en un petit sac styl\u00e9. Regardez la vid\u00e9o ci-dessous pour voir comment plier le poncho pour le transporter en mode sac. Ressentez la libert\u00e9 \u00e0 la plage avec notre poncho de plage versatile!<\/p>\n<div style=\"width: 100%; min-height: 1px;\" id=\"vimeo-wc-video-69e4ded977138\" data-js=\"vimeo-wc-video\" data-atts=\"{&quot;autopause&quot;:&quot;true&quot;,&quot;autoplay&quot;:false,&quot;background&quot;:false,&quot;byline&quot;:&quot;true&quot;,&quot;color&quot;:&quot;none&quot;,&quot;controls&quot;:&quot;true&quot;,&quot;dnt&quot;:&quot;true&quot;,&quot;height&quot;:&quot;none&quot;,&quot;id&quot;:false,&quot;loop&quot;:false,&quot;maxheight&quot;:&quot;none&quot;,&quot;maxwidth&quot;:&quot;none&quot;,&quot;muted&quot;:false,&quot;pip&quot;:false,&quot;playsinline&quot;:&quot;true&quot;,&quot;portrait&quot;:&quot;false&quot;,&quot;quality&quot;:&quot;auto&quot;,&quot;responsive&quot;:&quot;true&quot;,&quot;speed&quot;:false,&quot;texttrack&quot;:&quot;none&quot;,&quot;title&quot;:&quot;true&quot;,&quot;transparent&quot;:true,&quot;url&quot;:&quot;https:\\\/\\\/vimeo.com\\\/955821453&quot;,&quot;width&quot;:&quot;none&quot;}\"><\/div>\n<p>&nbsp;<\/p>\n<p><strong>CONSEILS D'ENTRETIEN:\u00a0<\/strong>Ce poncho \u00e9ponge est lavable en machine et s\u00e8che rapidement. Nous conseillons un lavage \u00e0 l'eau froide.<\/p>\n<p><strong>EMBALLAGE: <\/strong>Nos ponchos de surf sont soigneusement pli\u00e9s et emball\u00e9s dans du papier kraft \u00e0 l'int\u00e9rieur d'une bo\u00eete en carton. Nous sommes fiers d'avoir 100% de satisfaction sur nos livraisons en utilisant 0% de plastique !<\/p>\n<p>Le prix ne figure pas sur le produit. Nous pouvons facilement l'exp\u00e9dier directement au chanceux comme un cadeau original !<\/p>","protected":false},"featured_media":6725,"comment_status":"open","ping_status":"closed","template":"","meta":[],"product_brand":[],"product_cat":[98,112],"product_tag":[],"class_list":{"0":"post-4511","1":"product","2":"type-product","3":"status-publish","4":"has-post-thumbnail","6":"product_cat-women-men-surf-ponchos","7":"product_cat-surf-poncho","9":"first","10":"outofstock","11":"shipping-taxable","12":"purchasable","13":"product-type-simple","14":"thumb-no-effect","15":"prod-rating-off"},"_links":{"self":[{"href":"https:\/\/www.pakal-shop.com\/fr\/wp-json\/wp\/v2\/product\/4511","targetHints":{"allow":["GET"]}}],"collection":[{"href":"https:\/\/www.pakal-shop.com\/fr\/wp-json\/wp\/v2\/product"}],"about":[{"href":"https:\/\/www.pakal-shop.com\/fr\/wp-json\/wp\/v2\/types\/product"}],"replies":[{"embeddable":true,"href":"https:\/\/www.pakal-shop.com\/fr\/wp-json\/wp\/v2\/comments?post=4511"}],"wp:featuredmedia":[{"embeddable":true,"href":"https:\/\/www.pakal-shop.com\/fr\/wp-json\/wp\/v2\/media\/6725"}],"wp:attachment":[{"href":"https:\/\/www.pakal-shop.com\/fr\/wp-json\/wp\/v2\/media?parent=4511"}],"wp:term":[{"taxonomy":"product_brand","embeddable":true,"href":"https:\/\/www.pakal-shop.com\/fr\/wp-json\/wp\/v2\/product_brand?post=4511"},{"taxonomy":"product_cat","embeddable":true,"href":"https:\/\/www.pakal-shop.com\/fr\/wp-json\/wp\/v2\/product_cat?post=4511"},{"taxonomy":"product_tag","embeddable":true,"href":"https:\/\/www.pakal-shop.com\/fr\/wp-json\/wp\/v2\/product_tag?post=4511"}],"curies":[{"name":"wp","href":"https:\/\/api.w.org\/{rel}","templated":true}]}}