{"id":4906,"date":"2023-05-09T20:15:10","date_gmt":"2023-05-09T18:15:10","guid":{"rendered":"https:\/\/www.pakal-shop.com\/?post_type=product&#038;p=4906"},"modified":"2025-11-30T22:09:15","modified_gmt":"2025-11-30T21:09:15","slug":"after-surf-women-towel-short-seaglass","status":"publish","type":"product","link":"https:\/\/www.pakal-shop.com\/fr\/product\/after-surf-women-towel-short-seaglass\/","title":{"rendered":"Short \u00e9ponge coton femme After Surf - Vert d'Eau"},"content":{"rendered":"","protected":false},"excerpt":{"rendered":"<p>Restez confortable et groovy \u00e0 la plage avec notre short \u00e9ponge apr\u00e8s-surf color\u00e9 pour femmes.<\/p>\n<p><strong>DESIGN:<\/strong><\/p>\n<p>Un short ample avec un \u00e9lastique \u00e0 la taille et de petites ouvertures sur les c\u00f4t\u00e9s. Ce short est fabriqu\u00e9 en \u00e9ponge coton dans une belle couleur aquamarine, une pi\u00e8ce simple qui allie look et confort pour une journ\u00e9e d\u00e9tente \u00e0 la plage !<\/p>\n<p><strong>COMPOSITION<\/strong>:<\/p>\n<p>Nos shorts sont faits d'une \u00e9ponge en coton velout\u00e9 \u00e0 s\u00e9chage rapide de 360 \u200b\u200bg\/m2, parfait pour les journ\u00e9es d'\u00e9t\u00e9.<\/p>\n<p><strong>MADE IN:<\/strong> Ce short de plage a \u00e9t\u00e9 produite par des artisans d'origine Maya dans un petit atelier familial du Yucatan, au Mexique. Fiers de travailler avec cette \u00e9quipe fantastique, nous vous invitons \u00e0 jeter un coup d'\u0153il aux personnes qui ont donn\u00e9 vie \u00e0 ce superbe short apr\u00e8s-surf en <a href=\"http:\/\/www.pakal-shop.com\/fr\/story\/\"><span style=\"color: #dcb86c;\">Cliquant ici<\/span><\/a>.<\/p>\n<p><strong>CONSEILS D'ENTRETIEN:\u00a0<\/strong>Our cotton towel short is machine washable and fast drying. We recommend cold water washing.<\/p>","protected":false},"featured_media":4910,"comment_status":"closed","ping_status":"closed","template":"","meta":[],"product_brand":[],"product_cat":[169],"product_tag":[],"class_list":{"0":"post-4906","1":"product","2":"type-product","3":"status-publish","4":"has-post-thumbnail","6":"product_cat-women-towel-shorts","8":"first","9":"instock","10":"shipping-taxable","11":"purchasable","12":"product-type-variable","13":"thumb-no-effect","14":"prod-rating-off"},"_links":{"self":[{"href":"https:\/\/www.pakal-shop.com\/fr\/wp-json\/wp\/v2\/product\/4906","targetHints":{"allow":["GET"]}}],"collection":[{"href":"https:\/\/www.pakal-shop.com\/fr\/wp-json\/wp\/v2\/product"}],"about":[{"href":"https:\/\/www.pakal-shop.com\/fr\/wp-json\/wp\/v2\/types\/product"}],"replies":[{"embeddable":true,"href":"https:\/\/www.pakal-shop.com\/fr\/wp-json\/wp\/v2\/comments?post=4906"}],"wp:featuredmedia":[{"embeddable":true,"href":"https:\/\/www.pakal-shop.com\/fr\/wp-json\/wp\/v2\/media\/4910"}],"wp:attachment":[{"href":"https:\/\/www.pakal-shop.com\/fr\/wp-json\/wp\/v2\/media?parent=4906"}],"wp:term":[{"taxonomy":"product_brand","embeddable":true,"href":"https:\/\/www.pakal-shop.com\/fr\/wp-json\/wp\/v2\/product_brand?post=4906"},{"taxonomy":"product_cat","embeddable":true,"href":"https:\/\/www.pakal-shop.com\/fr\/wp-json\/wp\/v2\/product_cat?post=4906"},{"taxonomy":"product_tag","embeddable":true,"href":"https:\/\/www.pakal-shop.com\/fr\/wp-json\/wp\/v2\/product_tag?post=4906"}],"curies":[{"name":"wp","href":"https:\/\/api.w.org\/{rel}","templated":true}]}}