{"id":4977,"date":"2023-05-10T12:26:14","date_gmt":"2023-05-10T10:26:14","guid":{"rendered":"https:\/\/www.pakal-shop.com\/?post_type=product&#038;p=4977"},"modified":"2024-04-16T11:02:31","modified_gmt":"2024-04-16T09:02:31","slug":"green-towel-surf-poncho-purple-tribal","status":"publish","type":"product","link":"https:\/\/www.pakal-shop.com\/fr\/product\/green-towel-surf-poncho-purple-tribal\/","title":{"rendered":"Poncho Eponge Coton Vert Canard \/ Motif Tribal Violet"},"content":{"rendered":"<p><strong>COMPOSITION<\/strong>:<\/p>\n<p>Tissu Eponge Coton 360 g\/m2 - Id\u00e9al \u00e9t\u00e9 comme hiver<br \/>\nDoublure de la capuche et des poches : tissu mexicain acrylique<\/p>\n<p><strong>TAILLE:\u00a0<\/strong>Notre poncho de surf est disponible seulement en taille unique 78 x 105 cm. Con\u00e7u avec un syst\u00e8me r\u00e9glable pour adapter la longueur, il convient aux femmes et aux hommes de toutes tailles !<\/p>\n<p><strong>MADE IN:<\/strong> M\u00e9rida, Yucatan, Mexique. D\u00e9couvrez les personnes qui ont fabriqu\u00e9 nos ponchos surf en <a href=\"https:\/\/www.pakal-shop.com\/fr\/qui-a-fabrique-mon-poncho\/\"><span style=\"color: #dcb86c;\">Cliquant ici<\/span><\/a>!<\/p>\n<p><strong>CONSEILS D'ENTRETIEN:\u00a0<\/strong>Ce poncho \u00e9ponge est lavable en machine et s\u00e8che rapidement. Nous conseillons un lavage \u00e0 l'eau froide.<\/p>","protected":false},"excerpt":{"rendered":"<p>Notre poncho de surf Vert Canard est fabriqu\u00e9 en tissu \u00e9ponge coton doux et ultra-confort. D'une \u00e9l\u00e9gante couleur vert canard, il est assorti \u00e0 un tissu mexicain traditionnel violet aux motifs tribaux color\u00e9s \u00e0 l'int\u00e9rieur de la capuche et des poches. Un mix de couleurs et de mati\u00e8res pour un style ethnique unique et authentique!<\/p>\n<p>Notre poncho aux couleurs exotiques vous tient au chaud apr\u00e8s votre session \u00e0 l'oc\u00e9an et vous prot\u00e8ge du vent et du froid lorsque vous enfilez et enlevez votre combinaison.<br>\nEt justement, Pakal signifie \u00ab refuge \u00bb en langue Maya !<\/p>\n<p>Les qualit\u00e9s de ce poncho de plage ne s'arr\u00eatent pas l\u00e0\u2026. vous pouvez aussi le replier \u00e0 l'int\u00e9rieur de la capuche pour le porter comme un sac styl\u00e9, laissant vos mains libres pour transporter votre planche de surf\/bodyboard ou m\u00eame votre bien aim\u00e9(e) !<\/p>\n<p>Nos ponchos sont con\u00e7us pour s'adapter aussi bien aux femmes qu'aux hommes. Ils sont munis d\u2019un syst\u00e8me de cordes r\u00e9glables sur les c\u00f4t\u00e9s pour adapter la longueur.<\/p>\n<p>Ce poncho surf a \u00e9t\u00e9 produit par des artisans d'origine Maya dans un petit atelier familial du Yucatan, au Mexique. Fiers de travailler avec cette \u00e9quipe fantastique, nous vous invitons \u00e0 jeter un coup d'\u0153il aux personnes qui ont donn\u00e9 vie \u00e0 ce superbe poncho de plage en <a href=\"https:\/\/www.pakal-shop.com\/fr\/qui-a-fabrique-mon-poncho\/\"><span style=\"color: #dcb86c;\">Cliquant ici<\/span><\/a><\/p>","protected":false},"featured_media":4993,"comment_status":"closed","ping_status":"closed","template":"","meta":[],"product_brand":[],"product_cat":[163],"product_tag":[],"class_list":{"0":"post-4977","1":"product","2":"type-product","3":"status-publish","4":"has-post-thumbnail","6":"product_cat-discontinued-products-test","8":"first","9":"outofstock","10":"shipping-taxable","11":"purchasable","12":"product-type-simple","13":"thumb-no-effect","14":"prod-rating-off"},"_links":{"self":[{"href":"https:\/\/www.pakal-shop.com\/fr\/wp-json\/wp\/v2\/product\/4977","targetHints":{"allow":["GET"]}}],"collection":[{"href":"https:\/\/www.pakal-shop.com\/fr\/wp-json\/wp\/v2\/product"}],"about":[{"href":"https:\/\/www.pakal-shop.com\/fr\/wp-json\/wp\/v2\/types\/product"}],"replies":[{"embeddable":true,"href":"https:\/\/www.pakal-shop.com\/fr\/wp-json\/wp\/v2\/comments?post=4977"}],"wp:featuredmedia":[{"embeddable":true,"href":"https:\/\/www.pakal-shop.com\/fr\/wp-json\/wp\/v2\/media\/4993"}],"wp:attachment":[{"href":"https:\/\/www.pakal-shop.com\/fr\/wp-json\/wp\/v2\/media?parent=4977"}],"wp:term":[{"taxonomy":"product_brand","embeddable":true,"href":"https:\/\/www.pakal-shop.com\/fr\/wp-json\/wp\/v2\/product_brand?post=4977"},{"taxonomy":"product_cat","embeddable":true,"href":"https:\/\/www.pakal-shop.com\/fr\/wp-json\/wp\/v2\/product_cat?post=4977"},{"taxonomy":"product_tag","embeddable":true,"href":"https:\/\/www.pakal-shop.com\/fr\/wp-json\/wp\/v2\/product_tag?post=4977"}],"curies":[{"name":"wp","href":"https:\/\/api.w.org\/{rel}","templated":true}]}}