{"id":5018,"date":"2023-05-10T15:48:35","date_gmt":"2023-05-10T13:48:35","guid":{"rendered":"https:\/\/www.pakal-shop.com\/?post_type=product&#038;p=5018"},"modified":"2025-11-30T21:36:40","modified_gmt":"2025-11-30T20:36:40","slug":"blue-kids-surf-poncho-red-tribal-patterns","status":"publish","type":"product","link":"https:\/\/www.pakal-shop.com\/fr\/product\/blue-kids-surf-poncho-red-tribal-patterns\/","title":{"rendered":"Poncho de Surf Enfant \u00c9ponge Coton Bleu Oc\u00e9an \/ Motif Tribal Rouge"},"content":{"rendered":"<p>Rendez la vie encore plus douce \u00e0 la plage pour vos petits avec nos confortables Ponchos Surf Enfants !<\/p>\n<p>Notre poncho de surf enfant est fabriqu\u00e9 en tissu \u00e9ponge coton doux et ultra-confort. De couleur bleu navy, il est assorti \u00e0 un tissu mexicain traditionnel rouge aux motifs tribaux \u00e0 l'int\u00e9rieur de la capuche et des poches. Un mix de couleurs et de mati\u00e8res pour un style ethnique unique et authentique!<\/p>\n<p>Parfait pour les enfants de 4 \u00e0 10 ans, ce poncho de plage est muni d\u2019un syst\u00e8me r\u00e9glable qui vous permet de raccourcir la longueur pour l'adapter \u00e0 la taille de votre petit.<\/p>\n<p>Notre poncho surf pour enfants aidera votre petit \u00e0 changer de v\u00eatements ainsi qu'\u00e0 rester au sec et au chaud apr\u00e8s un plouf \u00e0 l'oc\u00e9an. Mais les qualit\u00e9s de ce poncho de bain ne s'arr\u00eatent pas l\u00e0\u2026 il est aussi astucieusement con\u00e7u pour \u00eatre repli\u00e9 \u00e0 l'int\u00e9rieur de la capuche pour \u00eatre transport\u00e9 comme un petit sac.<\/p>\n<p>Ce poncho \u00e9ponge a \u00e9t\u00e9 produit par des artisans d'origine Maya dans un petit atelier familial du Yucatan, au Mexique. Fiers de travailler avec cette \u00e9quipe fantastique, nous vous invitons \u00e0 jeter un coup d'\u0153il aux personnes qui ont donn\u00e9 vie \u00e0 ce superbe poncho de plage pour enfant en <span style=\"color: #dcb86c;\"><a style=\"color: #dcb86c;\" href=\"http:\/\/www.pakal-shop.com\/fr\/story\/\">Cliquant ici<\/a><\/span>.<\/p>","protected":false},"excerpt":{"rendered":"<p><strong>COMPOSITION<\/strong>:<\/p>\n<p>Tissu Eponge Coton 360 g\/m2 - Id\u00e9al \u00e9t\u00e9 comme hiver<br \/>\nDoublure de la capuche et des poches : tissu mexicain acrylique<\/p>\n<p><strong>TAILLE:\u00a0<\/strong>Nos ponchos de surf enfant sont disponibles en taille unique: 60 cm de large x 80 cm de long. Con\u00e7u avec un syst\u00e8me r\u00e9glable pour adapter la longueur pour les enfants entre 4 et 10 ans.<\/p>\n<p><strong>CONFECTION:<\/strong> Tous nos ponchos \u00e9ponge sont confectionn\u00e9s une fois par an par des artisans d'origine maya dans un petit atelier familial au Yucat\u00e1n, au Mexique. Jetez un coup d'\u0153il aux personnes qui ont donn\u00e9 vie \u00e0 ces incroyables ponchos en <span style=\"color: #dcb86c;\"><a style=\"color: #dcb86c;\" href=\"https:\/\/www.pakal-shop.com\/fr\/qui-a-fabrique-mon-poncho\/\">Cliquant ici<\/a><\/span>!<\/p>\n<p><strong>PORTEZ VOTRE PONCHO EN MODE SAC: <\/strong>Nos ponchos sont uniques pour de nombreuses raisons, mais l'une de nos caract\u00e9ristiques pr\u00e9f\u00e9r\u00e9es est notre syst\u00e8me original pour transformer le poncho en un petit sac styl\u00e9. Consultez l'onglet 'vid\u00e9o' ci-dessous pour voir comment plier le poncho pour le transporter en mode sac. Ressentez la libert\u00e9 \u00e0 la plage avec notre poncho de plage versatile!<\/p>\n<p><strong>CONSEILS D'ENTRETIEN:\u00a0<\/strong>Ce poncho \u00e9ponge est lavable en machine et s\u00e8che rapidement. Nous conseillons un lavage \u00e0 l'eau froide.<\/p>\n<p><strong>EMBALLAGE: <\/strong>Nos ponchos de surf sont soigneusement pli\u00e9s et emball\u00e9s dans du papier kraft \u00e0 l'int\u00e9rieur d'une bo\u00eete en carton. Nous sommes fiers d'avoir 100% de satisfaction sur nos livraisons en utilisant 0% de plastique !<\/p>\n<p>Le prix ne figure pas sur le produit. Nous pouvons facilement l'exp\u00e9dier directement au chanceux comme un cadeau original !<\/p>","protected":false},"featured_media":5021,"comment_status":"closed","ping_status":"closed","template":"","meta":[],"product_brand":[],"product_cat":[99,112],"product_tag":[105,104,107,106,108],"class_list":{"0":"post-5018","1":"product","2":"type-product","3":"status-publish","4":"has-post-thumbnail","6":"product_cat-toddler-kids-surf-ponchos","7":"product_cat-surf-poncho","8":"product_tag-children","9":"product_tag-kid","10":"product_tag-poncho","11":"product_tag-surf","12":"product_tag-towel","14":"first","15":"outofstock","16":"shipping-taxable","17":"purchasable","18":"product-type-simple","19":"thumb-no-effect","20":"prod-rating-off"},"_links":{"self":[{"href":"https:\/\/www.pakal-shop.com\/fr\/wp-json\/wp\/v2\/product\/5018","targetHints":{"allow":["GET"]}}],"collection":[{"href":"https:\/\/www.pakal-shop.com\/fr\/wp-json\/wp\/v2\/product"}],"about":[{"href":"https:\/\/www.pakal-shop.com\/fr\/wp-json\/wp\/v2\/types\/product"}],"replies":[{"embeddable":true,"href":"https:\/\/www.pakal-shop.com\/fr\/wp-json\/wp\/v2\/comments?post=5018"}],"wp:featuredmedia":[{"embeddable":true,"href":"https:\/\/www.pakal-shop.com\/fr\/wp-json\/wp\/v2\/media\/5021"}],"wp:attachment":[{"href":"https:\/\/www.pakal-shop.com\/fr\/wp-json\/wp\/v2\/media?parent=5018"}],"wp:term":[{"taxonomy":"product_brand","embeddable":true,"href":"https:\/\/www.pakal-shop.com\/fr\/wp-json\/wp\/v2\/product_brand?post=5018"},{"taxonomy":"product_cat","embeddable":true,"href":"https:\/\/www.pakal-shop.com\/fr\/wp-json\/wp\/v2\/product_cat?post=5018"},{"taxonomy":"product_tag","embeddable":true,"href":"https:\/\/www.pakal-shop.com\/fr\/wp-json\/wp\/v2\/product_tag?post=5018"}],"curies":[{"name":"wp","href":"https:\/\/api.w.org\/{rel}","templated":true}]}}