{"id":5419,"date":"2024-04-16T21:52:03","date_gmt":"2024-04-16T19:52:03","guid":{"rendered":"https:\/\/www.pakal-shop.com\/?post_type=product&#038;p=5419"},"modified":"2026-01-05T16:14:28","modified_gmt":"2026-01-05T15:14:28","slug":"shorty-bicolor-woman-beach-poncho-forest-green-burgundy","status":"publish","type":"product","link":"https:\/\/www.pakal-shop.com\/fr\/product\/shorty-bicolor-woman-beach-poncho-forest-green-burgundy\/","title":{"rendered":"Poncho de Plage Femme Bicolor Vert Canard et Bordeaux - Longueur Shorty - Tissu Tribal Violet"},"content":{"rendered":"<p>Nous vous pr\u00e9sentons notre derni\u00e8re cr\u00e9ation pour celles qui aiment avoir les pieds dans le sable et les cheveux pleins de sel : le Poncho de Plage Bicolore pour Femmes.<\/p>\n<p>Notre Poncho de Plage Bicolore pour Femmes apporte une touche d'\u00e9l\u00e9gance et de f\u00e9minit\u00e9, m\u00eal\u00e9e \u00e0 une pointe d'exotisme, \u00e0 votre style de plage. Confectionn\u00e9 en tissu \u00e9ponge en coton doux et absorbant, ce poncho de surf combine des tons de Vert For\u00eat et de Bordeaux pour un look chic qui s'adapte \u00e0 tous les environnements. Pour ajouter notre signature, nous avons doubl\u00e9 la capuche et la grande poche kangourou avec un authentique tissu mexicain dans les tons violets, orn\u00e9 d'un motif tribal color\u00e9, offrant un contraste saisissant qui \u00e9voque \u00e0 la fois l'originalit\u00e9 et l'authenticit\u00e9.<\/p>\n<p>Avec une coupe qui arrive au genou, ce poncho de plage exotique est id\u00e9al pour les femmes souhaitant rester au sec et \u00e0 l'aise lors des journ\u00e9es d'\u00e9t\u00e9. Que vous soyez en train de vous d\u00e9tendre sur le sable apr\u00e8s une session de surf ou que vous ayez besoin de vous couvrir pour enfiler votre maillot de bain, notre poncho est l\u00e0 pour vous offrir confort, style et praticit\u00e9. Fid\u00e8le \u00e0 son nom\u00a0<em>Pakal<\/em>qui signifie 'refuge' en langue maya\u2014ce poncho est votre abri personnel, alliant confort et fonctionnalit\u00e9 pour toutes vos aventures en bord de mer.<\/p>\n<p>Mais la polyvalence de ce poncho de plage ne s'arr\u00eate pas l\u00e0. Il peut \u00e9galement \u00eatre soigneusement repli\u00e9 dans la capuche pour se transformer en un sac color\u00e9, vous laissant les mains libres pour porter votre planche de surf, bodyboard ou tout ce dont vous avez besoin pour une journ\u00e9e \u00e0 l'oc\u00e9an.<\/p>\n<p>Fait main par des artisans d'origine maya dans un petit atelier familial du Yucat\u00e1n, au Mexique, chaque poncho est un t\u00e9moignage du savoir-faire traditionnel et de l'attention port\u00e9e aux d\u00e9tails. Nous sommes fiers de collaborer avec une \u00e9quipe aussi exceptionnelle, et nous vous invitons \u00e0 en savoir plus sur les personnes derri\u00e8re ces ponchos incroyables en <span style=\"color: #dcb86c;\"><a style=\"color: #dcb86c;\" href=\"https:\/\/www.pakal-shop.com\/fr\/qui-a-fabrique-mon-poncho\/\">Cliquant ici<\/a><\/span>.<\/p>\n<div class=\"la-wc-tabs-wrapper\">\n<div class=\"wc-tabs-outer\">\n<div class=\"woocommerce-tabs wc-tabs-wrapper\">\n<div id=\"tab-description\" class=\"clearfix woocommerce-Tabs-panel woocommerce-Tabs-panel--description panel entry-content wc-tab active\">\n<div class=\"tab-content\">\n<p>You get the idea \u2013 this beach poncho for women is a unique and useful piece for life by the sea, blending authenticity, craftsmanship, and style!<\/p>\n<\/div>\n<\/div>\n<\/div>\n<\/div>\n<\/div>","protected":false},"excerpt":{"rendered":"<p><strong>DESIGN<\/strong>:<\/p>\n<p>Notre Shorty Bicolor Beach Poncho est sp\u00e9cialement con\u00e7u pour les femmes \u00e0 la recherche d'un poncho de bain unique qui allie \u00e9l\u00e9gance et une touche de fun !<\/p>\n<p>Ce poncho de longueur genou pr\u00e9sente un design bicolore, m\u00e9langeant deux couleurs \u00e9l\u00e9gantes d'\u00e9ponge coton  : Vert For\u00eat et Bordeaux. L'int\u00e9rieur de la capuche et la poche kangourou sont doubl\u00e9s d'un authentique tissu mexicain avec un motif tribal violet, ajoutant une touche distinctive et groovy \u00e0 votre look de plage.<\/p>\n<p><strong>COMPOSITION<\/strong>:<\/p>\n<p>Tissu Eponge Coton 360 g\/m2 - Id\u00e9al \u00e9t\u00e9 comme hiver<br \/>\nDoublure de la capuche et poche: authentique tissu mexicain<\/p>\n<p><strong>TAILLE: <\/strong>Notre Poncho de Plage pour Femmes est disponible en une seule taille. Il mesure 78 cm de large et 95 cm de long, con\u00e7u pour s'adapter aux femmes mesurant entre 1,60 et 1,80 m, atteignant environ le niveau du genou.<\/p>\n<p><strong>CONFECTION:<\/strong>\u00a0Notre production est r\u00e9alis\u00e9e une fois par an par des artisans d'origine maya dans un petit atelier familial au Yucatan, au Mexique. Jetez un coup d'\u0153il aux personnes qui ont donn\u00e9 vie \u00e0 ces incroyables ponchos en <span style=\"color: #dcb86c;\"><a style=\"color: #dcb86c;\" href=\"https:\/\/www.pakal-shop.com\/fr\/qui-a-fabrique-mon-poncho\/\">Cliquant ici<\/a><\/span>!<\/p>\n<p><strong>PORTEZ VOTRE PONCHO EN MODE SAC:\u00a0<\/strong>Nos ponchos sont uniques pour de nombreuses raisons, mais l'une de nos caract\u00e9ristiques pr\u00e9f\u00e9r\u00e9es est notre syst\u00e8me original pour transformer le poncho en un petit sac styl\u00e9. Regardez la vid\u00e9o ci-dessous pour voir comment plier le poncho pour le transporter en mode sac. Ressentez la libert\u00e9 \u00e0 la plage avec notre poncho de plage versatile!<\/p>\n<div style=\"width: 100%; min-height: 1px;\" id=\"vimeo-wc-video-69d25db555476\" data-js=\"vimeo-wc-video\" data-atts=\"{&quot;autopause&quot;:&quot;true&quot;,&quot;autoplay&quot;:false,&quot;background&quot;:false,&quot;byline&quot;:&quot;true&quot;,&quot;color&quot;:&quot;none&quot;,&quot;controls&quot;:&quot;true&quot;,&quot;dnt&quot;:&quot;true&quot;,&quot;height&quot;:&quot;none&quot;,&quot;id&quot;:false,&quot;loop&quot;:false,&quot;maxheight&quot;:&quot;none&quot;,&quot;maxwidth&quot;:&quot;none&quot;,&quot;muted&quot;:false,&quot;pip&quot;:false,&quot;playsinline&quot;:&quot;true&quot;,&quot;portrait&quot;:&quot;false&quot;,&quot;quality&quot;:&quot;auto&quot;,&quot;responsive&quot;:&quot;true&quot;,&quot;speed&quot;:false,&quot;texttrack&quot;:&quot;none&quot;,&quot;title&quot;:&quot;true&quot;,&quot;transparent&quot;:true,&quot;url&quot;:&quot;https:\\\/\\\/vimeo.com\\\/955821453&quot;,&quot;width&quot;:&quot;none&quot;}\"><\/div>\n<p>&nbsp;<\/p>\n<p class=\"translation-block\"><strong>CONSEILS D'ENTRETIEN:\u00a0<\/strong>Notre poncho de plage en coton est lavable en machine et s\u00e8che rapidement. Nous recommandons un lavage \u00e0 l'eau froide.<\/p>\n<p><strong>EMBALLAGE: <\/strong>Nos ponchos de surf sont soigneusement pli\u00e9s et emball\u00e9s dans du papier kraft \u00e0 l'int\u00e9rieur d'une bo\u00eete en carton. Nous sommes fiers d'avoir 100% de satisfaction sur nos livraisons en utilisant 0% de plastique !<\/p>\n<p>Le prix ne figure pas sur le produit. Nous pouvons facilement l'exp\u00e9dier directement au chanceux comme un cadeau original !<\/p>","protected":false},"featured_media":6704,"comment_status":"open","ping_status":"closed","template":"","meta":[],"product_brand":[],"product_cat":[98,112],"product_tag":[],"class_list":{"0":"post-5419","1":"product","2":"type-product","3":"status-publish","4":"has-post-thumbnail","6":"product_cat-women-men-surf-ponchos","7":"product_cat-surf-poncho","9":"first","10":"outofstock","11":"shipping-taxable","12":"purchasable","13":"product-type-simple","14":"thumb-no-effect","15":"prod-rating-off"},"_links":{"self":[{"href":"https:\/\/www.pakal-shop.com\/fr\/wp-json\/wp\/v2\/product\/5419","targetHints":{"allow":["GET"]}}],"collection":[{"href":"https:\/\/www.pakal-shop.com\/fr\/wp-json\/wp\/v2\/product"}],"about":[{"href":"https:\/\/www.pakal-shop.com\/fr\/wp-json\/wp\/v2\/types\/product"}],"replies":[{"embeddable":true,"href":"https:\/\/www.pakal-shop.com\/fr\/wp-json\/wp\/v2\/comments?post=5419"}],"wp:featuredmedia":[{"embeddable":true,"href":"https:\/\/www.pakal-shop.com\/fr\/wp-json\/wp\/v2\/media\/6704"}],"wp:attachment":[{"href":"https:\/\/www.pakal-shop.com\/fr\/wp-json\/wp\/v2\/media?parent=5419"}],"wp:term":[{"taxonomy":"product_brand","embeddable":true,"href":"https:\/\/www.pakal-shop.com\/fr\/wp-json\/wp\/v2\/product_brand?post=5419"},{"taxonomy":"product_cat","embeddable":true,"href":"https:\/\/www.pakal-shop.com\/fr\/wp-json\/wp\/v2\/product_cat?post=5419"},{"taxonomy":"product_tag","embeddable":true,"href":"https:\/\/www.pakal-shop.com\/fr\/wp-json\/wp\/v2\/product_tag?post=5419"}],"curies":[{"name":"wp","href":"https:\/\/api.w.org\/{rel}","templated":true}]}}