{"id":6529,"date":"2025-04-08T14:37:31","date_gmt":"2025-04-08T12:37:31","guid":{"rendered":"https:\/\/www.pakal-shop.com\/?post_type=product&#038;p=6529"},"modified":"2025-11-30T20:59:58","modified_gmt":"2025-11-30T19:59:58","slug":"mango-lavanda-blue-bicolor-beach-poncho-sky-blue-rainbow","status":"publish","type":"product","link":"https:\/\/www.pakal-shop.com\/fr\/product\/mango-lavanda-blue-bicolor-beach-poncho-sky-blue-rainbow\/","title":{"rendered":"Poncho de Plage Bicolor Mango &amp; Bleu Lavande - Tissu Arc-en-ciel Bleu Turquoise"},"content":{"rendered":"<p>Nous vous pr\u00e9sentons notre tout dernier design pour les amoureux de l'oc\u00e9an : le Poncho de Plage Bicolore<\/p>\n<p>Our Bicolor Beach Poncho brings elegance and a funky touch to your beachwear. Crafted from soft, absorbent cotton towel material, this surf poncho combines Mango and Lavanda Blue tones for a sweet look that fits any setting. Adding our signature style, we\u2019ve lined the hood and spacious kangaroo pocket with a striking Mexican rainbow fabric in sky blue tones, offering an eye-catching contrast that radiates both fun and authenticity.<\/p>\n<p>Con\u00e7u avec soin pour s'adapter \u00e0 des morphologies vari\u00e9es, ce poncho de plage unisexe est taill\u00e9 pour offrir une coupe d\u00e9contract\u00e9e et confortable \u00e0 tous. Il convient aussi bien aux hommes qu'aux femmes, et nous le recommandons pour les personnes mesurant entre 1,60 et 1,95 m\u00e8tres (5'2\u2033 \u00e0 6'4\u2033), garantissant un style polyvalent et flatteur pour tous.<\/p>\n<p>Ce poncho original est con\u00e7u pour vous garder au chaud et \u00e0 l\u2019aise apr\u00e8s une session passionnante de votre sport aquatique pr\u00e9f\u00e9r\u00e9, et vous procurera un abri contre les vents et les brises froides lorsque vous enfilerez et retirerez votre combinaison. Fid\u00e8le \u00e0 son nom <em>Pakal<\/em>qui signifie 'refuge' en langue maya\u2014ce poncho est votre abri personnel, alliant confort et fonctionnalit\u00e9 pour toutes vos aventures en bord de mer.<\/p>\n<p>Mais la polyvalence de notre poncho de plage ne s'arr\u00eate pas l\u00e0. Il peut \u00e9galement \u00eatre soigneusement pli\u00e9 dans la capuche pour se transformer en un sac \u00e9l\u00e9gant, laissant ainsi vos mains libres pour transporter votre planche de surf, bodyboard, ou tout ce dont vous avez besoin pour une journ\u00e9e en bord de mer.<\/p>\n<p>Fabriqu\u00e9 \u00e0 la main par des artisans d'origine maya dans un petit atelier familial au Yucatan, Mexique, chaque poncho est un t\u00e9moignage du savoir-faire traditionnel et de l'attention port\u00e9e aux d\u00e9tails. Nous sommes fiers de travailler avec une \u00e9quipe aussi fantastique, et nous vous invitons \u00e0 en apprendre davantage sur les personnes derri\u00e8re ces incroyables ponchos en <a href=\"http:\/\/www.pakal-shop.com\/fr\/story\/\"><span style=\"color: #dcb86c;\">Cliquant ici<\/span><\/a>.<\/p>\n<p>Vous saisissez l'id\u00e9e : ce poncho de plage est une pi\u00e8ce unique et utile pour la vie en bord de mer, alliant authenticit\u00e9, artisanat et style !<\/p>","protected":false},"excerpt":{"rendered":"<p><strong>DESIGN<\/strong>: Le Poncho de Plage Bicolore est notre nouvel essentiel chic, alliant \u00e9l\u00e9gance et une touche d'exotisme pour vos journ\u00e9es en bord de mer !<\/p>\n<p>Notre Poncho de Plage Bicolore combine deux coloris d'\u00e9ponge : Mango et Bleu Ciel. Il pr\u00e9sente un authentique tissu mexicain avec un motif arc-en-ciel bleu turquoise \u00e0 l'int\u00e9rieur de la capuche et de la grande poche kangourou, ajoutant une touche unique et lumineuse \u00e0 votre look de plage.<\/p>\n<p><strong>COMPOSITION<\/strong>:<\/p>\n<p>Tissu eponge doux en coton 360 g\/m2 - Id\u00e9al \u00e9t\u00e9 comme hiver<br \/>\nDoublure de la capuche et poche: authentique tissu mexicain<\/p>\n<p><strong>TAILLE: <\/strong>Ce poncho de plage est disponible en taille unique - 78 cm de large x 110 cm de long (31\u2033 de large x 43\u2033). Con\u00e7u pour convenir \u00e0 la fois aux femmes et aux hommes de toutes tailles !\u00a0<strong><br \/>\n<\/strong><\/p>\n<p><strong>CONFECTION:<\/strong>\u00a0Notre production est r\u00e9alis\u00e9e une fois par an par des artisans d'origine maya dans un petit atelier familial au Yucatan, au Mexique. Jetez un coup d'\u0153il aux personnes qui ont donn\u00e9 vie \u00e0 ces incroyables ponchos en <span style=\"color: #dcb86c;\"><a style=\"color: #dcb86c;\" href=\"https:\/\/www.pakal-shop.com\/fr\/qui-a-fabrique-mon-poncho\/\">Cliquant ici<\/a><\/span>!<\/p>\n<p><strong>PORTEZ VOTRE PONCHO EN MODE SAC: <\/strong>Nos ponchos sont uniques pour de nombreuses raisons, mais l'une de nos caract\u00e9ristiques pr\u00e9f\u00e9r\u00e9es est notre syst\u00e8me original pour transformer le poncho en un petit sac styl\u00e9. Regardez la vid\u00e9o ci-dessous pour voir comment plier le poncho pour le transporter en mode sac. Ressentez la libert\u00e9 \u00e0 la plage avec notre poncho de plage versatile!<\/p>\n<div style=\"width: 100%; min-height: 1px;\" id=\"vimeo-wc-video-69e2c6f99e687\" data-js=\"vimeo-wc-video\" data-atts=\"{&quot;autopause&quot;:&quot;true&quot;,&quot;autoplay&quot;:false,&quot;background&quot;:false,&quot;byline&quot;:&quot;true&quot;,&quot;color&quot;:&quot;none&quot;,&quot;controls&quot;:&quot;true&quot;,&quot;dnt&quot;:&quot;true&quot;,&quot;height&quot;:&quot;none&quot;,&quot;id&quot;:false,&quot;loop&quot;:false,&quot;maxheight&quot;:&quot;none&quot;,&quot;maxwidth&quot;:&quot;none&quot;,&quot;muted&quot;:false,&quot;pip&quot;:false,&quot;playsinline&quot;:&quot;true&quot;,&quot;portrait&quot;:&quot;false&quot;,&quot;quality&quot;:&quot;auto&quot;,&quot;responsive&quot;:&quot;true&quot;,&quot;speed&quot;:false,&quot;texttrack&quot;:&quot;none&quot;,&quot;title&quot;:&quot;true&quot;,&quot;transparent&quot;:true,&quot;url&quot;:&quot;https:\\\/\\\/vimeo.com\\\/955821453&quot;,&quot;width&quot;:&quot;none&quot;}\"><\/div>\n<p>&nbsp;<\/p>\n<p class=\"translation-block\"><strong>CONSEILS D'ENTRETIEN:\u00a0<\/strong>Notre poncho de plage en coton est lavable en machine et s\u00e8che rapidement. Nous recommandons un lavage \u00e0 l'eau froide.<\/p>\n<p><strong>EMBALLAGE: <\/strong>Nos ponchos de surf sont soigneusement pli\u00e9s et emball\u00e9s dans du papier kraft \u00e0 l'int\u00e9rieur d'une bo\u00eete en carton. Nous sommes fiers d'avoir 100% de satisfaction sur nos livraisons en utilisant 0% de plastique !<\/p>\n<p>Le prix ne figure pas sur le produit. Nous pouvons facilement l'exp\u00e9dier directement au chanceux comme un cadeau original !<\/p>","protected":false},"featured_media":6530,"comment_status":"open","ping_status":"closed","template":"","meta":[],"product_brand":[],"product_cat":[98,112],"product_tag":[],"class_list":{"0":"post-6529","1":"product","2":"type-product","3":"status-publish","4":"has-post-thumbnail","6":"product_cat-women-men-surf-ponchos","7":"product_cat-surf-poncho","9":"first","10":"outofstock","11":"shipping-taxable","12":"purchasable","13":"product-type-simple","14":"thumb-no-effect","15":"prod-rating-off"},"_links":{"self":[{"href":"https:\/\/www.pakal-shop.com\/fr\/wp-json\/wp\/v2\/product\/6529","targetHints":{"allow":["GET"]}}],"collection":[{"href":"https:\/\/www.pakal-shop.com\/fr\/wp-json\/wp\/v2\/product"}],"about":[{"href":"https:\/\/www.pakal-shop.com\/fr\/wp-json\/wp\/v2\/types\/product"}],"replies":[{"embeddable":true,"href":"https:\/\/www.pakal-shop.com\/fr\/wp-json\/wp\/v2\/comments?post=6529"}],"wp:featuredmedia":[{"embeddable":true,"href":"https:\/\/www.pakal-shop.com\/fr\/wp-json\/wp\/v2\/media\/6530"}],"wp:attachment":[{"href":"https:\/\/www.pakal-shop.com\/fr\/wp-json\/wp\/v2\/media?parent=6529"}],"wp:term":[{"taxonomy":"product_brand","embeddable":true,"href":"https:\/\/www.pakal-shop.com\/fr\/wp-json\/wp\/v2\/product_brand?post=6529"},{"taxonomy":"product_cat","embeddable":true,"href":"https:\/\/www.pakal-shop.com\/fr\/wp-json\/wp\/v2\/product_cat?post=6529"},{"taxonomy":"product_tag","embeddable":true,"href":"https:\/\/www.pakal-shop.com\/fr\/wp-json\/wp\/v2\/product_tag?post=6529"}],"curies":[{"name":"wp","href":"https:\/\/api.w.org\/{rel}","templated":true}]}}