{"id":6569,"date":"2025-04-08T15:26:34","date_gmt":"2025-04-08T13:26:34","guid":{"rendered":"https:\/\/www.pakal-shop.com\/?post_type=product&#038;p=6569"},"modified":"2025-12-11T15:59:46","modified_gmt":"2025-12-11T14:59:46","slug":"colorblock-toddler-surf-poncho-hooded-towel-fuchsia-tribal-pattern","status":"publish","type":"product","link":"https:\/\/www.pakal-shop.com\/fr\/product\/colorblock-toddler-surf-poncho-hooded-towel-fuchsia-tribal-pattern\/","title":{"rendered":"Colorblock Toddler Surf Poncho Hooded Towel &#8211; Fuchsia Tribal Pattern"},"content":{"rendered":"<p><strong>COMPOSITION<\/strong>:<\/p>\n<p>Tissu Eponge Coton 360 g\/m2 - Id\u00e9al \u00e9t\u00e9 comme hiver<br \/>\nHoody &amp; kangaroo lining: Mexican acrylic woven fabric<\/p>\n<p><strong>TAILLE:\u00a0<\/strong>Our toddler surf poncho is available in one size only: 45 cm wide x 60 cm long. Designed with an adjustable system to accommodate the length to fit toddlers and young kids aged 2 to 4 years old.<\/p>\n<p><strong>MADE IN:<\/strong> M\u00e9rida, Yucatan, Mexique. D\u00e9couvrez les personnes qui ont fabriqu\u00e9 ce poncho surf pour b\u00e9b\u00e9 en <span style=\"color: #dcb86c;\"><a style=\"color: #dcb86c;\" href=\"https:\/\/www.pakal-shop.com\/fr\/qui-a-fabrique-mon-poncho\/\">Cliquant ici<\/a><\/span>!<\/p>\n<p><strong>CONSEILS D'ENTRETIEN:\u00a0<\/strong>Ce poncho \u00e9ponge est lavable en machine et s\u00e8che rapidement. Nous conseillons un lavage \u00e0 l'eau froide.<\/p>","protected":false},"excerpt":{"rendered":"<p>You can now dry and cover your little one after a swim or bath with our colourful colorblock baby Surf Ponchos!<\/p>\n<p>This toddler surf poncho is made with soft cotton towel in 3 different colorways: Mango, Lavanda blue and Orange.The interior of the hood and kangaroo pocket is adorned with an authentic Mexican fabric with a vibrant tribal pattern in fuchsia tones, adding a unique and groovy touch to your toddler&#8217;s beach look.<\/p>\n<p>Perfect for toddlers and young kids aged from 2 to 4 years old. Our toddler surf poncho comes with an adjustable system that allows you to shorten the length to fit your little one&#8217;s height.<\/p>\n<p>Nos ponchos \u00e9ponge pour enfant sont uniques et fabriqu\u00e9s par des artisans d'origine Maya dans un petit atelier familial du Yucatan, au Mexique.<\/p>\n<p>Ce poncho \u00e9ponge pour b\u00e9b\u00e9 a \u00e9t\u00e9 produit par des artisans d'origine Maya dans un petit atelier familial du Yucatan, au Mexique. Fiers de travailler avec cette \u00e9quipe fantastique, nous vous invitons \u00e0 jeter un coup d'\u0153il aux personnes qui ont donn\u00e9 vie \u00e0 ce superbe poncho de plage en <a href=\"https:\/\/www.pakal-shop.com\/fr\/qui-a-fabrique-mon-poncho\/\"><span style=\"color: #dcb86c;\">Cliquant ici<\/span><\/a>.<\/p>","protected":false},"featured_media":6571,"comment_status":"closed","ping_status":"closed","template":"","meta":[],"product_brand":[],"product_cat":[112],"product_tag":[],"class_list":{"0":"post-6569","1":"product","2":"type-product","3":"status-publish","4":"has-post-thumbnail","6":"product_cat-surf-poncho","8":"first","9":"outofstock","10":"shipping-taxable","11":"purchasable","12":"product-type-simple","13":"thumb-no-effect","14":"prod-rating-off"},"_links":{"self":[{"href":"https:\/\/www.pakal-shop.com\/fr\/wp-json\/wp\/v2\/product\/6569","targetHints":{"allow":["GET"]}}],"collection":[{"href":"https:\/\/www.pakal-shop.com\/fr\/wp-json\/wp\/v2\/product"}],"about":[{"href":"https:\/\/www.pakal-shop.com\/fr\/wp-json\/wp\/v2\/types\/product"}],"replies":[{"embeddable":true,"href":"https:\/\/www.pakal-shop.com\/fr\/wp-json\/wp\/v2\/comments?post=6569"}],"wp:featuredmedia":[{"embeddable":true,"href":"https:\/\/www.pakal-shop.com\/fr\/wp-json\/wp\/v2\/media\/6571"}],"wp:attachment":[{"href":"https:\/\/www.pakal-shop.com\/fr\/wp-json\/wp\/v2\/media?parent=6569"}],"wp:term":[{"taxonomy":"product_brand","embeddable":true,"href":"https:\/\/www.pakal-shop.com\/fr\/wp-json\/wp\/v2\/product_brand?post=6569"},{"taxonomy":"product_cat","embeddable":true,"href":"https:\/\/www.pakal-shop.com\/fr\/wp-json\/wp\/v2\/product_cat?post=6569"},{"taxonomy":"product_tag","embeddable":true,"href":"https:\/\/www.pakal-shop.com\/fr\/wp-json\/wp\/v2\/product_tag?post=6569"}],"curies":[{"name":"wp","href":"https:\/\/api.w.org\/{rel}","templated":true}]}}