{"id":6803,"date":"2025-05-12T15:21:54","date_gmt":"2025-05-12T13:21:54","guid":{"rendered":"https:\/\/www.pakal-shop.com\/?post_type=product&#038;p=6803"},"modified":"2026-04-07T14:23:21","modified_gmt":"2026-04-07T12:23:21","slug":"mint-green-mayan-hammock","status":"publish","type":"product","link":"https:\/\/www.pakal-shop.com\/fr\/product\/mint-green-mayan-hammock\/","title":{"rendered":"Hamac Maya Vert Menthe - Tiss\u00e9 dans le Yucatan"},"content":{"rendered":"<p class=\"\" data-start=\"735\" data-end=\"983\">L\u00e9ger, respirant et facile \u00e0 ranger, ce hamac fait main offre un <strong data-start=\"812\" data-end=\"869\">\u00e9quilibre parfait entre style, savoir-faire artisanal et fonctionnalit\u00e9<\/strong>. Que vous profitiez du soleil ou fassiez une sieste \u00e0 l\u2019ombre, il est con\u00e7u pour vous offrir des ann\u00e9es de confort.<\/p>\n<p class=\"\" data-start=\"985\" data-end=\"1164\">\u2714\ufe0f Tiss\u00e9 \u00e0 la main par des artisans mayas au Mexique<br data-start=\"1025\" data-end=\"1028\" \/>\u2714\ufe0f Fils en nylon solides et r\u00e9sistants aux intemp\u00e9ries<br data-start=\"1073\" data-end=\"1076\" \/>\u2714\ufe0f Id\u00e9al pour l\u2019int\u00e9rieur et l\u2019ext\u00e9rieur<br data-start=\"1112\" data-end=\"1115\" \/>\u2714\ufe0f Fabriqu\u00e9 de mani\u00e8re \u00e9thique selon un savoir-faire traditionnel<\/p>\n<p class=\"\" data-start=\"1380\" data-end=\"1523\"><strong data-start=\"1380\" data-end=\"1399\">D\u00e9tails du produit<\/strong><br data-start=\"1399\" data-end=\"1402\" \/>\u2022 Composition: 100% Nylon<br data-start=\"1427\" data-end=\"1430\" \/>\u2022 Longueur : 4 m\u00e8tres<br data-start=\"1448\" data-end=\"1451\" \/>\u2022 Capacit\u00e9 : 2 personnes max<br data-start=\"1475\" data-end=\"1478\" \/>\u2022 Inclus : Cordes de suspension + sac en coton<\/p>\n<p class=\"\" data-start=\"1525\" data-end=\"1784\"><strong data-start=\"1525\" data-end=\"1546\">Conseils d\u2019entretien<\/strong><br data-start=\"1546\" data-end=\"1549\" \/>Avec un bon entretien, votre hamac fait main durera de nombreuses ann\u00e9es. \u00c9vitez de le laisser \u00e0 l\u2019ext\u00e9rieur pendant plusieurs jours de pluie cons\u00e9cutifs. En cas d\u2019hiver froid et humide, nous recommandons de le plier et de le stocker \u00e0 l\u2019int\u00e9rieur jusqu\u2019au retour des beaux jours.<\/p>","protected":false},"excerpt":{"rendered":"<p class=\"\" data-start=\"303\" data-end=\"680\">Apportez du soleil dans votre int\u00e9rieur avec ce <strong data-start=\"344\" data-end=\"384\">Hamac Maya Vert Menthe<\/strong>, <strong data-start=\"386\" data-end=\"416\">tiss\u00e9 \u00e0 la main pendant 2 \u00e0 3 jours<\/strong> dans la p\u00e9ninsule du Yucat\u00e1n par des <strong data-start=\"453\" data-end=\"471\">artisans mayas exp\u00e9riment\u00e9s<\/strong>. Fabriqu\u00e9 \u00e0 partir de <strong data-start=\"486\" data-end=\"518\">fils 100 % nylon r\u00e9sistants<\/strong>, ce hamac traditionnel est con\u00e7u pour durer, <strong data-start=\"564\" data-end=\"572\">r\u00e9sister \u00e0 la chaleur<\/strong>et aux <strong data-start=\"578\" data-end=\"600\">variations climatiques<\/strong>, le compagnon id\u00e9al pour se <strong data-start=\"638\" data-end=\"658\">d\u00e9tendre en ext\u00e9rieur<\/strong> comme en int\u00e9rieur.<\/p>\n<p class=\"\" data-start=\"682\" data-end=\"971\">Gr\u00e2ce \u00e0 sa technique de tissage ouverte unique, ce hamac confortable offre une excellente <strong data-start=\"767\" data-end=\"784\">respirabilit\u00e9<\/strong>, vous gardant au frais m\u00eame pendant les journ\u00e9es les plus chaudes. Au Yucat\u00e1n, o\u00f9 les temp\u00e9ratures d\u00e9passent souvent les 40 \u00b0C, cette m\u00e9thode de tissage ancestrale garantit une a\u00e9ration maximale \u2014 parfaite pour une longue sieste rafra\u00eechissante.<\/p>\n<p class=\"\" data-start=\"973\" data-end=\"1136\">Que vous <strong data-start=\"988\" data-end=\"1025\">profitiez du soleil dans votre jardin<\/strong> ou que vous vous <strong data-start=\"1029\" data-end=\"1048\">reposiez \u00e0 l\u2019int\u00e9rieur<\/strong>, ce hamac apporte une touche naturelle et une note vibrante de culture mexicaine \u00e0 n\u2019importe quel espace.<\/p>\n<p class=\"\" data-start=\"1138\" data-end=\"1261\">Il est pr\u00eat \u00e0 suspendre gr\u00e2ce \u00e0 ses cordes sp\u00e9ciales et se range facilement dans un petit sac \u2014<strong data-start=\"1219\" data-end=\"1260\">id\u00e9al pour voyager, le stocker ou l\u2019offrir.<\/strong>.<\/p>\n<p>Vous pourrez savoir qui a fabriqu\u00e9 votre hamac et conna\u00eetre cette tradition ancestrale de la communaut\u00e9 maya en <a href=\"https:\/\/www.pakal-shop.com\/fr\/qui-a-fabrique-mon-hamac\/\"><span style=\"color: #dcb86c;\">Cliquant ici<\/span><\/a>.<\/p>","protected":false},"featured_media":6806,"comment_status":"closed","ping_status":"closed","template":"","meta":[],"product_brand":[],"product_cat":[102],"product_tag":[],"class_list":{"0":"post-6803","1":"product","2":"type-product","3":"status-publish","4":"has-post-thumbnail","6":"product_cat-hammocks","8":"first","9":"instock","10":"shipping-taxable","11":"purchasable","12":"product-type-simple","13":"thumb-no-effect","14":"prod-rating-off"},"_links":{"self":[{"href":"https:\/\/www.pakal-shop.com\/fr\/wp-json\/wp\/v2\/product\/6803","targetHints":{"allow":["GET"]}}],"collection":[{"href":"https:\/\/www.pakal-shop.com\/fr\/wp-json\/wp\/v2\/product"}],"about":[{"href":"https:\/\/www.pakal-shop.com\/fr\/wp-json\/wp\/v2\/types\/product"}],"replies":[{"embeddable":true,"href":"https:\/\/www.pakal-shop.com\/fr\/wp-json\/wp\/v2\/comments?post=6803"}],"wp:featuredmedia":[{"embeddable":true,"href":"https:\/\/www.pakal-shop.com\/fr\/wp-json\/wp\/v2\/media\/6806"}],"wp:attachment":[{"href":"https:\/\/www.pakal-shop.com\/fr\/wp-json\/wp\/v2\/media?parent=6803"}],"wp:term":[{"taxonomy":"product_brand","embeddable":true,"href":"https:\/\/www.pakal-shop.com\/fr\/wp-json\/wp\/v2\/product_brand?post=6803"},{"taxonomy":"product_cat","embeddable":true,"href":"https:\/\/www.pakal-shop.com\/fr\/wp-json\/wp\/v2\/product_cat?post=6803"},{"taxonomy":"product_tag","embeddable":true,"href":"https:\/\/www.pakal-shop.com\/fr\/wp-json\/wp\/v2\/product_tag?post=6803"}],"curies":[{"name":"wp","href":"https:\/\/api.w.org\/{rel}","templated":true}]}}