{"id":6821,"date":"2025-05-12T15:56:53","date_gmt":"2025-05-12T13:56:53","guid":{"rendered":"https:\/\/www.pakal-shop.com\/?post_type=product&#038;p=6821"},"modified":"2025-11-30T21:43:35","modified_gmt":"2025-11-30T20:43:35","slug":"blue-mayan-handmade-hammock","status":"publish","type":"product","link":"https:\/\/www.pakal-shop.com\/fr\/product\/blue-mayan-handmade-hammock\/","title":{"rendered":"Hamac Maya Bleu Oc\u00e9an - Tiss\u00e9 dans le Yucatan"},"content":{"rendered":"","protected":false},"excerpt":{"rendered":"<p>Ce hamac confortable, d\u2019un bleu oc\u00e9an profond, a \u00e9t\u00e9 tiss\u00e9 \u00e0 la main pendant 2 \u00e0 3 jours dans la p\u00e9ninsule du Yucat\u00e1n.<\/p>\n<p>Fabriqu\u00e9 avec des fils en nylon, un choix resistant aux intemp\u00e9ries et au soleil, cet authenthique hamac maya d\u00e9corera avec \u00e9l\u00e9gance votre espace pendant vos moments de d\u00e9tente.<\/p>\n<p>Gr\u00e2ce \u00e0 son tissage, ce hamac est frais et id\u00e9al pour une sieste pendant les jours d'\u00e9t\u00e9. Dans le Yucatan, la temp\u00e9rature est souvent sup\u00e9rieure \u00e0 40 \u00b0 C. La technique de fabrication est con\u00e7ue pour apporter de la fra\u00eecheur \u00e0 travers les mailles afin d'assurer un maximum de confort.<\/p>\n<p>Long de 4 m\u00e8tres, ce hamac est id\u00e9al pour une personne mais peut occasionnellement servir \u00e0 deux personnes.<\/p>\n<p>Nos hamacs sont vendus avec des cordes sp\u00e9ciales pour les suspendre et sont facilement transportables gr\u00e2ce \u00e0 leur petit sac.<\/p>\n<p>Vous pourrez savoir qui a fabriqu\u00e9 votre hamac et conna\u00eetre cette tradition ancestrale de la communaut\u00e9 maya en <a href=\"https:\/\/www.pakal-shop.com\/fr\/qui-a-fabrique-mon-hamac\/\"><span style=\"color: #dcb86c;\">Cliquant ici<\/span><\/a>.<\/p>\n<p><strong>COMPOSITION:\u00a0<\/strong>100% NYLON<\/p>\n<p><strong>DIMENSION:<\/strong>\u00a04 M DE LONG<\/p>\n<p><strong>CAPACIT\u00c9:\u00a0<\/strong>MAX 2 PERSONNES<\/p>\n<p><strong>FAIT MAIN DANS LE YUCATAN<\/strong><\/p>","protected":false},"featured_media":6826,"comment_status":"closed","ping_status":"closed","template":"","meta":[],"product_brand":[],"product_cat":[102],"product_tag":[],"class_list":{"0":"post-6821","1":"product","2":"type-product","3":"status-publish","4":"has-post-thumbnail","6":"product_cat-hammocks","8":"first","9":"outofstock","10":"shipping-taxable","11":"purchasable","12":"product-type-simple","13":"thumb-no-effect","14":"prod-rating-off"},"_links":{"self":[{"href":"https:\/\/www.pakal-shop.com\/fr\/wp-json\/wp\/v2\/product\/6821","targetHints":{"allow":["GET"]}}],"collection":[{"href":"https:\/\/www.pakal-shop.com\/fr\/wp-json\/wp\/v2\/product"}],"about":[{"href":"https:\/\/www.pakal-shop.com\/fr\/wp-json\/wp\/v2\/types\/product"}],"replies":[{"embeddable":true,"href":"https:\/\/www.pakal-shop.com\/fr\/wp-json\/wp\/v2\/comments?post=6821"}],"wp:featuredmedia":[{"embeddable":true,"href":"https:\/\/www.pakal-shop.com\/fr\/wp-json\/wp\/v2\/media\/6826"}],"wp:attachment":[{"href":"https:\/\/www.pakal-shop.com\/fr\/wp-json\/wp\/v2\/media?parent=6821"}],"wp:term":[{"taxonomy":"product_brand","embeddable":true,"href":"https:\/\/www.pakal-shop.com\/fr\/wp-json\/wp\/v2\/product_brand?post=6821"},{"taxonomy":"product_cat","embeddable":true,"href":"https:\/\/www.pakal-shop.com\/fr\/wp-json\/wp\/v2\/product_cat?post=6821"},{"taxonomy":"product_tag","embeddable":true,"href":"https:\/\/www.pakal-shop.com\/fr\/wp-json\/wp\/v2\/product_tag?post=6821"}],"curies":[{"name":"wp","href":"https:\/\/api.w.org\/{rel}","templated":true}]}}